{"id":312058,"date":"2026-01-16T07:54:50","date_gmt":"2026-01-16T04:54:50","guid":{"rendered":"https:\/\/baldumarket.lt\/product\/mebloscianka-rumba-old-style\/"},"modified":"2026-03-23T13:00:26","modified_gmt":"2026-03-23T10:00:26","slug":"mebloscianka-rumba-old-style","status":"publish","type":"product","link":"https:\/\/baldumarket.lt\/lt\/product\/mebloscianka-rumba-old-style\/","title":{"rendered":"Rumba sienin\u0117 spintel\u0117 \u2013 senovinio stiliaus"},"content":{"rendered":"<h5><span style=\"color: #54859b\">Apsilankykite m\u016bs\u0173 virtualioje Stolarz-Lempert prek\u0117s \u017eenklo parduotuv\u0117je<\/span><\/h5>\n<p> <a href=\"http:\/\/spacer.lempert.pl\/\" target=\"_blank\" rel=\"noopener\"><span style=\"color: #e47025\">http:\/\/spacer.lempert.pl\/<\/span><\/a><\/p>\n<p>\u201eRumba\u201c sienin\u0117 spintel\u0117 \u2013 tai modernus ir lengvas svetain\u0117s bald\u0173 komplektas, kurio kompakti\u0161kas dydis leid\u017eia bet kuriame kambaryje palaikyti tvark\u0105 ir tvark\u0105.<br \/>\nSienin\u0117 spintel\u0117 gali b\u016bti su OLD STYLE laminato priekiu ir MATERA laminato korpusu.<br \/>\nJ\u012f sudaro didel\u0117 vitrina, ma\u017ea vitrina, televizoriaus staliukas ir lentyna.<br \/>\nKomplekt\u0105 sudaro trys komodos \u2013 paie\u0161kos juostoje \u012fveskite \u017eod\u012f \u201eRumba\u201c.<br \/>\nLED ap\u0161vietimas \u2013 6 ta\u0161kai, galima \u012fsigyti kaip papildom\u0105 parinkt\u012f.<\/p>","protected":false},"excerpt":{"rendered":"<p>Plotis [cm]: 270<br \/>\nAuk\u0161tis [cm]: 190<br \/>\ngylis [cm]: 40<\/p>","protected":false},"featured_media":312059,"comment_status":"open","ping_status":"open","template":"","meta":[],"product_brand":[],"product_cat":[9234,2008],"product_tag":[],"class_list":{"0":"post-312058","1":"product","2":"type-product","3":"status-publish","4":"has-post-thumbnail","6":"product_cat-stolarz-lempert","7":"product_cat-wall-units","9":"first","10":"instock","11":"purchasable","12":"product-type-simple"},"_links":{"self":[{"href":"https:\/\/baldumarket.lt\/lt\/wp-json\/wp\/v2\/product\/312058","targetHints":{"allow":["GET"]}}],"collection":[{"href":"https:\/\/baldumarket.lt\/lt\/wp-json\/wp\/v2\/product"}],"about":[{"href":"https:\/\/baldumarket.lt\/lt\/wp-json\/wp\/v2\/types\/product"}],"replies":[{"embeddable":true,"href":"https:\/\/baldumarket.lt\/lt\/wp-json\/wp\/v2\/comments?post=312058"}],"wp:featuredmedia":[{"embeddable":true,"href":"https:\/\/baldumarket.lt\/lt\/wp-json\/wp\/v2\/media\/312059"}],"wp:attachment":[{"href":"https:\/\/baldumarket.lt\/lt\/wp-json\/wp\/v2\/media?parent=312058"}],"wp:term":[{"taxonomy":"product_brand","embeddable":true,"href":"https:\/\/baldumarket.lt\/lt\/wp-json\/wp\/v2\/product_brand?post=312058"},{"taxonomy":"product_cat","embeddable":true,"href":"https:\/\/baldumarket.lt\/lt\/wp-json\/wp\/v2\/product_cat?post=312058"},{"taxonomy":"product_tag","embeddable":true,"href":"https:\/\/baldumarket.lt\/lt\/wp-json\/wp\/v2\/product_tag?post=312058"}],"curies":[{"name":"wp","href":"https:\/\/api.w.org\/{rel}","templated":true}]}}