{"id":312046,"date":"2026-01-16T07:54:40","date_gmt":"2026-01-16T04:54:40","guid":{"rendered":"https:\/\/baldumarket.lt\/product\/regal-stojacy-podwojny-more-05-dab-artisan\/"},"modified":"2026-03-23T13:00:26","modified_gmt":"2026-03-23T10:00:26","slug":"regal-stojacy-podwojny-more-05-dab-artisan","status":"publish","type":"product","link":"https:\/\/baldumarket.lt\/lt\/product\/regal-stojacy-podwojny-more-05-dab-artisan\/","title":{"rendered":"\u201eMore 05\u201c \u0105\u017euolin\u0117 \u201eArtisan\u201c dviguba pastatoma lentyna"},"content":{"rendered":"<h5><span style=\"color: #54859b\">Apsilankykite m\u016bs\u0173 virtualioje Stolarz-Lempert prek\u0117s \u017eenklo parduotuv\u0117je<\/span><\/h5>\n<p> <a href=\"http:\/\/spacer.lempert.pl\/\" target=\"_blank\" rel=\"noopener\"><span style=\"color: #e47025\">http:\/\/spacer.lempert.pl\/<\/span><\/a><\/p>\n<p>Dvipus\u0117 lentyn\u0173 sistema \u201eMore 05\u201c puikiai tinka svetainei ar jaunimo kambariui. Daugyb\u0117 lentyn\u0173 pad\u0117s palaikyti tvark\u0105 kambaryje ir leis pademonstruoti m\u0117gstamiausius daiktus.<br \/>\nMed\u017eiaga: 28 mm laminuota plok\u0161t\u0117 \/ 0,4 mm PVC kra\u0161tas \u201eArtisan Oak\u201c spalvos.<br \/>\nTaip pat galimi ir kiti plo\u010diai bei auk\u0161\u010diai \u2013 paie\u0161kos juostoje \u012fveskite \u201cDaugiau\u201d ir pamatysite vis\u0105 lentyn\u0173 asortiment\u0105.<br \/>\nPakuot\u0117s matmenys:<br \/>\n1\/2 pakuot\u0117s \u2013 0,055 m3<br \/>\n1015 x 312 x 173<br \/>\nSvoris \u2013 25,10 kg<br \/>\n1\/1 pakuot\u0117 \u2013 0,058 m3<br \/>\n1917 x 445 x 67<br \/>\nSvoris \u2013 26,4 kg<br \/>\nSaugiam naudojimui reikalingas tvirtinimas prie sienos.<br \/>\n\u201eArtisan Oak\u201c lenta yra \u0161iek tiek \u0161viesesn\u0117 nei pagrindinio dizaino nuotraukoje \u2013 lentos spalv\u0105 \u017ei\u016br\u0117kite paskutin\u0117je nuotraukoje.<\/p>","protected":false},"excerpt":{"rendered":"<p>Plotis [cm]: 83,2<br \/>\n\u016agis [cm]: 184<br \/>\ngylis [cm]: 29,7<\/p>","protected":false},"featured_media":312047,"comment_status":"open","ping_status":"open","template":"","meta":[],"product_brand":[],"product_cat":[9234,1987],"product_tag":[],"class_list":{"0":"post-312046","1":"product","2":"type-product","3":"status-publish","4":"has-post-thumbnail","6":"product_cat-stolarz-lempert","7":"product_cat-shelving-units","9":"first","10":"instock","11":"purchasable","12":"product-type-simple"},"_links":{"self":[{"href":"https:\/\/baldumarket.lt\/lt\/wp-json\/wp\/v2\/product\/312046","targetHints":{"allow":["GET"]}}],"collection":[{"href":"https:\/\/baldumarket.lt\/lt\/wp-json\/wp\/v2\/product"}],"about":[{"href":"https:\/\/baldumarket.lt\/lt\/wp-json\/wp\/v2\/types\/product"}],"replies":[{"embeddable":true,"href":"https:\/\/baldumarket.lt\/lt\/wp-json\/wp\/v2\/comments?post=312046"}],"wp:featuredmedia":[{"embeddable":true,"href":"https:\/\/baldumarket.lt\/lt\/wp-json\/wp\/v2\/media\/312047"}],"wp:attachment":[{"href":"https:\/\/baldumarket.lt\/lt\/wp-json\/wp\/v2\/media?parent=312046"}],"wp:term":[{"taxonomy":"product_brand","embeddable":true,"href":"https:\/\/baldumarket.lt\/lt\/wp-json\/wp\/v2\/product_brand?post=312046"},{"taxonomy":"product_cat","embeddable":true,"href":"https:\/\/baldumarket.lt\/lt\/wp-json\/wp\/v2\/product_cat?post=312046"},{"taxonomy":"product_tag","embeddable":true,"href":"https:\/\/baldumarket.lt\/lt\/wp-json\/wp\/v2\/product_tag?post=312046"}],"curies":[{"name":"wp","href":"https:\/\/api.w.org\/{rel}","templated":true}]}}