{"id":312025,"date":"2026-01-16T07:54:24","date_gmt":"2026-01-16T04:54:24","guid":{"rendered":"https:\/\/baldumarket.lt\/product\/regal-stojacy-more-02-jasny-szary\/"},"modified":"2026-03-23T13:00:26","modified_gmt":"2026-03-23T10:00:26","slug":"regal-stojacy-more-02-jasny-szary","status":"publish","type":"product","link":"https:\/\/baldumarket.lt\/lt\/product\/regal-stojacy-more-02-jasny-szary\/","title":{"rendered":"\u201eMore 02\u201c pastatoma lentyna, \u0161viesiai pilka"},"content":{"rendered":"<h5><span style=\"color: #54859b\">Apsilankykite m\u016bs\u0173 virtualioje Stolarz-Lempert prek\u0117s \u017eenklo parduotuv\u0117je<\/span><\/h5>\n<p> <a href=\"http:\/\/spacer.lempert.pl\/\" target=\"_blank\" rel=\"noopener\"><span style=\"color: #e47025\">http:\/\/spacer.lempert.pl\/<\/span><\/a><\/p>\n<p>Laisvai pastatoma lentyna \u201eMore 02\u201c puikiai tiks svetainei ar paauglio kambariui. Daugyb\u0117 lentyn\u0173 leis tvarkingai susid\u0117ti daiktus ir parodyti m\u0117gstamiausius.<br \/>\nMed\u017eiaga: 28 mm laminuota plok\u0161t\u0117 \/ 0,4 mm PVC apvadas, \u0161viesiai pilka.<br \/>\nTaip pat galimi ir kiti plo\u010diai bei auk\u0161\u010diai \u2013 paie\u0161kos juostoje \u012fveskite \u201cDaugiau\u201d ir pamatysite vis\u0105 lentyn\u0173 asortiment\u0105.<br \/>\nPakuot\u0117s matmenys:<br \/>\n1\/1 pakuot\u0117 \u2013 0,043 m3<br \/>\n1220 x 444 x 80 mm<br \/>\nSvoris \u2013 19,20 kg<br \/>\nSaugiam naudojimui pritvirtinkite prie sienos.<\/p>","protected":false},"excerpt":{"rendered":"<p>plotis [cm]: 41,6<br \/>\nAuk\u0161tis [cm]: 112,5<br \/>\ngylis [cm]: 29,7<\/p>","protected":false},"featured_media":312026,"comment_status":"open","ping_status":"open","template":"","meta":[],"product_brand":[],"product_cat":[9234,1987],"product_tag":[],"class_list":{"0":"post-312025","1":"product","2":"type-product","3":"status-publish","4":"has-post-thumbnail","6":"product_cat-stolarz-lempert","7":"product_cat-shelving-units","9":"first","10":"instock","11":"purchasable","12":"product-type-simple"},"_links":{"self":[{"href":"https:\/\/baldumarket.lt\/lt\/wp-json\/wp\/v2\/product\/312025","targetHints":{"allow":["GET"]}}],"collection":[{"href":"https:\/\/baldumarket.lt\/lt\/wp-json\/wp\/v2\/product"}],"about":[{"href":"https:\/\/baldumarket.lt\/lt\/wp-json\/wp\/v2\/types\/product"}],"replies":[{"embeddable":true,"href":"https:\/\/baldumarket.lt\/lt\/wp-json\/wp\/v2\/comments?post=312025"}],"wp:featuredmedia":[{"embeddable":true,"href":"https:\/\/baldumarket.lt\/lt\/wp-json\/wp\/v2\/media\/312026"}],"wp:attachment":[{"href":"https:\/\/baldumarket.lt\/lt\/wp-json\/wp\/v2\/media?parent=312025"}],"wp:term":[{"taxonomy":"product_brand","embeddable":true,"href":"https:\/\/baldumarket.lt\/lt\/wp-json\/wp\/v2\/product_brand?post=312025"},{"taxonomy":"product_cat","embeddable":true,"href":"https:\/\/baldumarket.lt\/lt\/wp-json\/wp\/v2\/product_cat?post=312025"},{"taxonomy":"product_tag","embeddable":true,"href":"https:\/\/baldumarket.lt\/lt\/wp-json\/wp\/v2\/product_tag?post=312025"}],"curies":[{"name":"wp","href":"https:\/\/api.w.org\/{rel}","templated":true}]}}