{"id":312001,"date":"2026-01-16T07:54:05","date_gmt":"2026-01-16T04:54:05","guid":{"rendered":"https:\/\/baldumarket.lt\/product\/kuchnia-loftowa-modena-260-cm\/"},"modified":"2026-03-23T13:00:26","modified_gmt":"2026-03-23T10:00:26","slug":"kuchnia-loftowa-modena-260-cm","status":"publish","type":"product","link":"https:\/\/baldumarket.lt\/lt\/product\/kuchnia-loftowa-modena-260-cm\/","title":{"rendered":"Modenos pal\u0117p\u0117s virtuv\u0117 260 cm"},"content":{"rendered":"<h5><span style=\"color: #54859b\">Apsilankykite m\u016bs\u0173 virtualioje Stolarz-Lempert prek\u0117s \u017eenklo parduotuv\u0117je<\/span><\/h5>\n<p> <a href=\"http:\/\/spacer.lempert.pl\/\" target=\"_blank\" rel=\"noopener\"><span style=\"color: #e47025\">http:\/\/spacer.lempert.pl\/<\/span><\/a><\/p>\n<p>\u201eModena\u201c virtuv\u0117 \u2013 tai lofto stiliaus pasirinkimas i\u0161rankiems skoniams. Paprastos formos ir kontrastingos spalvos \u2013 puikus pasirinkimas moderniai virtuvei. \u012e kain\u0105 \u012fskai\u010diuotos \u0161ios spintel\u0117s be stalvir\u0161i\u0173:<br \/>\nApa\u010dia:<br \/>\n80 cm kriaukl\u0117 \u2013 80 ZL 2F BB<br \/>\n80 cm \u2013 80 D 2F BB<br \/>\n40 cm stal\u010diai \u2013 40 D 3S BB<br \/>\n60 cm orkait\u0117s spintel\u0117 \u2013 60 D dujin\u0117 virykl\u0117<br \/>\nVir\u0161uje:<br \/>\n80 cm \u2013 80 G-72 2F \u2013 2 vnt.<br \/>\n40 cm \u2013 40 G-72 1F<br \/>\n60 cm gartraukio spintel\u0117 \u2013 60 GU-36 1F<br \/>\n\u012e rinkin\u012f \u012feina:<br \/>\nAuk\u0161tos kokyb\u0117s fasadai pagaminti i\u0161 laminuotos plok\u0161t\u0117s<br \/>\nErdvios spintel\u0117s<br \/>\nPlastikin\u0117s rankenos<br \/>\nMetaliniai vyriai ir stal\u010diai<br \/>\n\u0160velnaus u\u017edarymo priekin\u0117 sistema<br \/>\n\u0160velnaus u\u017edarymo stal\u010di\u0173 sistema<br \/>\nBe kojeli\u0173 \u2013 spintel\u0117s stovi ant karkaso<br \/>\nApatin\u0117s spintel\u0117s be stalvir\u0161i\u0173 \u2013 Atskiras stalvir\u0161is \u2013 38 mm Artisan Oak<br \/>\nVirtuv\u0117s spalvos:<br \/>\nPriekin\u0117 dalis: matin\u0117 juoda \u2013 apa\u010dia<br \/>\nFasadas: Artisan Oak \u2013 Vir\u0161us<br \/>\nKorpusas: Artisan \u0105\u017euolas<br \/>\nRankena 160: matin\u0117 juoda<br \/>\n\u00a0<\/p>","protected":false},"excerpt":{"rendered":"<p>Priekin\u0117s dalies tipas: laminuota plok\u0161t\u0117 \/ MDF \/ lakuota laminuota plok\u0161t\u0117<br \/>\nVirtuv\u0117s spalva: Artisan \u0105\u017euolas \/ matin\u0117 juoda<br \/>\nVirtuv\u0117s stilius: loftas<br \/>\nPriekin\u0117s dalies tipas: laminuota plok\u0161t\u0117 \/ MDF \/ lakuota laminuota plok\u0161t\u0117<br \/>\nPlotis [cm]: 260<br \/>\n\u016agis [cm]: 71,5<br \/>\nAuk\u0161tis be stalvir\u0161io [cm]: 82<\/p>","protected":false},"featured_media":312002,"comment_status":"open","ping_status":"open","template":"","meta":[],"product_brand":[],"product_cat":[9234,1932],"product_tag":[],"class_list":{"0":"post-312001","1":"product","2":"type-product","3":"status-publish","4":"has-post-thumbnail","6":"product_cat-stolarz-lempert","7":"product_cat-kitchen-sets","9":"first","10":"instock","11":"purchasable","12":"product-type-simple"},"_links":{"self":[{"href":"https:\/\/baldumarket.lt\/lt\/wp-json\/wp\/v2\/product\/312001","targetHints":{"allow":["GET"]}}],"collection":[{"href":"https:\/\/baldumarket.lt\/lt\/wp-json\/wp\/v2\/product"}],"about":[{"href":"https:\/\/baldumarket.lt\/lt\/wp-json\/wp\/v2\/types\/product"}],"replies":[{"embeddable":true,"href":"https:\/\/baldumarket.lt\/lt\/wp-json\/wp\/v2\/comments?post=312001"}],"wp:featuredmedia":[{"embeddable":true,"href":"https:\/\/baldumarket.lt\/lt\/wp-json\/wp\/v2\/media\/312002"}],"wp:attachment":[{"href":"https:\/\/baldumarket.lt\/lt\/wp-json\/wp\/v2\/media?parent=312001"}],"wp:term":[{"taxonomy":"product_brand","embeddable":true,"href":"https:\/\/baldumarket.lt\/lt\/wp-json\/wp\/v2\/product_brand?post=312001"},{"taxonomy":"product_cat","embeddable":true,"href":"https:\/\/baldumarket.lt\/lt\/wp-json\/wp\/v2\/product_cat?post=312001"},{"taxonomy":"product_tag","embeddable":true,"href":"https:\/\/baldumarket.lt\/lt\/wp-json\/wp\/v2\/product_tag?post=312001"}],"curies":[{"name":"wp","href":"https:\/\/api.w.org\/{rel}","templated":true}]}}