{"id":311996,"date":"2026-01-16T07:53:58","date_gmt":"2026-01-16T04:53:58","guid":{"rendered":"https:\/\/baldumarket.lt\/product\/kuchnia-sonia-240-cm-szary-polysk\/"},"modified":"2026-03-23T13:00:26","modified_gmt":"2026-03-23T10:00:26","slug":"kuchnia-sonia-240-cm-szary-polysk","status":"publish","type":"product","link":"https:\/\/baldumarket.lt\/lt\/product\/kuchnia-sonia-240-cm-szary-polysk\/","title":{"rendered":"Sonia virtuv\u0117 240 cm pilkai blizgi"},"content":{"rendered":"<h5><span style=\"color: #54859b\">Apsilankykite m\u016bs\u0173 virtualioje Stolarz-Lempert prek\u0117s \u017eenklo parduotuv\u0117je<\/span><\/h5>\n<p> <a href=\"http:\/\/spacer.lempert.pl\/\" target=\"_blank\" rel=\"noopener\"><span style=\"color: #e47025\">http:\/\/spacer.lempert.pl\/<\/span><\/a><\/p>\n<p>\u201eSonia\u201c virtuv\u0117 \u2013 tai modernus ir \u012fdomus bald\u0173 komplektas \u2013 virtuv\u0117s baldai tiks bet kokiam interjerui. Stiklin\u0117 vitrina suteikia kambariui dekoratyv\u0173 akcent\u0105, subtil\u0173 ir \u012fdom\u0173 vaizd\u0105. Tvirtos rankenos suteikia baldams charakterio ir palengvina prieig\u0105 prie juose laikom\u0173 produkt\u0173.<br \/>\nPaprastos formos \u2013 puikus pasirinkimas moderniai virtuvei. Komplekt\u0105 sudaro:<br \/>\nauk\u0161tos kokyb\u0117s fasadai i\u0161 laminuotos plok\u0161t\u0117s<br \/>\nerdvios spintel\u0117s<br \/>\nplastikin\u0117s rankenos<br \/>\n2,8 cm arba 3,8 cm storio stalvir\u0161is, pagamintas naudojant postformavimo technologij\u0105, su ergonomi\u0161kai u\u017eapvalinta priekine dalimi (neb\u016btina)<br \/>\nVirtuv\u0117s spalvos:<br \/>\nPriekin\u0117s dalys: blizgi pilka<br \/>\nKorpusas: baltas<br \/>\nRankena 96: 1.162 M03 plastikas<br \/>\n\u012e rinkin\u012f \u012feina:<br \/>\nvir\u0161utin\u0117s spintel\u0117s:<br \/>\n80 GS-60 vitrina<br \/>\n60 60 G-60<br \/>\n40 G-60 F\u2026<br \/>\napatin\u0117s spintel\u0117s:<br \/>\n60 DK-202 2F sand\u0117liuko kolon\u0117l\u0117<br \/>\n80 ZL 2F BB kriaukl\u0117<br \/>\n60 D 2F BB<br \/>\n40 D 4S BB stal\u010di\u0173<br \/>\napatin\u0117s spintel\u0117s be stalvir\u0161io<\/p>","protected":false},"excerpt":{"rendered":"<p>Komplekto plotis [cm]: 240<br \/>\nAuk\u0161tis [cm]: 60<br \/>\nGylis [cm]: 31<br \/>\nPlotis i\u0161 kair\u0117s [cm]: 80 | 60 | 40<br \/>\nAuk\u0161tis [cm]: 60<br \/>\nGylis [cm]: 31<br \/>\nGylis su stalvir\u0161iu [cm]: 60<\/p>","protected":false},"featured_media":311997,"comment_status":"open","ping_status":"open","template":"","meta":[],"product_brand":[],"product_cat":[9234,1932],"product_tag":[],"class_list":{"0":"post-311996","1":"product","2":"type-product","3":"status-publish","4":"has-post-thumbnail","6":"product_cat-stolarz-lempert","7":"product_cat-kitchen-sets","9":"first","10":"instock","11":"purchasable","12":"product-type-simple"},"_links":{"self":[{"href":"https:\/\/baldumarket.lt\/lt\/wp-json\/wp\/v2\/product\/311996","targetHints":{"allow":["GET"]}}],"collection":[{"href":"https:\/\/baldumarket.lt\/lt\/wp-json\/wp\/v2\/product"}],"about":[{"href":"https:\/\/baldumarket.lt\/lt\/wp-json\/wp\/v2\/types\/product"}],"replies":[{"embeddable":true,"href":"https:\/\/baldumarket.lt\/lt\/wp-json\/wp\/v2\/comments?post=311996"}],"wp:featuredmedia":[{"embeddable":true,"href":"https:\/\/baldumarket.lt\/lt\/wp-json\/wp\/v2\/media\/311997"}],"wp:attachment":[{"href":"https:\/\/baldumarket.lt\/lt\/wp-json\/wp\/v2\/media?parent=311996"}],"wp:term":[{"taxonomy":"product_brand","embeddable":true,"href":"https:\/\/baldumarket.lt\/lt\/wp-json\/wp\/v2\/product_brand?post=311996"},{"taxonomy":"product_cat","embeddable":true,"href":"https:\/\/baldumarket.lt\/lt\/wp-json\/wp\/v2\/product_cat?post=311996"},{"taxonomy":"product_tag","embeddable":true,"href":"https:\/\/baldumarket.lt\/lt\/wp-json\/wp\/v2\/product_tag?post=311996"}],"curies":[{"name":"wp","href":"https:\/\/api.w.org\/{rel}","templated":true}]}}