{"id":311988,"date":"2026-01-16T07:53:52","date_gmt":"2026-01-16T04:53:52","guid":{"rendered":"https:\/\/baldumarket.lt\/product\/kuchnia-biala-mdf-315-cm-stillo\/"},"modified":"2026-03-23T13:00:26","modified_gmt":"2026-03-23T10:00:26","slug":"kuchnia-biala-mdf-315-cm-stillo","status":"publish","type":"product","link":"https:\/\/baldumarket.lt\/lt\/product\/kuchnia-biala-mdf-315-cm-stillo\/","title":{"rendered":"Balta MDF virtuv\u0117 315 cm Stillo"},"content":{"rendered":"<h5><span style=\"color: #54859b\">Apsilankykite m\u016bs\u0173 virtualioje Stolarz-Lempert prek\u0117s \u017eenklo parduotuv\u0117je<\/span><\/h5>\n<p> <a href=\"http:\/\/spacer.lempert.pl\/\" target=\"_blank\" rel=\"noopener\"><span style=\"color: #e47025\">http:\/\/spacer.lempert.pl\/<\/span><\/a><\/p>\n<p>\u201eStillo\u201c virtuv\u0117 \u2013 tai klasikini\u0173 ir stiling\u0173 bald\u0173 komplektas, kuris tiks prie bet kokio interjero.<br \/>\nVirtuv\u0117je yra de\u0161imtys spinteli\u0173, i\u0161 kuri\u0173 galite susikurti savo komplekt\u0105.<br \/>\n\u012e rinkin\u012f \u012feina:<br \/>\nauk\u0161tos kokyb\u0117s MDF fasadai<br \/>\nlaminuot\u0173 plok\u0161\u010di\u0173 korpusai<br \/>\n\u0161velniai u\u017esidaran\u010dios fasadin\u0117s dalys<br \/>\nauk\u0161\u010diausios kokyb\u0117s stal\u010diai su \u0161velniu u\u017edarymu<br \/>\nerdvios spintel\u0117s<br \/>\nspintel\u0117s, sumontuotos ant korpus\u0173 be koj\u0173<br \/>\n\u012e komplekt\u0105 \u012feina amatinink\u0173 \u0105\u017euolo cokoliai<br \/>\npasirenkamos \u0161onin\u0117s lentynos<br \/>\nmetalin\u0117s rankenos<br \/>\n2,8 cm arba 3,8 cm storio stalvir\u0161iai, pagaminti naudojant pokalimo technologij\u0105, su ergonomi\u0161kai u\u017eapvalinta priekine dalimi (neb\u016btina)<br \/>\nVirtuv\u0117s spalvos:<br \/>\nPriekin\u0117s dalys: matin\u0117s baltos spalvos MDF plok\u0161t\u0117s<br \/>\nKorpusas: Artisan \u0105\u017euolas<br \/>\nRankena: 96\u20132342 metalas<br \/>\nStalvir\u0161is: 38-R20315RU Artisan Oak<br \/>\nKomplekt\u0105 sudaro \u0161ios spintel\u0117s:<br \/>\napatin\u0117s spintel\u0117s \u2013 auk\u0161tis 82 cm be stalvir\u0161io, gylis 52 cm be stalvir\u0161io<br \/>\n40 cm kolonin\u0117 spintel\u0117, 40 cm sand\u0117liukas DK-210 2F<br \/>\nApatin\u0117 spintel\u0117 40 cm \u2013 40 D 1F BB<br \/>\nApatin\u0117 spintel\u0117 80 cm su kriaukle \u2013 80 ZL 2F BB<br \/>\nApatin\u0117 spintel\u0117 15 cm su lentyna \u2013 15 D OTW BB<br \/>\nApatin\u0117 spintel\u0117 60 cm su orkaite \u2013 60 D dujin\u0117 BB<br \/>\nApatin\u0117 spintel\u0117 80 cm su stal\u010diais \u2013 80 D 3S BB<br \/>\nVir\u0161utin\u0117 dalis \u2013 auk\u0161tis 71,5 cm, gylis 31 cm<br \/>\nVir\u0161utin\u0117 spintel\u0117 40 cm \u2013 40 G-72 1F<br \/>\nVir\u0161utin\u0117 spintel\u0117 80 cm \u2013 80 G-72 2F<br \/>\nVir\u0161utin\u0117 spintel\u0117 15 cm su lentyna \u2013 15 G-72 OTW<br \/>\nVir\u0161utin\u0117 spintel\u0117 60 cm su \u017eemais vyriais \u2013 60 GU-36 1F<br \/>\nVir\u0161utin\u0117 spintel\u0117 40 cm su vitrina \u2013 40 GS-72 1F \u2013 2 vnt.<br \/>\n\u00a0<\/p>","protected":false},"excerpt":{"rendered":"<p>Komplekto plotis [cm]: 315<br \/>\n\u016agis [cm]: 71,5<br \/>\nGylis [cm]: 31<br \/>\nPlotis i\u0161 kair\u0117s [cm]: 40 | 80 | 15 | 60 | 40 | 40<br \/>\n\u016agis [cm]: 71,5<br \/>\nGylis [cm]: 31<\/p>","protected":false},"featured_media":311989,"comment_status":"open","ping_status":"open","template":"","meta":[],"product_brand":[],"product_cat":[9234,1932],"product_tag":[],"class_list":{"0":"post-311988","1":"product","2":"type-product","3":"status-publish","4":"has-post-thumbnail","6":"product_cat-stolarz-lempert","7":"product_cat-kitchen-sets","9":"first","10":"instock","11":"purchasable","12":"product-type-simple"},"_links":{"self":[{"href":"https:\/\/baldumarket.lt\/lt\/wp-json\/wp\/v2\/product\/311988","targetHints":{"allow":["GET"]}}],"collection":[{"href":"https:\/\/baldumarket.lt\/lt\/wp-json\/wp\/v2\/product"}],"about":[{"href":"https:\/\/baldumarket.lt\/lt\/wp-json\/wp\/v2\/types\/product"}],"replies":[{"embeddable":true,"href":"https:\/\/baldumarket.lt\/lt\/wp-json\/wp\/v2\/comments?post=311988"}],"wp:featuredmedia":[{"embeddable":true,"href":"https:\/\/baldumarket.lt\/lt\/wp-json\/wp\/v2\/media\/311989"}],"wp:attachment":[{"href":"https:\/\/baldumarket.lt\/lt\/wp-json\/wp\/v2\/media?parent=311988"}],"wp:term":[{"taxonomy":"product_brand","embeddable":true,"href":"https:\/\/baldumarket.lt\/lt\/wp-json\/wp\/v2\/product_brand?post=311988"},{"taxonomy":"product_cat","embeddable":true,"href":"https:\/\/baldumarket.lt\/lt\/wp-json\/wp\/v2\/product_cat?post=311988"},{"taxonomy":"product_tag","embeddable":true,"href":"https:\/\/baldumarket.lt\/lt\/wp-json\/wp\/v2\/product_tag?post=311988"}],"curies":[{"name":"wp","href":"https:\/\/api.w.org\/{rel}","templated":true}]}}