{"id":311943,"date":"2026-01-16T07:53:18","date_gmt":"2026-01-16T04:53:18","guid":{"rendered":"https:\/\/baldumarket.lt\/product\/front-do-zmywarki-kuchni-sonia-zm-570x596\/"},"modified":"2026-03-23T13:00:26","modified_gmt":"2026-03-23T10:00:26","slug":"front-do-zmywarki-kuchni-sonia-zm-570x596","status":"publish","type":"product","link":"https:\/\/baldumarket.lt\/lt\/product\/front-do-zmywarki-kuchni-sonia-zm-570x596\/","title":{"rendered":"\u201eSonia ZM 570&#215;596\u201c indaplov\u0117s priekin\u0117 dalis"},"content":{"rendered":"<h5><span style=\"color: #54859b\">Apsilankykite m\u016bs\u0173 virtualioje Stolarz-Lempert prek\u0117s \u017eenklo parduotuv\u0117je<\/span><\/h5>\n<p> <a href=\"http:\/\/spacer.lempert.pl\/\" target=\"_blank\" rel=\"noopener\"><span style=\"color: #e47025\">http:\/\/spacer.lempert.pl\/<\/span><\/a><\/p>\n<p>\u201eSonia\u201c virtuv\u0117 \u2013 tai modernus ir patrauklus bald\u0173 komplektas \u2013 virtuv\u0117s baldai tiks bet kokiam interjerui. D\u0117l stiklin\u0117s vitrinos ji suteiks tinkam\u0105 dekoratyvin\u012f akcent\u0105, suteikdama kambariui subtil\u0173 ir \u012fdom\u0173 vaizd\u0105. Tvirtos rankenos suteikia charakterio ir palengvina prieig\u0105 prie viduje laikom\u0173 produkt\u0173.<br \/>\nPaprastos formos \u2013 puikus pasirinkimas moderniai virtuvei.<br \/>\n\u012e rinkin\u012f \u012feina:<br \/>\nAuk\u0161tos kokyb\u0117s fasadai pagaminti i\u0161 laminuotos plok\u0161t\u0117s<br \/>\nErdvios spintel\u0117s<br \/>\nPlastikin\u0117s rankenos<br \/>\n2,8 cm arba 3,8 cm storio stalvir\u0161is, pagamintas naudojant postformavimo technologij\u0105, su ergonomi\u0161kai i\u0161lenktu priekiu (neb\u016btina)<br \/>\nVirtuv\u0117s spalvos:<br \/>\nPriekin\u0117s dalys: blizgi pilka<br \/>\nKorpusas: baltas<br \/>\nRankena 96: 1.162 M03 plastikas<br \/>\n\u201eSonia ZM 570\u00d7596\u201c indaplov\u0117s priekin\u0117 dalis \u2013 atvira.<\/p>","protected":false},"excerpt":{"rendered":"<p>plotis [cm]: 59,6<br \/>\nAuk\u0161tis [cm]: 57<\/p>","protected":false},"featured_media":311944,"comment_status":"open","ping_status":"open","template":"","meta":[],"product_brand":[],"product_cat":[9234,1043],"product_tag":[],"class_list":{"0":"post-311943","1":"product","2":"type-product","3":"status-publish","4":"has-post-thumbnail","6":"product_cat-stolarz-lempert","7":"product_cat-extras","9":"first","10":"instock","11":"purchasable","12":"product-type-simple"},"_links":{"self":[{"href":"https:\/\/baldumarket.lt\/lt\/wp-json\/wp\/v2\/product\/311943","targetHints":{"allow":["GET"]}}],"collection":[{"href":"https:\/\/baldumarket.lt\/lt\/wp-json\/wp\/v2\/product"}],"about":[{"href":"https:\/\/baldumarket.lt\/lt\/wp-json\/wp\/v2\/types\/product"}],"replies":[{"embeddable":true,"href":"https:\/\/baldumarket.lt\/lt\/wp-json\/wp\/v2\/comments?post=311943"}],"wp:featuredmedia":[{"embeddable":true,"href":"https:\/\/baldumarket.lt\/lt\/wp-json\/wp\/v2\/media\/311944"}],"wp:attachment":[{"href":"https:\/\/baldumarket.lt\/lt\/wp-json\/wp\/v2\/media?parent=311943"}],"wp:term":[{"taxonomy":"product_brand","embeddable":true,"href":"https:\/\/baldumarket.lt\/lt\/wp-json\/wp\/v2\/product_brand?post=311943"},{"taxonomy":"product_cat","embeddable":true,"href":"https:\/\/baldumarket.lt\/lt\/wp-json\/wp\/v2\/product_cat?post=311943"},{"taxonomy":"product_tag","embeddable":true,"href":"https:\/\/baldumarket.lt\/lt\/wp-json\/wp\/v2\/product_tag?post=311943"}],"curies":[{"name":"wp","href":"https:\/\/api.w.org\/{rel}","templated":true}]}}