{"id":311927,"date":"2026-01-16T07:53:04","date_gmt":"2026-01-16T04:53:04","guid":{"rendered":"https:\/\/baldumarket.lt\/product\/lawa-denver-dab-lefkas\/"},"modified":"2026-03-23T13:00:26","modified_gmt":"2026-03-23T10:00:26","slug":"lawa-denver-dab-lefkas","status":"publish","type":"product","link":"https:\/\/baldumarket.lt\/lt\/product\/lawa-denver-dab-lefkas\/","title":{"rendered":"Denverio \u0105\u017euolo Lefkaso suoliukas"},"content":{"rendered":"<h5><span style=\"color: #54859b\">Apsilankykite m\u016bs\u0173 virtualioje Stolarz-Lempert prek\u0117s \u017eenklo parduotuv\u0117je<\/span><\/h5>\n<p> <a href=\"http:\/\/spacer.lempert.pl\/\" target=\"_blank\" rel=\"noopener\"><span style=\"color: #e47025\">http:\/\/spacer.lempert.pl\/<\/span><\/a><\/p>\n<p>Denverio kavos staliukas.<br \/>\nSpalva:<br \/>\nLEFKAS \u0104\u017dUOLO laminato pagrindas \/ LEFKAS \u0104\u017dUOLO laminato stalvir\u0161is<br \/>\nPakuot\u0117s svoris ir matmenys: 1180 x 625 x 65 mm<br \/>\nSvoris: 22,00 kg<br \/>\n\u201eLefkas\u201c \u0105\u017euolo lenta yra \u0161iek tiek tamsesn\u0117 nei pagrindinio dizaino nuotraukoje \u2013 lentos spalv\u0105 \u017er. paskutin\u0117je nuotraukoje.<\/p>","protected":false},"excerpt":{"rendered":"<p>Plotis [cm]: 110<br \/>\nAuk\u0161tis [cm]: 43<br \/>\ngylis [cm]: 60<\/p>","protected":false},"featured_media":311928,"comment_status":"open","ping_status":"open","template":"","meta":[],"product_brand":[],"product_cat":[9234,866],"product_tag":[],"class_list":{"0":"post-311927","1":"product","2":"type-product","3":"status-publish","4":"has-post-thumbnail","6":"product_cat-stolarz-lempert","7":"product_cat-coffee-tables","9":"first","10":"instock","11":"purchasable","12":"product-type-simple"},"_links":{"self":[{"href":"https:\/\/baldumarket.lt\/lt\/wp-json\/wp\/v2\/product\/311927","targetHints":{"allow":["GET"]}}],"collection":[{"href":"https:\/\/baldumarket.lt\/lt\/wp-json\/wp\/v2\/product"}],"about":[{"href":"https:\/\/baldumarket.lt\/lt\/wp-json\/wp\/v2\/types\/product"}],"replies":[{"embeddable":true,"href":"https:\/\/baldumarket.lt\/lt\/wp-json\/wp\/v2\/comments?post=311927"}],"wp:featuredmedia":[{"embeddable":true,"href":"https:\/\/baldumarket.lt\/lt\/wp-json\/wp\/v2\/media\/311928"}],"wp:attachment":[{"href":"https:\/\/baldumarket.lt\/lt\/wp-json\/wp\/v2\/media?parent=311927"}],"wp:term":[{"taxonomy":"product_brand","embeddable":true,"href":"https:\/\/baldumarket.lt\/lt\/wp-json\/wp\/v2\/product_brand?post=311927"},{"taxonomy":"product_cat","embeddable":true,"href":"https:\/\/baldumarket.lt\/lt\/wp-json\/wp\/v2\/product_cat?post=311927"},{"taxonomy":"product_tag","embeddable":true,"href":"https:\/\/baldumarket.lt\/lt\/wp-json\/wp\/v2\/product_tag?post=311927"}],"curies":[{"name":"wp","href":"https:\/\/api.w.org\/{rel}","templated":true}]}}