{"id":311914,"date":"2026-01-16T07:52:53","date_gmt":"2026-01-16T04:52:53","guid":{"rendered":"https:\/\/baldumarket.lt\/product\/lawa-boston-dab-artisan-czarny-mat\/"},"modified":"2026-03-23T13:00:26","modified_gmt":"2026-03-23T10:00:26","slug":"lawa-boston-dab-artisan-czarny-mat","status":"publish","type":"product","link":"https:\/\/baldumarket.lt\/lt\/product\/lawa-boston-dab-artisan-czarny-mat\/","title":{"rendered":"Boston Artisan \u0105\u017euolo\/matin\u0117s juodos spalvos kavos staliukas"},"content":{"rendered":"<h5><span style=\"color: #54859b\">Apsilankykite m\u016bs\u0173 virtualioje Stolarz-Lempert prek\u0117s \u017eenklo parduotuv\u0117je<\/span><\/h5>\n<p> <a href=\"http:\/\/spacer.lempert.pl\/\" target=\"_blank\" rel=\"noopener\"><span style=\"color: #e47025\">http:\/\/spacer.lempert.pl\/<\/span><\/a><\/p>\n<p>\u017demas Bostono kavos staliukas.<br \/>\nSpalva:<br \/>\nARTISAN laminato pagrindas \/ ARTISAN\/JUODAS laminato vir\u0161us<br \/>\nPakuot\u0117s svoris ir matmenys: 1180 x 625 x 80 mm<br \/>\nSvoris: 27,00 kg<br \/>\n\u0104\u017euolo lenta \u201eArtisan\u201c yra \u0161iek tiek \u0161viesesn\u0117 nei pagrindin\u0117je nuotraukoje \u2013 lentos spalv\u0105 \u017ei\u016br\u0117kite paskutin\u0117je nuotraukoje.<\/p>","protected":false},"excerpt":{"rendered":"<p>Plotis [cm]: 110<br \/>\nAuk\u0161tis [cm]: 53<br \/>\ngylis [cm]: 60<\/p>","protected":false},"featured_media":311915,"comment_status":"open","ping_status":"open","template":"","meta":[],"product_brand":[],"product_cat":[9234,866],"product_tag":[],"class_list":{"0":"post-311914","1":"product","2":"type-product","3":"status-publish","4":"has-post-thumbnail","6":"product_cat-stolarz-lempert","7":"product_cat-coffee-tables","9":"first","10":"instock","11":"purchasable","12":"product-type-simple"},"_links":{"self":[{"href":"https:\/\/baldumarket.lt\/lt\/wp-json\/wp\/v2\/product\/311914","targetHints":{"allow":["GET"]}}],"collection":[{"href":"https:\/\/baldumarket.lt\/lt\/wp-json\/wp\/v2\/product"}],"about":[{"href":"https:\/\/baldumarket.lt\/lt\/wp-json\/wp\/v2\/types\/product"}],"replies":[{"embeddable":true,"href":"https:\/\/baldumarket.lt\/lt\/wp-json\/wp\/v2\/comments?post=311914"}],"wp:featuredmedia":[{"embeddable":true,"href":"https:\/\/baldumarket.lt\/lt\/wp-json\/wp\/v2\/media\/311915"}],"wp:attachment":[{"href":"https:\/\/baldumarket.lt\/lt\/wp-json\/wp\/v2\/media?parent=311914"}],"wp:term":[{"taxonomy":"product_brand","embeddable":true,"href":"https:\/\/baldumarket.lt\/lt\/wp-json\/wp\/v2\/product_brand?post=311914"},{"taxonomy":"product_cat","embeddable":true,"href":"https:\/\/baldumarket.lt\/lt\/wp-json\/wp\/v2\/product_cat?post=311914"},{"taxonomy":"product_tag","embeddable":true,"href":"https:\/\/baldumarket.lt\/lt\/wp-json\/wp\/v2\/product_tag?post=311914"}],"curies":[{"name":"wp","href":"https:\/\/api.w.org\/{rel}","templated":true}]}}