{"id":311854,"date":"2026-01-16T07:52:05","date_gmt":"2026-01-16T04:52:05","guid":{"rendered":"https:\/\/baldumarket.lt\/product\/szafka-slupek-bianka-piekarnik-i-mikrofalowka-60-dpm-210-2f\/"},"modified":"2026-03-23T13:00:26","modified_gmt":"2026-03-23T10:00:26","slug":"szafka-slupek-bianka-piekarnik-i-mikrofalowka-60-dpm-210-2f","status":"publish","type":"product","link":"https:\/\/baldumarket.lt\/lt\/product\/szafka-slupek-bianka-piekarnik-i-mikrofalowka-60-dpm-210-2f\/","title":{"rendered":"Bianka kolonin\u0117 spintel\u0117 su orkaite ir mikrobang\u0173 krosnele 60 DPM-210 2F"},"content":{"rendered":"<h5><span style=\"color: #54859b\">Apsilankykite m\u016bs\u0173 virtualioje Stolarz-Lempert prek\u0117s \u017eenklo parduotuv\u0117je<\/span><\/h5>\n<p> <a href=\"http:\/\/spacer.lempert.pl\/\" target=\"_blank\" rel=\"noopener\"><span style=\"color: #e47025\">http:\/\/spacer.lempert.pl\/<\/span><\/a><\/p>\n<p>Rekomenduojame modern\u0173 blizgant\u012f virtuv\u0117s komplekt\u0105 \u201eBianka\u201c.<br \/>\nPaprastos formos, lengvas dizainas ir blizg\u016bs PVC fasadai \u2013 \u0161io komplekto privalumai. Komplektas puikiai tinka bet kuriai moderniu stiliumi dekoruotai virtuvei.<br \/>\nVirtuv\u0117s ypatyb\u0117s:<br \/>\nAuk\u0161tos kokyb\u0117s vir\u0161utiniai fasadai pagaminti i\u0161 blizgios PVC technologijos, atspar\u016bs nepalankioms virtuv\u0117s s\u0105lygoms<br \/>\nErdvios spintel\u0117s<br \/>\nMetalin\u0117s rankenos<br \/>\nGalima \u012fsigyti \u012fvairi\u0173 stalvir\u0161i\u0173<br \/>\nSpintel\u0117s turi \u0161velnaus u\u017edarymo stal\u010di\u0173 sistem\u0105 \u2013 \u017er. papildom\u0105 nuotrauk\u0105<br \/>\nSpintel\u0117s turi \u0161velnaus u\u017edarymo priekin\u0119 sistem\u0105 \u2013 \u017er. papildom\u0105 nuotrauk\u0105<br \/>\nVirtuv\u0117s spalvos:<br \/>\nFasadas: MDF balta \/ PVC balta<br \/>\nK\u016bnas: pilkas<br \/>\nRankena 128: UZ9404 metalas<br \/>\nBianka orkait\u0117 ir mikrobang\u0173 krosnel\u0117 60\u2033 DPM-210 2F<\/p>","protected":false},"excerpt":{"rendered":"<p>Auk\u0161tis [cm]: 210<br \/>\nGylis [cm]: 57<br \/>\nPlotis [cm]: 60<br \/>\nAuk\u0161tis [cm]: 210<\/p>","protected":false},"featured_media":311855,"comment_status":"open","ping_status":"open","template":"","meta":[],"product_brand":[],"product_cat":[9234,9118],"product_tag":[],"class_list":{"0":"post-311854","1":"product","2":"type-product","3":"status-publish","4":"has-post-thumbnail","6":"product_cat-stolarz-lempert","7":"product_cat-kitchen-cabinets","9":"first","10":"instock","11":"purchasable","12":"product-type-simple"},"_links":{"self":[{"href":"https:\/\/baldumarket.lt\/lt\/wp-json\/wp\/v2\/product\/311854","targetHints":{"allow":["GET"]}}],"collection":[{"href":"https:\/\/baldumarket.lt\/lt\/wp-json\/wp\/v2\/product"}],"about":[{"href":"https:\/\/baldumarket.lt\/lt\/wp-json\/wp\/v2\/types\/product"}],"replies":[{"embeddable":true,"href":"https:\/\/baldumarket.lt\/lt\/wp-json\/wp\/v2\/comments?post=311854"}],"wp:featuredmedia":[{"embeddable":true,"href":"https:\/\/baldumarket.lt\/lt\/wp-json\/wp\/v2\/media\/311855"}],"wp:attachment":[{"href":"https:\/\/baldumarket.lt\/lt\/wp-json\/wp\/v2\/media?parent=311854"}],"wp:term":[{"taxonomy":"product_brand","embeddable":true,"href":"https:\/\/baldumarket.lt\/lt\/wp-json\/wp\/v2\/product_brand?post=311854"},{"taxonomy":"product_cat","embeddable":true,"href":"https:\/\/baldumarket.lt\/lt\/wp-json\/wp\/v2\/product_cat?post=311854"},{"taxonomy":"product_tag","embeddable":true,"href":"https:\/\/baldumarket.lt\/lt\/wp-json\/wp\/v2\/product_tag?post=311854"}],"curies":[{"name":"wp","href":"https:\/\/api.w.org\/{rel}","templated":true}]}}