{"id":311830,"date":"2026-01-16T07:51:46","date_gmt":"2026-01-16T04:51:46","guid":{"rendered":"https:\/\/baldumarket.lt\/product\/szafka-slupek-60-cm-pod-piekarnik-modena-60-dp-210-2f\/"},"modified":"2026-03-23T13:00:26","modified_gmt":"2026-03-23T10:00:26","slug":"szafka-slupek-60-cm-pod-piekarnik-modena-60-dp-210-2f","status":"publish","type":"product","link":"https:\/\/baldumarket.lt\/lt\/product\/szafka-slupek-60-cm-pod-piekarnik-modena-60-dp-210-2f\/","title":{"rendered":"60 cm kolonos spintel\u0117 Modena 60 DP-210 2F orkaitei"},"content":{"rendered":"<h5><span style=\"color: #54859b\">Apsilankykite m\u016bs\u0173 virtualioje Stolarz-Lempert prek\u0117s \u017eenklo parduotuv\u0117je<\/span><\/h5>\n<p> <a href=\"http:\/\/spacer.lempert.pl\/\" target=\"_blank\" rel=\"noopener\"><span style=\"color: #e47025\">http:\/\/spacer.lempert.pl\/<\/span><\/a><\/p>\n<p>\u201eModena\u201c virtuv\u0117 \u2013 tai lofto stiliaus pasirinkimas i\u0161rankiems skoniams. Paprastos formos ir kontrastingos spalvos \u2013 puikus pasirinkimas moderniai virtuvei.<br \/>\n\u012e rinkin\u012f \u012feina:<br \/>\nauk\u0161tos kokyb\u0117s fasadai i\u0161 laminuotos plok\u0161t\u0117s<br \/>\nerdvios spintel\u0117s<br \/>\nplastikin\u0117s rankenos<br \/>\nmetaliniai vyriai ir stal\u010diai<br \/>\n\u0161velnaus u\u017edarymo priekin\u0117 sistema<br \/>\n\u0161velnaus u\u017edarymo stal\u010di\u0173 sistema<br \/>\nbe kojeli\u0173 \u2013 spintel\u0117s stovi ant r\u0117m\u0173<br \/>\napatin\u0117s spintel\u0117s be stalvir\u0161i\u0173 \u2013 atskiras stalvir\u0161is \u2013 38 mm Artisan Oak<br \/>\nVirtuv\u0117s spalvos:<br \/>\nPriekin\u0117 dalis: matin\u0117 juoda \u2013 apa\u010dia<br \/>\nFasadas: \u201eArtisan Oak\u201c \u2013 vir\u0161uje<br \/>\nKorpusas: Artisan \u0105\u017euolas<br \/>\nRankena 160: matin\u0117 juoda<br \/>\n\u00a0<\/p>","protected":false},"excerpt":{"rendered":"<p>Priekin\u0117s dalies tipas: laminuota plok\u0161t\u0117 \/ MDF \/ lakuota laminuota plok\u0161t\u0117<br \/>\nVirtuv\u0117s spalva: Artisan Oak \/ matin\u0117 juoda<br \/>\nVirtuv\u0117s stilius: Loftas<br \/>\nPriekin\u0117s dalies tipas: laminuota plok\u0161t\u0117 \/ MDF \/ lakuota laminuota plok\u0161t\u0117<\/p>","protected":false},"featured_media":311831,"comment_status":"open","ping_status":"open","template":"","meta":[],"product_brand":[],"product_cat":[9234,9118],"product_tag":[],"class_list":{"0":"post-311830","1":"product","2":"type-product","3":"status-publish","4":"has-post-thumbnail","6":"product_cat-stolarz-lempert","7":"product_cat-kitchen-cabinets","9":"first","10":"instock","11":"purchasable","12":"product-type-simple"},"_links":{"self":[{"href":"https:\/\/baldumarket.lt\/lt\/wp-json\/wp\/v2\/product\/311830","targetHints":{"allow":["GET"]}}],"collection":[{"href":"https:\/\/baldumarket.lt\/lt\/wp-json\/wp\/v2\/product"}],"about":[{"href":"https:\/\/baldumarket.lt\/lt\/wp-json\/wp\/v2\/types\/product"}],"replies":[{"embeddable":true,"href":"https:\/\/baldumarket.lt\/lt\/wp-json\/wp\/v2\/comments?post=311830"}],"wp:featuredmedia":[{"embeddable":true,"href":"https:\/\/baldumarket.lt\/lt\/wp-json\/wp\/v2\/media\/311831"}],"wp:attachment":[{"href":"https:\/\/baldumarket.lt\/lt\/wp-json\/wp\/v2\/media?parent=311830"}],"wp:term":[{"taxonomy":"product_brand","embeddable":true,"href":"https:\/\/baldumarket.lt\/lt\/wp-json\/wp\/v2\/product_brand?post=311830"},{"taxonomy":"product_cat","embeddable":true,"href":"https:\/\/baldumarket.lt\/lt\/wp-json\/wp\/v2\/product_cat?post=311830"},{"taxonomy":"product_tag","embeddable":true,"href":"https:\/\/baldumarket.lt\/lt\/wp-json\/wp\/v2\/product_tag?post=311830"}],"curies":[{"name":"wp","href":"https:\/\/api.w.org\/{rel}","templated":true}]}}