{"id":311822,"date":"2026-01-16T07:51:40","date_gmt":"2026-01-16T04:51:40","guid":{"rendered":"https:\/\/baldumarket.lt\/product\/kuchnia-310-cm-zestaw-kuchenny-lara-white\/"},"modified":"2026-03-23T13:00:26","modified_gmt":"2026-03-23T10:00:26","slug":"kuchnia-310-cm-zestaw-kuchenny-lara-white","status":"publish","type":"product","link":"https:\/\/baldumarket.lt\/lt\/product\/kuchnia-310-cm-zestaw-kuchenny-lara-white\/","title":{"rendered":"Virtuv\u0117 310 cm, Lara White virtuv\u0117s komplektas"},"content":{"rendered":"<h5><span style=\"color: #54859b\">Apsilankykite m\u016bs\u0173 virtualioje Stolarz-Lempert prek\u0117s \u017eenklo parduotuv\u0117je<\/span><\/h5>\n<p> <a href=\"http:\/\/spacer.lempert.pl\/\" target=\"_blank\" rel=\"noopener\"><span style=\"color: #e47025\">http:\/\/spacer.lempert.pl\/<\/span><\/a><\/p>\n<p>Blizgan\u010dioje virtuv\u0117je \u201eLara\u201c yra modernus ir \u012fdomus spinteli\u0173 komplektas \u2013 virtuv\u0117s baldai, kurie tiks prie bet kokio interjero.<br \/>\nVirtuv\u0117je yra de\u0161imtys spinteli\u0173, i\u0161 kuri\u0173 galite susikurti savo komplekt\u0105.<br \/>\nPaprastos formos \u2013 puikus pasirinkimas moderniai virtuvei. Komplekt\u0105 sudaro:<br \/>\nauk\u0161tos kokyb\u0117s MDF fasadai<br \/>\nerdvios spintel\u0117s<br \/>\nmetalin\u0117s rankenos<br \/>\n2,8 cm arba 3,8 cm storio stalvir\u0161iai, pagaminti naudojant pokalimo technologij\u0105, su ergonomi\u0161kai u\u017eapvalinta priekine dalimi (neb\u016btina)<br \/>\nn\u0117ra kojeli\u0173 \u2013 spintel\u0117s stovi ant r\u0117m\u0173<br \/>\nfasadai \u2013 \u0161velnaus u\u017edarymo sistema<br \/>\n\u201eQuadro\u201c \u0161velnaus u\u017edarymo stal\u010di\u0173 sistema<br \/>\n\u00a0<br \/>\nVirtuv\u0117s spalvos:<br \/>\nFasadas: MDF baltai blizgi<br \/>\nKorpusas: baltas<br \/>\nRankena: 128<br \/>\nMetalinis chromuotas b\u0117gelis<br \/>\n\u012e kain\u0105 \u012fskai\u010diuota:<br \/>\n60 cm sand\u0117liuko spintel\u0117 \u2013 60 DK-210 2F<br \/>\n60 cm skersmens orkait\u0117 \u2013 60 DP-210 2F<br \/>\n80 cm stal\u010diai \u2013 80 D 3S BB<br \/>\n60 cm \u2013 60 D 1F BB<br \/>\n50 cm kriaukl\u0117 \u2013 50 ZL 1F BB<br \/>\nVir\u0161uje:<br \/>\n60 cm \u2013 60 G-72 1F<br \/>\n50 cm \u2013 50 G-72 1F<br \/>\nspintel\u0117s be stalvir\u0161i\u0173<\/p>","protected":false},"excerpt":{"rendered":"<p>Plotis [cm]: 310<\/p>","protected":false},"featured_media":311823,"comment_status":"open","ping_status":"open","template":"","meta":[],"product_brand":[],"product_cat":[9234,1932],"product_tag":[],"class_list":{"0":"post-311822","1":"product","2":"type-product","3":"status-publish","4":"has-post-thumbnail","6":"product_cat-stolarz-lempert","7":"product_cat-kitchen-sets","9":"first","10":"instock","11":"purchasable","12":"product-type-simple"},"_links":{"self":[{"href":"https:\/\/baldumarket.lt\/lt\/wp-json\/wp\/v2\/product\/311822","targetHints":{"allow":["GET"]}}],"collection":[{"href":"https:\/\/baldumarket.lt\/lt\/wp-json\/wp\/v2\/product"}],"about":[{"href":"https:\/\/baldumarket.lt\/lt\/wp-json\/wp\/v2\/types\/product"}],"replies":[{"embeddable":true,"href":"https:\/\/baldumarket.lt\/lt\/wp-json\/wp\/v2\/comments?post=311822"}],"wp:featuredmedia":[{"embeddable":true,"href":"https:\/\/baldumarket.lt\/lt\/wp-json\/wp\/v2\/media\/311823"}],"wp:attachment":[{"href":"https:\/\/baldumarket.lt\/lt\/wp-json\/wp\/v2\/media?parent=311822"}],"wp:term":[{"taxonomy":"product_brand","embeddable":true,"href":"https:\/\/baldumarket.lt\/lt\/wp-json\/wp\/v2\/product_brand?post=311822"},{"taxonomy":"product_cat","embeddable":true,"href":"https:\/\/baldumarket.lt\/lt\/wp-json\/wp\/v2\/product_cat?post=311822"},{"taxonomy":"product_tag","embeddable":true,"href":"https:\/\/baldumarket.lt\/lt\/wp-json\/wp\/v2\/product_tag?post=311822"}],"curies":[{"name":"wp","href":"https:\/\/api.w.org\/{rel}","templated":true}]}}