{"id":311681,"date":"2026-01-16T07:49:44","date_gmt":"2026-01-16T04:49:44","guid":{"rendered":"https:\/\/baldumarket.lt\/product\/szafka-slupek-30-cm-lara-cappucino-30-dk-162-cargo-1f-bb\/"},"modified":"2026-03-23T13:00:26","modified_gmt":"2026-03-23T10:00:26","slug":"szafka-slupek-30-cm-lara-cappucino-30-dk-162-cargo-1f-bb","status":"publish","type":"product","link":"https:\/\/baldumarket.lt\/lt\/product\/szafka-slupek-30-cm-lara-cappucino-30-dk-162-cargo-1f-bb\/","title":{"rendered":"Kolonin\u0117 spintel\u0117 30 cm Lara Cappucino 30 DK-162 CARGO 1F BB"},"content":{"rendered":"<h5><span style=\"color: #54859b\">Apsilankykite m\u016bs\u0173 virtualioje Stolarz-Lempert prek\u0117s \u017eenklo parduotuv\u0117je<\/span><\/h5>\n<p> <a href=\"http:\/\/spacer.lempert.pl\/\" target=\"_blank\" rel=\"noopener\"><span style=\"color: #e47025\">http:\/\/spacer.lempert.pl\/<\/span><\/a><\/p>\n<p>Blizgi virtuv\u0117 \u201eLara\u201c \u2013 tai modernus ir patrauklus spinteli\u0173 komplektas \u2013 virtuv\u0117s baldai, kurie tiks prie bet kokio interjero.<br \/>\nVirtuv\u0117je yra de\u0161imtys spinteli\u0173, i\u0161 kuri\u0173 galite susikurti savo komplekt\u0105.<br \/>\nPaprastos formos \u2013 puikus pasirinkimas moderniai virtuvei.<br \/>\n\u012e rinkin\u012f \u012feina:<br \/>\nauk\u0161tos kokyb\u0117s MDF fasadai<br \/>\nerdvios spintel\u0117s<br \/>\nmetalin\u0117s rankenos<br \/>\n2,8 cm arba 3,8 cm storio stalvir\u0161iai, pagaminti naudojant pokalimo technologij\u0105, su ergonomi\u0161kai i\u0161lenktu priekiu (neb\u016btina)<br \/>\nn\u0117ra kojeli\u0173 \u2013 spintel\u0117s stovi ant r\u0117m\u0173<br \/>\nfasadai \u2013 \u0161velnaus u\u017edarymo sistema<br \/>\n\u201eQuadro\u201c \u0161velnaus u\u017edarymo stal\u010di\u0173 sistema<br \/>\nVirtuv\u0117s spalvos:<br \/>\nPriekin\u0117 dalis: MDF plok\u0161t\u0117 kapu\u010dino spalvos blizgiu pavir\u0161iumi<br \/>\nKorpusas: baltas<br \/>\nRankenos: 128<br \/>\nMetalinis chromuotas b\u0117gelis<br \/>\n30 cm Lara 30 DK-162 CARGO 1F BB kolonin\u0117 spintel\u0117 \u2013 su i\u0161traukiamu krovini\u0173 krep\u0161iu. Krovini\u0173 krep\u0161ys apa\u010dioje, lentynos vir\u0161uje.<\/p>","protected":false},"excerpt":{"rendered":"<p>Fasado tipas: Laminuota plok\u0161t\u0117 \/ MDF \/ Lakuota MDF<br \/>\nVirtuv\u0117s spalva: blizgi kapu\u010dino<br \/>\nVirtuv\u0117s stilius: Modernus<br \/>\nFasado tipas: Laminuota plok\u0161t\u0117 \/ MDF \/ Lakuota MDF<br \/>\nAuk\u0161tis be stalvir\u0161io [cm]: 161,5<\/p>","protected":false},"featured_media":311682,"comment_status":"open","ping_status":"open","template":"","meta":[],"product_brand":[],"product_cat":[9234,9118],"product_tag":[],"class_list":{"0":"post-311681","1":"product","2":"type-product","3":"status-publish","4":"has-post-thumbnail","6":"product_cat-stolarz-lempert","7":"product_cat-kitchen-cabinets","9":"first","10":"instock","11":"purchasable","12":"product-type-simple"},"_links":{"self":[{"href":"https:\/\/baldumarket.lt\/lt\/wp-json\/wp\/v2\/product\/311681","targetHints":{"allow":["GET"]}}],"collection":[{"href":"https:\/\/baldumarket.lt\/lt\/wp-json\/wp\/v2\/product"}],"about":[{"href":"https:\/\/baldumarket.lt\/lt\/wp-json\/wp\/v2\/types\/product"}],"replies":[{"embeddable":true,"href":"https:\/\/baldumarket.lt\/lt\/wp-json\/wp\/v2\/comments?post=311681"}],"wp:featuredmedia":[{"embeddable":true,"href":"https:\/\/baldumarket.lt\/lt\/wp-json\/wp\/v2\/media\/311682"}],"wp:attachment":[{"href":"https:\/\/baldumarket.lt\/lt\/wp-json\/wp\/v2\/media?parent=311681"}],"wp:term":[{"taxonomy":"product_brand","embeddable":true,"href":"https:\/\/baldumarket.lt\/lt\/wp-json\/wp\/v2\/product_brand?post=311681"},{"taxonomy":"product_cat","embeddable":true,"href":"https:\/\/baldumarket.lt\/lt\/wp-json\/wp\/v2\/product_cat?post=311681"},{"taxonomy":"product_tag","embeddable":true,"href":"https:\/\/baldumarket.lt\/lt\/wp-json\/wp\/v2\/product_tag?post=311681"}],"curies":[{"name":"wp","href":"https:\/\/api.w.org\/{rel}","templated":true}]}}