{"id":311674,"date":"2026-01-16T07:49:38","date_gmt":"2026-01-16T04:49:38","guid":{"rendered":"https:\/\/baldumarket.lt\/product\/szafka-dolna-80-cm-szuflady-lara-cappucino-80-d3s-bb-quadro\/"},"modified":"2026-03-23T13:00:26","modified_gmt":"2026-03-23T10:00:26","slug":"szafka-dolna-80-cm-szuflady-lara-cappucino-80-d3s-bb-quadro","status":"publish","type":"product","link":"https:\/\/baldumarket.lt\/lt\/product\/szafka-dolna-80-cm-szuflady-lara-cappucino-80-d3s-bb-quadro\/","title":{"rendered":"Apatin\u0117 spintel\u0117 80 cm su stal\u010diais Lara Cappucino 80 D3S BB Quadro"},"content":{"rendered":"<h5><span style=\"color: #54859b\">Apsilankykite m\u016bs\u0173 virtualioje Stolarz-Lempert prek\u0117s \u017eenklo parduotuv\u0117je<\/span><\/h5>\n<p> <a href=\"http:\/\/spacer.lempert.pl\/\" target=\"_blank\" rel=\"noopener\"><span style=\"color: #e47025\">http:\/\/spacer.lempert.pl\/<\/span><\/a><\/p>\n<p>Blizgi virtuv\u0117 \u201eLara\u201c \u2013 tai modernus ir patrauklus spinteli\u0173 komplektas \u2013 virtuv\u0117s baldai, kurie tiks prie bet kokio interjero.<br \/>\nVirtuv\u0117je yra de\u0161imtys spinteli\u0173, i\u0161 kuri\u0173 galite susikurti savo komplekt\u0105.<br \/>\nPaprastos formos \u2013 puikus pasirinkimas moderniai virtuvei.<br \/>\n\u012e rinkin\u012f \u012feina:<br \/>\nAuk\u0161tos kokyb\u0117s MDF fasadai<br \/>\nErdvios spintel\u0117s<br \/>\nMetalin\u0117s rankenos<br \/>\n2,8 cm arba 3,8 cm storio stalvir\u0161iai, pagaminti naudojant pokalimo technologij\u0105, su ergonomi\u0161kai i\u0161lenktu priekiu (neb\u016btina)<br \/>\nBe kojeli\u0173 \u2013 spintel\u0117s stovi ant r\u0117m\u0173<br \/>\nFasadai \u2013 \u0161velnaus u\u017edarymo sistema<br \/>\n\u201eQuadro\u201c \u0161velnaus u\u017edarymo stal\u010di\u0173 sistema<br \/>\nVirtuv\u0117s spalvos:<br \/>\nPriekin\u0117 dalis: MDF plok\u0161t\u0117 kapu\u010dino spalvos blizgiu pavir\u0161iumi<br \/>\nKorpusas: baltas<br \/>\nRankena: 128 mm chromuotas metalinis b\u0117gelis<br \/>\n80 cm Lara apatin\u0117 spintel\u0117 \u2013 su stal\u010diais. Quadro variantas \u2013 su metalin\u0117mis b\u0117gel\u0117mis, stal\u010diaus \u0161onai ir nugar\u0117l\u0117 pagaminti i\u0161 med\u017eio dro\u017eli\u0173 plok\u0161t\u0117s, dugnas \u2013 2,5 mm storio kapak.<\/p>","protected":false},"excerpt":{"rendered":"<p>Fasado tipas: Laminuota plok\u0161t\u0117 \/ MDF \/ Lakuota MDF<br \/>\nVirtuv\u0117s spalva: blizgi kapu\u010dino<br \/>\nVirtuv\u0117s stilius: Modernus<br \/>\nFasado tipas: Laminuota plok\u0161t\u0117 \/ MDF \/ Lakuota MDF<br \/>\nAuk\u0161tis be stalvir\u0161io [cm]: 82<\/p>","protected":false},"featured_media":311675,"comment_status":"open","ping_status":"open","template":"","meta":[],"product_brand":[],"product_cat":[9234,9118],"product_tag":[],"class_list":{"0":"post-311674","1":"product","2":"type-product","3":"status-publish","4":"has-post-thumbnail","6":"product_cat-stolarz-lempert","7":"product_cat-kitchen-cabinets","9":"first","10":"instock","11":"purchasable","12":"product-type-simple"},"_links":{"self":[{"href":"https:\/\/baldumarket.lt\/lt\/wp-json\/wp\/v2\/product\/311674","targetHints":{"allow":["GET"]}}],"collection":[{"href":"https:\/\/baldumarket.lt\/lt\/wp-json\/wp\/v2\/product"}],"about":[{"href":"https:\/\/baldumarket.lt\/lt\/wp-json\/wp\/v2\/types\/product"}],"replies":[{"embeddable":true,"href":"https:\/\/baldumarket.lt\/lt\/wp-json\/wp\/v2\/comments?post=311674"}],"wp:featuredmedia":[{"embeddable":true,"href":"https:\/\/baldumarket.lt\/lt\/wp-json\/wp\/v2\/media\/311675"}],"wp:attachment":[{"href":"https:\/\/baldumarket.lt\/lt\/wp-json\/wp\/v2\/media?parent=311674"}],"wp:term":[{"taxonomy":"product_brand","embeddable":true,"href":"https:\/\/baldumarket.lt\/lt\/wp-json\/wp\/v2\/product_brand?post=311674"},{"taxonomy":"product_cat","embeddable":true,"href":"https:\/\/baldumarket.lt\/lt\/wp-json\/wp\/v2\/product_cat?post=311674"},{"taxonomy":"product_tag","embeddable":true,"href":"https:\/\/baldumarket.lt\/lt\/wp-json\/wp\/v2\/product_tag?post=311674"}],"curies":[{"name":"wp","href":"https:\/\/api.w.org\/{rel}","templated":true}]}}