{"id":311532,"date":"2026-01-16T07:47:50","date_gmt":"2026-01-16T04:47:50","guid":{"rendered":"https:\/\/baldumarket.lt\/product\/regal-gorny-otwarty-zakonczeniowy-30-cm-bialy-30-g-72-zak\/"},"modified":"2026-03-23T13:00:26","modified_gmt":"2026-03-23T10:00:26","slug":"regal-gorny-otwarty-zakonczeniowy-30-cm-bialy-30-g-72-zak","status":"publish","type":"product","link":"https:\/\/baldumarket.lt\/lt\/product\/regal-gorny-otwarty-zakonczeniowy-30-cm-bialy-30-g-72-zak\/","title":{"rendered":"Atvira vir\u0161utin\u0117 lentyna su galu 30 cm balta 30 G-72 ZAK"},"content":{"rendered":"<h5><span style=\"color: #54859b\">Apsilankykite m\u016bs\u0173 virtualioje Stolarz-Lempert prek\u0117s \u017eenklo parduotuv\u0117je<\/span><\/h5>\n<p> <a href=\"http:\/\/spacer.lempert.pl\/\" target=\"_blank\" rel=\"noopener\"><span style=\"color: #e47025\">http:\/\/spacer.lempert.pl\/<\/span><\/a><\/p>\n<p>Atvira vir\u0161utin\u0117 lentyna su galiniu dangteliu, 30 cm, matin\u0117s baltos spalvos, tinka prie \u201eLempert 10\u201c spinteli\u0173<br \/>\n\u00a0<br \/>\nSpecifikacijos:<br \/>\n16 mm laminuota plok\u0161t\u0117<br \/>\nPakabinama spintel\u0117<br \/>\nTuri dvi lentynas<br \/>\nSpintel\u0117s auk\u0161tis: 72 cm<\/p>","protected":false},"excerpt":{"rendered":"<p>Auk\u0161tis [cm]: 72<br \/>\nGylis [cm]: 30<br \/>\nPlotis [cm]: 30<br \/>\nAuk\u0161tis [cm]: 72<\/p>","protected":false},"featured_media":311533,"comment_status":"open","ping_status":"open","template":"","meta":[],"product_brand":[],"product_cat":[9234,9118],"product_tag":[],"class_list":{"0":"post-311532","1":"product","2":"type-product","3":"status-publish","4":"has-post-thumbnail","6":"product_cat-stolarz-lempert","7":"product_cat-kitchen-cabinets","9":"first","10":"instock","11":"purchasable","12":"product-type-simple"},"_links":{"self":[{"href":"https:\/\/baldumarket.lt\/lt\/wp-json\/wp\/v2\/product\/311532","targetHints":{"allow":["GET"]}}],"collection":[{"href":"https:\/\/baldumarket.lt\/lt\/wp-json\/wp\/v2\/product"}],"about":[{"href":"https:\/\/baldumarket.lt\/lt\/wp-json\/wp\/v2\/types\/product"}],"replies":[{"embeddable":true,"href":"https:\/\/baldumarket.lt\/lt\/wp-json\/wp\/v2\/comments?post=311532"}],"wp:featuredmedia":[{"embeddable":true,"href":"https:\/\/baldumarket.lt\/lt\/wp-json\/wp\/v2\/media\/311533"}],"wp:attachment":[{"href":"https:\/\/baldumarket.lt\/lt\/wp-json\/wp\/v2\/media?parent=311532"}],"wp:term":[{"taxonomy":"product_brand","embeddable":true,"href":"https:\/\/baldumarket.lt\/lt\/wp-json\/wp\/v2\/product_brand?post=311532"},{"taxonomy":"product_cat","embeddable":true,"href":"https:\/\/baldumarket.lt\/lt\/wp-json\/wp\/v2\/product_cat?post=311532"},{"taxonomy":"product_tag","embeddable":true,"href":"https:\/\/baldumarket.lt\/lt\/wp-json\/wp\/v2\/product_tag?post=311532"}],"curies":[{"name":"wp","href":"https:\/\/api.w.org\/{rel}","templated":true}]}}