{"id":311528,"date":"2026-01-16T07:47:47","date_gmt":"2026-01-16T04:47:47","guid":{"rendered":"https:\/\/baldumarket.lt\/product\/regal-gorny-otwarty-15-cm-bialy-15-gotw-72\/"},"modified":"2026-03-23T13:00:26","modified_gmt":"2026-03-23T10:00:26","slug":"regal-gorny-otwarty-15-cm-bialy-15-gotw-72","status":"publish","type":"product","link":"https:\/\/baldumarket.lt\/lt\/product\/regal-gorny-otwarty-15-cm-bialy-15-gotw-72\/","title":{"rendered":"Atvira vir\u0161utin\u0117 lentyna 15 cm balta 15 GOTW-72"},"content":{"rendered":"<h5><span style=\"color: #54859b\">Apsilankykite m\u016bs\u0173 virtualioje Stolarz-Lempert prek\u0117s \u017eenklo parduotuv\u0117je<\/span><\/h5>\n<p> <a href=\"http:\/\/spacer.lempert.pl\/\" target=\"_blank\" rel=\"noopener\"><span style=\"color: #e47025\">http:\/\/spacer.lempert.pl\/<\/span><\/a><\/p>\n<p>15 cm atvira lentyna \u2013 matin\u0117s baltos spalvos \u2013 tinka 10 \u201eLempert\u201c spinteli\u0173<br \/>\n\u00a0<br \/>\nSpecifikacijos:<br \/>\n16 mm laminuota plok\u0161t\u0117<br \/>\nPakabinama spintel\u0117<br \/>\nKeturios lentynos<br \/>\n72 cm auk\u0161\u010dio spintel\u0117<\/p>","protected":false},"excerpt":{"rendered":"<p>Auk\u0161tis [cm]: 72<br \/>\nGylis [cm]: 30<br \/>\nPlotis [cm]: 15<br \/>\nAuk\u0161tis [cm]: 72<\/p>","protected":false},"featured_media":311529,"comment_status":"open","ping_status":"open","template":"","meta":[],"product_brand":[],"product_cat":[9234,9118],"product_tag":[],"class_list":{"0":"post-311528","1":"product","2":"type-product","3":"status-publish","4":"has-post-thumbnail","6":"product_cat-stolarz-lempert","7":"product_cat-kitchen-cabinets","9":"first","10":"instock","11":"purchasable","12":"product-type-simple"},"_links":{"self":[{"href":"https:\/\/baldumarket.lt\/lt\/wp-json\/wp\/v2\/product\/311528","targetHints":{"allow":["GET"]}}],"collection":[{"href":"https:\/\/baldumarket.lt\/lt\/wp-json\/wp\/v2\/product"}],"about":[{"href":"https:\/\/baldumarket.lt\/lt\/wp-json\/wp\/v2\/types\/product"}],"replies":[{"embeddable":true,"href":"https:\/\/baldumarket.lt\/lt\/wp-json\/wp\/v2\/comments?post=311528"}],"wp:featuredmedia":[{"embeddable":true,"href":"https:\/\/baldumarket.lt\/lt\/wp-json\/wp\/v2\/media\/311529"}],"wp:attachment":[{"href":"https:\/\/baldumarket.lt\/lt\/wp-json\/wp\/v2\/media?parent=311528"}],"wp:term":[{"taxonomy":"product_brand","embeddable":true,"href":"https:\/\/baldumarket.lt\/lt\/wp-json\/wp\/v2\/product_brand?post=311528"},{"taxonomy":"product_cat","embeddable":true,"href":"https:\/\/baldumarket.lt\/lt\/wp-json\/wp\/v2\/product_cat?post=311528"},{"taxonomy":"product_tag","embeddable":true,"href":"https:\/\/baldumarket.lt\/lt\/wp-json\/wp\/v2\/product_tag?post=311528"}],"curies":[{"name":"wp","href":"https:\/\/api.w.org\/{rel}","templated":true}]}}