{"id":311374,"date":"2026-01-16T07:45:37","date_gmt":"2026-01-16T04:45:37","guid":{"rendered":"https:\/\/baldumarket.lt\/product\/szafka-gorna-80-cm-lara-grey-80-g-72-2f\/"},"modified":"2026-01-17T01:42:46","modified_gmt":"2026-01-16T22:42:46","slug":"szafka-gorna-80-cm-lara-grey-80-g-72-2f","status":"publish","type":"product","link":"https:\/\/baldumarket.lt\/lt\/produktas\/szafka-gorna-80-cm-lara-grey-80-g-72-2f\/","title":{"rendered":"Szafka g\u00f3rna 80 cm Lara Grey 80 G-72 2F"},"content":{"rendered":"<p>The Lara glossy kitchen is a set of modern and attractive cabinets \u2013 kitchen furniture that will fit into any interior.<br \/>\nVirtuv\u0117je yra de\u0161imtys spinteli\u0173, i\u0161 kuri\u0173 galite susikurti savo komplekt\u0105.<br \/>\nThe simple shapes are the perfect choice for a modern kitchen.<br \/>\n\u012e rinkin\u012f \u012feina:<br \/>\nhigh-quality fronts made of MDF<br \/>\nerdvios spintel\u0117s<br \/>\nmetalin\u0117s rankenos<br \/>\n2,8 cm arba 3,8 cm storio stalvir\u0161iai, pagaminti naudojant pokalimo technologij\u0105, su ergonomi\u0161kai i\u0161lenktu priekiu (neb\u016btina)<br \/>\nno legs &#8211; the cabinets stand on frames<br \/>\nfasadai \u2013 \u0161velnaus u\u017edarymo sistema<br \/>\nQuadro soft-close drawer system<br \/>\nVirtuv\u0117s spalvos:<br \/>\nFronts: MDF Grey gloss<br \/>\nKorpusas: baltas<br \/>\nHandles: 128mm<br \/>\nMetal chrome rail<br \/>\n80 cm top cabinet &#8211; two shelves inside.<\/p>","protected":false},"excerpt":{"rendered":"<p>Front Type: Laminated MDF\/MDF\/Lacquered MDF<br \/>\nKitchen Color: Glossy Gray<br \/>\nVirtuv\u0117s stilius: Modernus<br \/>\nFront Type: Laminated MDF\/MDF\/Lacquered MDF<\/p>","protected":false},"featured_media":311375,"comment_status":"open","ping_status":"open","template":"","meta":[],"product_brand":[],"product_cat":[9234,9118],"product_tag":[],"class_list":{"0":"post-311374","1":"product","2":"type-product","3":"status-publish","4":"has-post-thumbnail","6":"product_cat-stolarz-lempert","7":"product_cat-kitchen-cabinets","9":"first","10":"instock","11":"purchasable","12":"product-type-simple"},"_links":{"self":[{"href":"https:\/\/baldumarket.lt\/lt\/wp-json\/wp\/v2\/product\/311374","targetHints":{"allow":["GET"]}}],"collection":[{"href":"https:\/\/baldumarket.lt\/lt\/wp-json\/wp\/v2\/product"}],"about":[{"href":"https:\/\/baldumarket.lt\/lt\/wp-json\/wp\/v2\/types\/product"}],"replies":[{"embeddable":true,"href":"https:\/\/baldumarket.lt\/lt\/wp-json\/wp\/v2\/comments?post=311374"}],"wp:featuredmedia":[{"embeddable":true,"href":"https:\/\/baldumarket.lt\/lt\/wp-json\/wp\/v2\/media\/311375"}],"wp:attachment":[{"href":"https:\/\/baldumarket.lt\/lt\/wp-json\/wp\/v2\/media?parent=311374"}],"wp:term":[{"taxonomy":"product_brand","embeddable":true,"href":"https:\/\/baldumarket.lt\/lt\/wp-json\/wp\/v2\/product_brand?post=311374"},{"taxonomy":"product_cat","embeddable":true,"href":"https:\/\/baldumarket.lt\/lt\/wp-json\/wp\/v2\/product_cat?post=311374"},{"taxonomy":"product_tag","embeddable":true,"href":"https:\/\/baldumarket.lt\/lt\/wp-json\/wp\/v2\/product_tag?post=311374"}],"curies":[{"name":"wp","href":"https:\/\/api.w.org\/{rel}","templated":true}]}}