{"id":311307,"date":"2026-01-16T07:44:45","date_gmt":"2026-01-16T04:44:45","guid":{"rendered":"https:\/\/baldumarket.lt\/product\/szafka-slupek-niski-60-cm-piekarnik-lara-grey-60-dkpl-162-1f-bb\/"},"modified":"2026-03-23T13:00:26","modified_gmt":"2026-03-23T10:00:26","slug":"szafka-slupek-niski-60-cm-piekarnik-lara-grey-60-dkpl-162-1f-bb","status":"publish","type":"product","link":"https:\/\/baldumarket.lt\/lt\/product\/szafka-slupek-niski-60-cm-piekarnik-lara-grey-60-dkpl-162-1f-bb\/","title":{"rendered":"\u017dema spintel\u0117 su kolon\u0117le 60 cm Lara Gray 60 orkait\u0117 DKPL-162 1F BB"},"content":{"rendered":"<h5><span style=\"color: #54859b\">Apsilankykite m\u016bs\u0173 virtualioje Stolarz-Lempert prek\u0117s \u017eenklo parduotuv\u0117je<\/span><\/h5>\n<p> <a href=\"http:\/\/spacer.lempert.pl\/\" target=\"_blank\" rel=\"noopener\"><span style=\"color: #e47025\">http:\/\/spacer.lempert.pl\/<\/span><\/a><\/p>\n<p>Blizgi virtuv\u0117 \u201eLara\u201c \u2013 tai modernus ir patrauklus spinteli\u0173 komplektas \u2013 virtuv\u0117s baldai, kurie tiks prie bet kokio interjero.<br \/>\nVirtuv\u0117je yra de\u0161imtys spinteli\u0173, i\u0161 kuri\u0173 galite susikurti savo komplekt\u0105.<br \/>\nPaprastos formos \u2013 puikus pasirinkimas moderniai virtuvei.<br \/>\n\u012e rinkin\u012f \u012feina:<br \/>\nAuk\u0161tos kokyb\u0117s MDF fasadai<br \/>\nErdvios spintel\u0117s<br \/>\nMetalin\u0117s rankenos<br \/>\n2,8 cm arba 3,8 cm storio stalvir\u0161iai, pagaminti naudojant pokalimo technologij\u0105, su ergonomi\u0161kai i\u0161lenktu priekiu (neb\u016btina)<br \/>\nBe kojeli\u0173 \u2013 spintel\u0117s stovi ant r\u0117m\u0173<br \/>\nFasadai \u2013 \u0161velnaus u\u017edarymo sistema<br \/>\n\u201eQuadro\u201c \u0161velnaus u\u017edarymo stal\u010di\u0173 sistema<br \/>\nVirtuv\u0117s spalvos:<br \/>\nFasadas: Blizgi pilka MDF plok\u0161t\u0117<br \/>\nKorpusas: baltas<br \/>\nRankenos: 128 mm chromuotas metalinis b\u0117gelis<br \/>\nLara pilka \u017eema spintel\u0117 orkait\u0117ms, 60 cm.<\/p>","protected":false},"excerpt":{"rendered":"<p>Priekin\u0117s plok\u0161t\u0117s tipas: laminuota MDF\/MDF\/lakuota MDF<br \/>\nVirtuv\u0117s spalva: blizgi pilka<br \/>\nVirtuv\u0117s stilius: Modernus<br \/>\nPriekin\u0117s plok\u0161t\u0117s tipas: laminuota MDF\/MDF\/lakuota MDF<\/p>","protected":false},"featured_media":311308,"comment_status":"open","ping_status":"open","template":"","meta":[],"product_brand":[],"product_cat":[9234,9118],"product_tag":[],"class_list":{"0":"post-311307","1":"product","2":"type-product","3":"status-publish","4":"has-post-thumbnail","6":"product_cat-stolarz-lempert","7":"product_cat-kitchen-cabinets","9":"first","10":"instock","11":"purchasable","12":"product-type-simple"},"_links":{"self":[{"href":"https:\/\/baldumarket.lt\/lt\/wp-json\/wp\/v2\/product\/311307","targetHints":{"allow":["GET"]}}],"collection":[{"href":"https:\/\/baldumarket.lt\/lt\/wp-json\/wp\/v2\/product"}],"about":[{"href":"https:\/\/baldumarket.lt\/lt\/wp-json\/wp\/v2\/types\/product"}],"replies":[{"embeddable":true,"href":"https:\/\/baldumarket.lt\/lt\/wp-json\/wp\/v2\/comments?post=311307"}],"wp:featuredmedia":[{"embeddable":true,"href":"https:\/\/baldumarket.lt\/lt\/wp-json\/wp\/v2\/media\/311308"}],"wp:attachment":[{"href":"https:\/\/baldumarket.lt\/lt\/wp-json\/wp\/v2\/media?parent=311307"}],"wp:term":[{"taxonomy":"product_brand","embeddable":true,"href":"https:\/\/baldumarket.lt\/lt\/wp-json\/wp\/v2\/product_brand?post=311307"},{"taxonomy":"product_cat","embeddable":true,"href":"https:\/\/baldumarket.lt\/lt\/wp-json\/wp\/v2\/product_cat?post=311307"},{"taxonomy":"product_tag","embeddable":true,"href":"https:\/\/baldumarket.lt\/lt\/wp-json\/wp\/v2\/product_tag?post=311307"}],"curies":[{"name":"wp","href":"https:\/\/api.w.org\/{rel}","templated":true}]}}