{"id":311022,"date":"2026-01-16T07:41:10","date_gmt":"2026-01-16T04:41:10","guid":{"rendered":"https:\/\/baldumarket.lt\/product\/szafka-slupek-40-cm-spizarka-artisan-cappuccino-polysk-40-dk-210-2f\/"},"modified":"2026-04-23T18:59:00","modified_gmt":"2026-04-23T15:59:00","slug":"szafka-slupek-40-cm-spizarka-artisan-cappuccino-polysk-40-dk-210-2f","status":"publish","type":"product","link":"https:\/\/baldumarket.lt\/lt\/product\/szafka-slupek-40-cm-spizarka-artisan-cappuccino-polysk-40-dk-210-2f\/","title":{"rendered":"Artisan kapu\u010dino blizgi 40 cm sand\u0117liuko spintel\u0117 DK-210 2F"},"content":{"rendered":"<h5><span style=\"color: #54859b\">Apsilankykite m\u016bs\u0173 virtualioje Stolarz-Lempert prek\u0117s \u017eenklo parduotuv\u0117je<\/span><\/h5>\n<p> <a href=\"http:\/\/spacer.lempert.pl\/\" target=\"_blank\" rel=\"noopener\"><span style=\"color: #e47025\">http:\/\/spacer.lempert.pl\/<\/span><\/a><\/p>\n<p>\u201eArtisan Kitchen\u201c \u2013 tai modern\u016bs ir \u012fdom\u016bs baldai, kurie tiks prie bet kokio interjero.<br \/>\nVirtuv\u0117je yra de\u0161imtys spinteli\u0173, i\u0161 kuri\u0173 galite susikurti savo komplekt\u0105.<br \/>\nPaprastos formos \u2013 puikus pasirinkimas moderniai virtuvei.<br \/>\n\u012e rinkin\u012f \u012feina:<br \/>\nAuk\u0161tos kokyb\u0117s MDF fasadai<br \/>\nErdvios spintel\u0117s<br \/>\nMetalin\u0117s rankenos<br \/>\nVyriai \u2013 \u0161velniai u\u017esidarantys<br \/>\nStal\u010diai \u2013 auk\u0161\u010diausios kokyb\u0117s d\u0117\u017eut\u0117 su \u0161velnaus u\u017edarymo sistema<br \/>\n2,8 cm arba 3,8 cm storio stalvir\u0161is, pagamintas naudojant pokalimo technologij\u0105, su ergonomi\u0161kai u\u017eapvalinta priekine dalimi (neb\u016btina)<br \/>\nVirtuv\u0117 be koj\u0173, montuojama ant cokoli\u0173<br \/>\nBaldai si\u016blomi penki\u0173 patraukli\u0173 spalv\u0173 \u2013 apsilankykite m\u016bs\u0173 svetain\u0117je:<br \/>\nVirtuv\u0117s spalvos:<br \/>\nFasadas: MDF kapu\u010dino pusiau apdirbtas \/ PVC kapu\u010dino pusiau apdirbtas \/ Artisan \u0105\u017euolas<br \/>\nKorpusas: Artisan \u0105\u017euolas<br \/>\nRankena: metalas 128-9408<br \/>\nCokolin\u0117s grindys: \u0105\u017euolas i\u0161 rank\u0173 darbo<br \/>\nVir\u0161utinio storio: 28 mm arba 38 mm<br \/>\n40 cm \u201eArtisan\u201c sand\u0117liuko spintel\u0117, kapu\u010dino spalvos, blizgi, 40 DK-210 2F \u2013 lentynos viduryje.<\/p>","protected":false},"excerpt":{"rendered":"<p>Auk\u0161tis [cm]: 210<br \/>\nVirtuv\u0117s spalva: Blizgi kapu\u010dino<br \/>\nPriekin\u0117s dalies tipas: laminuota plok\u0161t\u0117\/MDF\/lakas, 16 mm storio MDF (blizgi kapu\u010dino spalva) ir 16 mm storio laminuota plok\u0161t\u0117 (amatinink\u0173 gamybos)<br \/>\nAuk\u0161tis [cm]: 210<\/p>","protected":false},"featured_media":311023,"comment_status":"open","ping_status":"open","template":"","meta":[],"product_brand":[],"product_cat":[9234,9118],"product_tag":[],"class_list":{"0":"post-311022","1":"product","2":"type-product","3":"status-publish","4":"has-post-thumbnail","6":"product_cat-stolarz-lempert","7":"product_cat-kitchen-cabinets","9":"first","10":"instock","11":"purchasable","12":"product-type-simple"},"_links":{"self":[{"href":"https:\/\/baldumarket.lt\/lt\/wp-json\/wp\/v2\/product\/311022","targetHints":{"allow":["GET"]}}],"collection":[{"href":"https:\/\/baldumarket.lt\/lt\/wp-json\/wp\/v2\/product"}],"about":[{"href":"https:\/\/baldumarket.lt\/lt\/wp-json\/wp\/v2\/types\/product"}],"replies":[{"embeddable":true,"href":"https:\/\/baldumarket.lt\/lt\/wp-json\/wp\/v2\/comments?post=311022"}],"wp:featuredmedia":[{"embeddable":true,"href":"https:\/\/baldumarket.lt\/lt\/wp-json\/wp\/v2\/media\/311023"}],"wp:attachment":[{"href":"https:\/\/baldumarket.lt\/lt\/wp-json\/wp\/v2\/media?parent=311022"}],"wp:term":[{"taxonomy":"product_brand","embeddable":true,"href":"https:\/\/baldumarket.lt\/lt\/wp-json\/wp\/v2\/product_brand?post=311022"},{"taxonomy":"product_cat","embeddable":true,"href":"https:\/\/baldumarket.lt\/lt\/wp-json\/wp\/v2\/product_cat?post=311022"},{"taxonomy":"product_tag","embeddable":true,"href":"https:\/\/baldumarket.lt\/lt\/wp-json\/wp\/v2\/product_tag?post=311022"}],"curies":[{"name":"wp","href":"https:\/\/api.w.org\/{rel}","templated":true}]}}