{"id":310886,"date":"2026-01-16T07:39:25","date_gmt":"2026-01-16T04:39:25","guid":{"rendered":"https:\/\/baldumarket.lt\/product\/szafa-czterodrzwiowa-z-lustrami-elena-4d-dab-sonoma\/"},"modified":"2026-04-23T18:59:26","modified_gmt":"2026-04-23T15:59:26","slug":"szafa-czterodrzwiowa-z-lustrami-elena-4d-dab-sonoma","status":"publish","type":"product","link":"https:\/\/baldumarket.lt\/lt\/product\/szafa-czterodrzwiowa-z-lustrami-elena-4d-dab-sonoma\/","title":{"rendered":"Elena 4D keturi\u0173 dur\u0173 spinta su veidrod\u017eiais, Sonoma \u0105\u017euolas"},"content":{"rendered":"<h5><span style=\"color: #54859b\">Apsilankykite m\u016bs\u0173 virtualioje Stolarz-Lempert prek\u0117s \u017eenklo parduotuv\u0117je<\/span><\/h5>\n<p> <a href=\"http:\/\/spacer.lempert.pl\/\" target=\"_blank\" rel=\"noopener\"><span style=\"color: #e47025\">http:\/\/spacer.lempert.pl\/<\/span><\/a><\/p>\n<p>Keturi\u0173 dur\u0173 spinta pagaminta i\u0161 laminuotos plok\u0161t\u0117s ir turi lentynas, b\u0117gelius bei du stal\u010dius.<br \/>\nPriekin\u0117se pus\u0117se yra du veidrod\u0117liai.<br \/>\nSpinta galima u\u017esisakyti su nuotraukoje pavaizduotu 55 cm auk\u0161\u010dio praplatinimu ir baltu spinteliu \u2013 teiraukit\u0117s d\u0117l papildom\u0173 variant\u0173.<br \/>\nSpalva:<br \/>\nSONOMA \u0104\u017dUOLO laminato fasadai<br \/>\nSONOMA \u0104\u017dUOLAS Laminuotas korpusas<br \/>\nTaip pat galima \u012fsigyti Lefkas \u0105\u017euolo ir matin\u0117s baltos spalvos<br \/>\nSidabrin\u0117s plastikin\u0117s rankenos<br \/>\nElenos spintos gali b\u016bti naudojamos kuriant didel\u0119 modulin\u0119 spint\u0105.<br \/>\nPakuot\u0117s matmenys:<br \/>\n1\/4 pakuot\u0117s \u2013 0,107 m3<br \/>\n1825 x 585 x 100 mm<br \/>\nSvoris \u2013 45,00 kg<br \/>\n2\/4 pakuot\u0117s \u2013 0,105 m3<br \/>\n1915 x 565 x 55 mm<br \/>\nSvoris \u2013 25,00 kg<br \/>\n3\/4 pakuot\u0117s \u2013 0,064 m3<br \/>\n1995 x 585 x 55 mm<br \/>\nsvoris \u2013 38,00 kg.<br \/>\n4\/4 pakuot\u0117 \u2013 0,084 m3<br \/>\n1830 x 485 x 95 mm<br \/>\nsvoris \u2013 48,00 kg.<\/p>","protected":false},"excerpt":{"rendered":"<p>Gylis [cm]: 53<br \/>\nPlotis [cm]: 176,3<br \/>\nAuk\u0161tis [cm]: 190<br \/>\nGylis [cm]: 53<\/p>","protected":false},"featured_media":310887,"comment_status":"open","ping_status":"open","template":"","meta":[],"product_brand":[],"product_cat":[9234,1177],"product_tag":[],"class_list":{"0":"post-310886","1":"product","2":"type-product","3":"status-publish","4":"has-post-thumbnail","6":"product_cat-stolarz-lempert","7":"product_cat-wardrobes","9":"first","10":"instock","11":"purchasable","12":"product-type-simple"},"_links":{"self":[{"href":"https:\/\/baldumarket.lt\/lt\/wp-json\/wp\/v2\/product\/310886","targetHints":{"allow":["GET"]}}],"collection":[{"href":"https:\/\/baldumarket.lt\/lt\/wp-json\/wp\/v2\/product"}],"about":[{"href":"https:\/\/baldumarket.lt\/lt\/wp-json\/wp\/v2\/types\/product"}],"replies":[{"embeddable":true,"href":"https:\/\/baldumarket.lt\/lt\/wp-json\/wp\/v2\/comments?post=310886"}],"wp:featuredmedia":[{"embeddable":true,"href":"https:\/\/baldumarket.lt\/lt\/wp-json\/wp\/v2\/media\/310887"}],"wp:attachment":[{"href":"https:\/\/baldumarket.lt\/lt\/wp-json\/wp\/v2\/media?parent=310886"}],"wp:term":[{"taxonomy":"product_brand","embeddable":true,"href":"https:\/\/baldumarket.lt\/lt\/wp-json\/wp\/v2\/product_brand?post=310886"},{"taxonomy":"product_cat","embeddable":true,"href":"https:\/\/baldumarket.lt\/lt\/wp-json\/wp\/v2\/product_cat?post=310886"},{"taxonomy":"product_tag","embeddable":true,"href":"https:\/\/baldumarket.lt\/lt\/wp-json\/wp\/v2\/product_tag?post=310886"}],"curies":[{"name":"wp","href":"https:\/\/api.w.org\/{rel}","templated":true}]}}