{"id":310708,"date":"2026-01-16T07:37:08","date_gmt":"2026-01-16T04:37:08","guid":{"rendered":"https:\/\/baldumarket.lt\/product\/mebloscianka-rumba-dab-lefkas\/"},"modified":"2026-04-23T18:59:54","modified_gmt":"2026-04-23T15:59:54","slug":"mebloscianka-rumba-dab-lefkas","status":"publish","type":"product","link":"https:\/\/baldumarket.lt\/lt\/product\/mebloscianka-rumba-dab-lefkas\/","title":{"rendered":"Rumba sienin\u0117 spintel\u0117 \u2013 Lefkas \u0105\u017euolas"},"content":{"rendered":"<h5><span style=\"color: #54859b\">Apsilankykite m\u016bs\u0173 virtualioje Stolarz-Lempert prek\u0117s \u017eenklo parduotuv\u0117je<\/span><\/h5>\n<p> <a href=\"http:\/\/spacer.lempert.pl\/\" target=\"_blank\" rel=\"noopener\"><span style=\"color: #e47025\">http:\/\/spacer.lempert.pl\/<\/span><\/a><\/p>\n<p>\u201eRumba\u201c sienin\u0117 spintel\u0117 \u2013 tai modernus ir lengvas svetain\u0117s bald\u0173 komplektas, kurio kompakti\u0161kas dydis pad\u0117s i\u0161laikyti tvark\u0105 ir organizuotum\u0105 bet kuriame kambaryje.<br \/>\nSienin\u0117 spintel\u0117 gali b\u016bti su \u201eLefkas\u201c \u0105\u017euolo fasadais ir r\u0117mais.<br \/>\nJ\u012f sudaro didel\u0117 vitrina, ma\u017ea vitrina, televizoriaus staliukas ir lentyna.<br \/>\nKomplekt\u0105 sudaro trys komodos \u2013 paie\u0161kos juostoje \u012fveskite \u017eod\u012f \u201eRumba\u201c.<br \/>\nLED ap\u0161vietimas \u2013 6 ta\u0161kai, galima \u012fsigyti kaip papildom\u0105 parinkt\u012f.<br \/>\n\u201eLefkas\u201c \u0105\u017euolo lenta yra \u0161iek tiek tamsesn\u0117 nei pagrindinio dizaino nuotraukoje \u2013 lentos spalv\u0105 \u017er. paskutin\u0117je nuotraukoje.<\/p>","protected":false},"excerpt":{"rendered":"<p>Plotis [cm]: 270<br \/>\nAuk\u0161tis [cm]: 190<br \/>\ngylis [cm]: 40<\/p>","protected":false},"featured_media":310709,"comment_status":"open","ping_status":"open","template":"","meta":[],"product_brand":[],"product_cat":[9234,2008],"product_tag":[],"class_list":{"0":"post-310708","1":"product","2":"type-product","3":"status-publish","4":"has-post-thumbnail","6":"product_cat-stolarz-lempert","7":"product_cat-wall-units","9":"first","10":"instock","11":"purchasable","12":"product-type-simple"},"_links":{"self":[{"href":"https:\/\/baldumarket.lt\/lt\/wp-json\/wp\/v2\/product\/310708","targetHints":{"allow":["GET"]}}],"collection":[{"href":"https:\/\/baldumarket.lt\/lt\/wp-json\/wp\/v2\/product"}],"about":[{"href":"https:\/\/baldumarket.lt\/lt\/wp-json\/wp\/v2\/types\/product"}],"replies":[{"embeddable":true,"href":"https:\/\/baldumarket.lt\/lt\/wp-json\/wp\/v2\/comments?post=310708"}],"wp:featuredmedia":[{"embeddable":true,"href":"https:\/\/baldumarket.lt\/lt\/wp-json\/wp\/v2\/media\/310709"}],"wp:attachment":[{"href":"https:\/\/baldumarket.lt\/lt\/wp-json\/wp\/v2\/media?parent=310708"}],"wp:term":[{"taxonomy":"product_brand","embeddable":true,"href":"https:\/\/baldumarket.lt\/lt\/wp-json\/wp\/v2\/product_brand?post=310708"},{"taxonomy":"product_cat","embeddable":true,"href":"https:\/\/baldumarket.lt\/lt\/wp-json\/wp\/v2\/product_cat?post=310708"},{"taxonomy":"product_tag","embeddable":true,"href":"https:\/\/baldumarket.lt\/lt\/wp-json\/wp\/v2\/product_tag?post=310708"}],"curies":[{"name":"wp","href":"https:\/\/api.w.org\/{rel}","templated":true}]}}