{"id":310364,"date":"2026-01-16T07:32:34","date_gmt":"2026-01-16T04:32:34","guid":{"rendered":"https:\/\/baldumarket.lt\/product\/szafka-dolna-80-cm-zlew-dave-80zl2f-z-blatem\/"},"modified":"2026-04-23T19:01:02","modified_gmt":"2026-04-23T16:01:02","slug":"szafka-dolna-80-cm-zlew-dave-80zl2f-z-blatem","status":"publish","type":"product","link":"https:\/\/baldumarket.lt\/lt\/product\/szafka-dolna-80-cm-zlew-dave-80zl2f-z-blatem\/","title":{"rendered":"Apatin\u0117 spintel\u0117 80 cm Dave 80ZL2F kriaukl\u0117 su stalvir\u0161iu"},"content":{"rendered":"<h5><span style=\"color: #54859b\">Apsilankykite m\u016bs\u0173 virtualioje Stolarz-Lempert prek\u0117s \u017eenklo parduotuv\u0117je<\/span><\/h5>\n<p> <a href=\"http:\/\/spacer.lempert.pl\/\" target=\"_blank\" rel=\"noopener\"><span style=\"color: #e47025\">http:\/\/spacer.lempert.pl\/<\/span><\/a><\/p>\n<p>\u201eDave\u201c virtuv\u0117 \u2013 tai itin prakti\u0161k\u0173 ir patraukli\u0173 bald\u0173 komplektas, kuris papildys bet kok\u012f interjer\u0105. D\u0117l stiklin\u0117s vitrinos ji suteiks tinkam\u0105 dekoratyvin\u012f akcent\u0105, suteikdama kambariui subtil\u0173 ir \u012fdom\u0173 vaizd\u0105. Paprastos formos puikiai tinka moderniai virtuvei.<br \/>\n\u012e rinkin\u012f \u012feina:<br \/>\nAuk\u0161tos kokyb\u0117s fasadai pagaminti i\u0161 laminuotos plok\u0161t\u0117s<br \/>\nErdvios spintel\u0117s<br \/>\nPlastikin\u0117s rankenos<br \/>\n2,8 cm storio stalvir\u0161is, pagamintas naudojant pokalimo technologij\u0105, su ergonomi\u0161kai i\u0161lenktu priekiu<br \/>\nMetaliniai vyriai ir stal\u010diai<br \/>\nVirtuv\u0117s spalvos:<br \/>\nVir\u0161utin\u0117 priekin\u0117 dalis: Sonoma Truffle Oak \/ 2 mm PVC kra\u0161tas<br \/>\nKorpusas: baltas<br \/>\nRankena: 128 mm \u2013 plastikin\u0117<br \/>\nStalvir\u0161is: 28 mm baltas<br \/>\n80 cm apatin\u0117 spintel\u0117 su \u201eDave 80ZL2F\u201c kriaukle ir stalvir\u0161iu.<br \/>\nSpintel\u0117 be kriaukl\u0117s ir mai\u0161ytuvo.<\/p>","protected":false},"excerpt":{"rendered":"<p>Auk\u0161tis su stalvir\u0161iu [cm]: 82<br \/>\nVirtuv\u0117s spalva: triufeli\u0173 \u0105\u017euolas<br \/>\nVirtuv\u0117s stilius: modernus<br \/>\nAuk\u0161tis su stalvir\u0161iu [cm]: 82<\/p>","protected":false},"featured_media":310365,"comment_status":"open","ping_status":"open","template":"","meta":[],"product_brand":[],"product_cat":[9234,9118],"product_tag":[],"class_list":{"0":"post-310364","1":"product","2":"type-product","3":"status-publish","4":"has-post-thumbnail","6":"product_cat-stolarz-lempert","7":"product_cat-kitchen-cabinets","9":"first","10":"instock","11":"purchasable","12":"product-type-simple"},"_links":{"self":[{"href":"https:\/\/baldumarket.lt\/lt\/wp-json\/wp\/v2\/product\/310364","targetHints":{"allow":["GET"]}}],"collection":[{"href":"https:\/\/baldumarket.lt\/lt\/wp-json\/wp\/v2\/product"}],"about":[{"href":"https:\/\/baldumarket.lt\/lt\/wp-json\/wp\/v2\/types\/product"}],"replies":[{"embeddable":true,"href":"https:\/\/baldumarket.lt\/lt\/wp-json\/wp\/v2\/comments?post=310364"}],"wp:featuredmedia":[{"embeddable":true,"href":"https:\/\/baldumarket.lt\/lt\/wp-json\/wp\/v2\/media\/310365"}],"wp:attachment":[{"href":"https:\/\/baldumarket.lt\/lt\/wp-json\/wp\/v2\/media?parent=310364"}],"wp:term":[{"taxonomy":"product_brand","embeddable":true,"href":"https:\/\/baldumarket.lt\/lt\/wp-json\/wp\/v2\/product_brand?post=310364"},{"taxonomy":"product_cat","embeddable":true,"href":"https:\/\/baldumarket.lt\/lt\/wp-json\/wp\/v2\/product_cat?post=310364"},{"taxonomy":"product_tag","embeddable":true,"href":"https:\/\/baldumarket.lt\/lt\/wp-json\/wp\/v2\/product_tag?post=310364"}],"curies":[{"name":"wp","href":"https:\/\/api.w.org\/{rel}","templated":true}]}}