{"id":310333,"date":"2026-01-16T07:32:09","date_gmt":"2026-01-16T04:32:09","guid":{"rendered":"https:\/\/baldumarket.lt\/product\/szafka-gorna-witryna-80-cm-omega-80gs-602f\/"},"modified":"2026-03-23T13:00:26","modified_gmt":"2026-03-23T10:00:26","slug":"szafka-gorna-witryna-80-cm-omega-80gs-602f","status":"publish","type":"product","link":"https:\/\/baldumarket.lt\/lt\/product\/szafka-gorna-witryna-80-cm-omega-80gs-602f\/","title":{"rendered":"Vir\u0161utin\u0117s spintel\u0117s vitrina 80 cm Omega 80GS-602F"},"content":{"rendered":"<h5><span style=\"color: #54859b\">Apsilankykite m\u016bs\u0173 virtualioje Stolarz-Lempert prek\u0117s \u017eenklo parduotuv\u0117je<\/span><\/h5>\n<p> <a href=\"http:\/\/spacer.lempert.pl\/\" target=\"_blank\" rel=\"noopener\"><span style=\"color: #e47025\">http:\/\/spacer.lempert.pl\/<\/span><\/a><\/p>\n<p>\u201eOmega\u201c virtuv\u0117 \u2013 tai itin prakti\u0161k\u0173 ir patraukli\u0173 bald\u0173 komplektas \u2013 virtuv\u0117s baldai tiks bet kokiam interjerui. D\u0117l stiklin\u0117s vitrinos ji suteiks tinkam\u0105 dekoratyvin\u012f akcent\u0105, suteikdama kambariui subtil\u0173 ir \u012fdom\u0173 vaizd\u0105. Paprastos formos \u2013 puikus pasirinkimas moderniai virtuvei.<br \/>\n\u012e rinkin\u012f \u012feina:<br \/>\nAuk\u0161tos kokyb\u0117s fasadai pagaminti i\u0161 laminuotos plok\u0161t\u0117s<br \/>\nErdvios spintel\u0117s<br \/>\nPlastikin\u0117s rankenos<br \/>\n2,8 cm storio stalvir\u0161is, pagamintas naudojant pokalimo technologij\u0105, su ergonomi\u0161kai i\u0161lenktu priekiu<br \/>\nMetaliniai vyriai ir stal\u010diai<br \/>\n\u00a0\u00a0 Virtuv\u0117s spalvos:<br \/>\nVir\u0161utin\u0117 priekin\u0117 dalis: balta \/ 2 mm PVC kra\u0161tas<br \/>\nApatin\u0117 priekin\u0117 dalis: juoda \/ 2 mm PVC kra\u0161tas<br \/>\nKorpusas: baltas<br \/>\nRankena: 128 mm \u2013 plastikin\u0117<br \/>\nStalvir\u0161is: 28 mm baltas<br \/>\n80 cm Omega 80GS-602F vir\u0161utin\u0117 spintel\u0117 su lentyna viduje.<\/p>","protected":false},"excerpt":{"rendered":"<p>Gylis [cm]: 31<br \/>\nVirtuv\u0117s spalva: balta\/matin\u0117 juoda<br \/>\nVirtuv\u0117s stilius: modernus<br \/>\nGylis [cm]: 31<\/p>","protected":false},"featured_media":310334,"comment_status":"open","ping_status":"open","template":"","meta":[],"product_brand":[],"product_cat":[9234,9118],"product_tag":[],"class_list":{"0":"post-310333","1":"product","2":"type-product","3":"status-publish","4":"has-post-thumbnail","6":"product_cat-stolarz-lempert","7":"product_cat-kitchen-cabinets","9":"first","10":"instock","11":"purchasable","12":"product-type-simple"},"_links":{"self":[{"href":"https:\/\/baldumarket.lt\/lt\/wp-json\/wp\/v2\/product\/310333","targetHints":{"allow":["GET"]}}],"collection":[{"href":"https:\/\/baldumarket.lt\/lt\/wp-json\/wp\/v2\/product"}],"about":[{"href":"https:\/\/baldumarket.lt\/lt\/wp-json\/wp\/v2\/types\/product"}],"replies":[{"embeddable":true,"href":"https:\/\/baldumarket.lt\/lt\/wp-json\/wp\/v2\/comments?post=310333"}],"wp:featuredmedia":[{"embeddable":true,"href":"https:\/\/baldumarket.lt\/lt\/wp-json\/wp\/v2\/media\/310334"}],"wp:attachment":[{"href":"https:\/\/baldumarket.lt\/lt\/wp-json\/wp\/v2\/media?parent=310333"}],"wp:term":[{"taxonomy":"product_brand","embeddable":true,"href":"https:\/\/baldumarket.lt\/lt\/wp-json\/wp\/v2\/product_brand?post=310333"},{"taxonomy":"product_cat","embeddable":true,"href":"https:\/\/baldumarket.lt\/lt\/wp-json\/wp\/v2\/product_cat?post=310333"},{"taxonomy":"product_tag","embeddable":true,"href":"https:\/\/baldumarket.lt\/lt\/wp-json\/wp\/v2\/product_tag?post=310333"}],"curies":[{"name":"wp","href":"https:\/\/api.w.org\/{rel}","templated":true}]}}