{"id":310290,"date":"2026-01-16T07:31:33","date_gmt":"2026-01-16T04:31:33","guid":{"rendered":"https:\/\/baldumarket.lt\/product\/szafka-slupek-spizarka-60-cm-omega-60-hskk-200\/"},"modified":"2026-04-23T19:01:12","modified_gmt":"2026-04-23T16:01:12","slug":"szafka-slupek-spizarka-60-cm-omega-60-hskk-200","status":"publish","type":"product","link":"https:\/\/baldumarket.lt\/lt\/product\/szafka-slupek-spizarka-60-cm-omega-60-hskk-200\/","title":{"rendered":"Kolonin\u0117 sand\u0117liuko spintel\u0117 60 cm Omega 60 HSKK-200"},"content":{"rendered":"<h5><span style=\"color: #54859b\">Apsilankykite m\u016bs\u0173 virtualioje Stolarz-Lempert prek\u0117s \u017eenklo parduotuv\u0117je<\/span><\/h5>\n<p> <a href=\"http:\/\/spacer.lempert.pl\/\" target=\"_blank\" rel=\"noopener\"><span style=\"color: #e47025\">http:\/\/spacer.lempert.pl\/<\/span><\/a><\/p>\n<p>\u201eOmega\u201c virtuv\u0117 \u2013 tai itin prakti\u0161k\u0173 ir patraukli\u0173 bald\u0173 komplektas, kuris papildys bet kok\u012f interjer\u0105. D\u0117l stiklin\u0117s vitrinos jie suteiks tinkam\u0105 dekoratyvin\u012f akcent\u0105, suteikdami kambariui subtil\u0173 ir \u012fdom\u0173 vaizd\u0105. Paprastos formos \u2013 puikus pasirinkimas moderniai virtuvei.<br \/>\n\u012e rinkin\u012f \u012feina:<br \/>\nAuk\u0161tos kokyb\u0117s fasadai pagaminti i\u0161 laminuotos plok\u0161t\u0117s<br \/>\nErdvios spintel\u0117s<br \/>\nPlastikin\u0117s rankenos<br \/>\n2,8 cm storio stalvir\u0161is, pagamintas naudojant pokalimo technologij\u0105, su ergonomi\u0161kai i\u0161lenktu priekiu<br \/>\nMetaliniai vyriai ir stal\u010diai<br \/>\n\u00a0\u00a0 Virtuv\u0117s spalvos:<br \/>\nVir\u0161utin\u0117 priekin\u0117 dalis: balta \/ 2 mm PVC kra\u0161tas<br \/>\nApatin\u0117 priekin\u0117 dalis: juoda \/ 2 mm PVC kra\u0161tas<br \/>\nKorpusas: baltas<br \/>\nRankena: 128 mm \u2013 plastikin\u0117<br \/>\nStalvir\u0161is: 28 mm baltas<br \/>\nOmega 60 HSKK-200 60 cm sand\u0117liuko spintel\u0117.<\/p>","protected":false},"excerpt":{"rendered":"<p>Gylis [cm]: 57<br \/>\nVirtuv\u0117s spalva: balta\/matin\u0117 juoda<br \/>\nVirtuv\u0117s stilius: modernus<br \/>\nGylis [cm]: 57<\/p>","protected":false},"featured_media":310291,"comment_status":"open","ping_status":"open","template":"","meta":[],"product_brand":[],"product_cat":[9234,9118],"product_tag":[],"class_list":{"0":"post-310290","1":"product","2":"type-product","3":"status-publish","4":"has-post-thumbnail","6":"product_cat-stolarz-lempert","7":"product_cat-kitchen-cabinets","9":"first","10":"instock","11":"purchasable","12":"product-type-simple"},"_links":{"self":[{"href":"https:\/\/baldumarket.lt\/lt\/wp-json\/wp\/v2\/product\/310290","targetHints":{"allow":["GET"]}}],"collection":[{"href":"https:\/\/baldumarket.lt\/lt\/wp-json\/wp\/v2\/product"}],"about":[{"href":"https:\/\/baldumarket.lt\/lt\/wp-json\/wp\/v2\/types\/product"}],"replies":[{"embeddable":true,"href":"https:\/\/baldumarket.lt\/lt\/wp-json\/wp\/v2\/comments?post=310290"}],"wp:featuredmedia":[{"embeddable":true,"href":"https:\/\/baldumarket.lt\/lt\/wp-json\/wp\/v2\/media\/310291"}],"wp:attachment":[{"href":"https:\/\/baldumarket.lt\/lt\/wp-json\/wp\/v2\/media?parent=310290"}],"wp:term":[{"taxonomy":"product_brand","embeddable":true,"href":"https:\/\/baldumarket.lt\/lt\/wp-json\/wp\/v2\/product_brand?post=310290"},{"taxonomy":"product_cat","embeddable":true,"href":"https:\/\/baldumarket.lt\/lt\/wp-json\/wp\/v2\/product_cat?post=310290"},{"taxonomy":"product_tag","embeddable":true,"href":"https:\/\/baldumarket.lt\/lt\/wp-json\/wp\/v2\/product_tag?post=310290"}],"curies":[{"name":"wp","href":"https:\/\/api.w.org\/{rel}","templated":true}]}}