{"id":310226,"date":"2026-01-16T07:30:43","date_gmt":"2026-01-16T04:30:43","guid":{"rendered":"https:\/\/baldumarket.lt\/product\/regal-ruchomy-narozny-karol-1-dab-artisan\/"},"modified":"2026-03-23T13:00:26","modified_gmt":"2026-03-23T10:00:26","slug":"regal-ruchomy-narozny-karol-1-dab-artisan","status":"publish","type":"product","link":"https:\/\/baldumarket.lt\/lt\/product\/regal-ruchomy-narozny-karol-1-dab-artisan\/","title":{"rendered":"Mobili kampin\u0117 lentyna \u201eKarol 1\u201c \u2013 \u0105\u017euolo spalvos"},"content":{"rendered":"<h5><span style=\"color: #54859b\">Apsilankykite m\u016bs\u0173 virtualioje Stolarz-Lempert prek\u0117s \u017eenklo parduotuv\u0117je<\/span><\/h5>\n<p> <a href=\"http:\/\/spacer.lempert.pl\/\" target=\"_blank\" rel=\"noopener\"><span style=\"color: #e47025\">http:\/\/spacer.lempert.pl\/<\/span><\/a><\/p>\n<p>\u201eKarol 1\u201c mobili kampin\u0117 lentyna \u2013 \u0161i lentyn\u0173 sistema gali b\u016bti naudojama kaip atskira arba kampin\u0117, puikiai tinkanti paauglio kambariui.<br \/>\nSpalva:<br \/>\nPagaminta i\u0161 22 mm laminuotos plok\u0161t\u0117s su 0,4 mm PVC apvadu<br \/>\nMeni\u0161ko \u0105\u017euolo lenta yra \u0161iek tiek \u0161viesesn\u0117 nei pagrindinio dizaino nuotraukoje \u2013 lentos spalv\u0105 \u017ei\u016br\u0117kite paskutin\u0117je nuotraukoje.<\/p>","protected":false},"excerpt":{"rendered":"<p>Plotis [cm]: 72,5\u2013125<br \/>\nAuk\u0161tis [cm]: 138<br \/>\ngylis [cm]: 24<\/p>","protected":false},"featured_media":310227,"comment_status":"open","ping_status":"open","template":"","meta":[],"product_brand":[],"product_cat":[9234,1987],"product_tag":[],"class_list":{"0":"post-310226","1":"product","2":"type-product","3":"status-publish","4":"has-post-thumbnail","6":"product_cat-stolarz-lempert","7":"product_cat-shelving-units","9":"first","10":"instock","11":"purchasable","12":"product-type-simple"},"_links":{"self":[{"href":"https:\/\/baldumarket.lt\/lt\/wp-json\/wp\/v2\/product\/310226","targetHints":{"allow":["GET"]}}],"collection":[{"href":"https:\/\/baldumarket.lt\/lt\/wp-json\/wp\/v2\/product"}],"about":[{"href":"https:\/\/baldumarket.lt\/lt\/wp-json\/wp\/v2\/types\/product"}],"replies":[{"embeddable":true,"href":"https:\/\/baldumarket.lt\/lt\/wp-json\/wp\/v2\/comments?post=310226"}],"wp:featuredmedia":[{"embeddable":true,"href":"https:\/\/baldumarket.lt\/lt\/wp-json\/wp\/v2\/media\/310227"}],"wp:attachment":[{"href":"https:\/\/baldumarket.lt\/lt\/wp-json\/wp\/v2\/media?parent=310226"}],"wp:term":[{"taxonomy":"product_brand","embeddable":true,"href":"https:\/\/baldumarket.lt\/lt\/wp-json\/wp\/v2\/product_brand?post=310226"},{"taxonomy":"product_cat","embeddable":true,"href":"https:\/\/baldumarket.lt\/lt\/wp-json\/wp\/v2\/product_cat?post=310226"},{"taxonomy":"product_tag","embeddable":true,"href":"https:\/\/baldumarket.lt\/lt\/wp-json\/wp\/v2\/product_tag?post=310226"}],"curies":[{"name":"wp","href":"https:\/\/api.w.org\/{rel}","templated":true}]}}