{"id":310185,"date":"2026-01-16T07:30:14","date_gmt":"2026-01-16T04:30:14","guid":{"rendered":"https:\/\/baldumarket.lt\/product\/kuchnia-karmen-180-cm\/"},"modified":"2026-04-23T19:01:37","modified_gmt":"2026-04-23T16:01:37","slug":"kuchnia-karmen-180-cm","status":"publish","type":"product","link":"https:\/\/baldumarket.lt\/lt\/product\/kuchnia-karmen-180-cm\/","title":{"rendered":"Karmen virtuv\u0117 180 cm"},"content":{"rendered":"<h5><span style=\"color: #54859b\">Apsilankykite m\u016bs\u0173 virtualioje Stolarz-Lempert prek\u0117s \u017eenklo parduotuv\u0117je<\/span><\/h5>\n<p> <a href=\"http:\/\/spacer.lempert.pl\/\" target=\"_blank\" rel=\"noopener\"><span style=\"color: #e47025\">http:\/\/spacer.lempert.pl\/<\/span><\/a><\/p>\n<p>\u201eKarmen 180 cm\u201c blizgi virtuv\u0117 \u2013 tai modernus virtuv\u0117s komplektas, pasi\u017eymintis paprastomis formomis, lengvu dizainu ir blizgiais PVC fasadais. Komplektas puikiai tinka bet kuriai moderniu stiliumi dekoruotai virtuvei. Virtuv\u0117s ypatyb\u0117s:<br \/>\nAuk\u0161tos kokyb\u0117s vir\u0161utiniai fasadai pagaminti i\u0161 blizgios PVC technologijos, atspar\u016bs nepalankioms virtuv\u0117s s\u0105lygoms<br \/>\nErdvios spintel\u0117s<br \/>\nMetalin\u0117s rankenos<br \/>\n2,8 cm storio stalvir\u0161is, pagamintas naudojant pokalimo technologij\u0105, su ergonomi\u0161kai i\u0161lenktu travertino spalvos priekiu<br \/>\nVirtuv\u0117s spalvos:<br \/>\nFasadai: MDF, kremin\u0117, poliruota \/ PVC, kremin\u0117, poliruota<br \/>\nKorpusas: pilkas<br \/>\n\u012e rinkin\u012f \u012feina:<br \/>\nVir\u0161utin\u0117s spintel\u0117s:<br \/>\n80 GU-72 2F<br \/>\n60 GU-72 2F<br \/>\n40 G-72 1F<br \/>\nApatin\u0117s spintel\u0117s:<br \/>\n80 ZL 2F BB<br \/>\n60 D 1F BB<br \/>\n40 D 4S BB<br \/>\nSpintel\u0117s be stalvir\u0161i\u0173<br \/>\nPapildomos parinktys:<br \/>\nGalimyb\u0117 u\u017esisakyti papildomas spinteles arba papildom\u0173 spinteli\u0173 komplekt\u0105 (taip pat yra kampini\u0173 spinteli\u0173 \u2013 \u017er. s\u0105ra\u0161\u0105 antrame puslapyje) (\u017er. nuotrauk\u0105)<br \/>\nSpinteli\u0173 priekin\u0117s dalys galimos \u0161iomis spalvomis: blizgi raudona \u2013 ro\u017ein\u0117 virtuv\u0117, blizgi balta \u2013 Bianka virtuv\u0117 ir blizgi pilka \u2013 pilka virtuv\u0117<\/p>","protected":false},"excerpt":{"rendered":"<p>Gylis su stalvir\u0161iu [cm]: 60<br \/>\nGylis [cm]: 31 vir\u0161uje<br \/>\nGylis be vir\u0161utinio sluoksnio [cm]: 52<br \/>\nGylis su stalvir\u0161iu [cm]: 60<br \/>\nPlotis [cm]: 180<br \/>\nAuk\u0161tis be vir\u0161utinio sluoksnio [cm]: 82<\/p>","protected":false},"featured_media":310186,"comment_status":"open","ping_status":"open","template":"","meta":[],"product_brand":[],"product_cat":[9234,1932],"product_tag":[],"class_list":{"0":"post-310185","1":"product","2":"type-product","3":"status-publish","4":"has-post-thumbnail","6":"product_cat-stolarz-lempert","7":"product_cat-kitchen-sets","9":"first","10":"instock","11":"purchasable","12":"product-type-simple"},"_links":{"self":[{"href":"https:\/\/baldumarket.lt\/lt\/wp-json\/wp\/v2\/product\/310185","targetHints":{"allow":["GET"]}}],"collection":[{"href":"https:\/\/baldumarket.lt\/lt\/wp-json\/wp\/v2\/product"}],"about":[{"href":"https:\/\/baldumarket.lt\/lt\/wp-json\/wp\/v2\/types\/product"}],"replies":[{"embeddable":true,"href":"https:\/\/baldumarket.lt\/lt\/wp-json\/wp\/v2\/comments?post=310185"}],"wp:featuredmedia":[{"embeddable":true,"href":"https:\/\/baldumarket.lt\/lt\/wp-json\/wp\/v2\/media\/310186"}],"wp:attachment":[{"href":"https:\/\/baldumarket.lt\/lt\/wp-json\/wp\/v2\/media?parent=310185"}],"wp:term":[{"taxonomy":"product_brand","embeddable":true,"href":"https:\/\/baldumarket.lt\/lt\/wp-json\/wp\/v2\/product_brand?post=310185"},{"taxonomy":"product_cat","embeddable":true,"href":"https:\/\/baldumarket.lt\/lt\/wp-json\/wp\/v2\/product_cat?post=310185"},{"taxonomy":"product_tag","embeddable":true,"href":"https:\/\/baldumarket.lt\/lt\/wp-json\/wp\/v2\/product_tag?post=310185"}],"curies":[{"name":"wp","href":"https:\/\/api.w.org\/{rel}","templated":true}]}}