{"id":310151,"date":"2026-01-16T07:29:50","date_gmt":"2026-01-16T04:29:50","guid":{"rendered":"https:\/\/baldumarket.lt\/product\/kuchnia-narozna-vigo-340-410-cm-bialy-polysk\/"},"modified":"2026-04-23T19:01:37","modified_gmt":"2026-04-23T16:01:37","slug":"kuchnia-narozna-vigo-340-410-cm-bialy-polysk","status":"publish","type":"product","link":"https:\/\/baldumarket.lt\/lt\/product\/kuchnia-narozna-vigo-340-410-cm-bialy-polysk\/","title":{"rendered":"Vigo kampin\u0117 virtuv\u0117 340-410 cm, balta blizgi"},"content":{"rendered":"<h5><span style=\"color: #54859b\">Apsilankykite m\u016bs\u0173 virtualioje Stolarz-Lempert prek\u0117s \u017eenklo parduotuv\u0117je<\/span><\/h5>\n<p> <a href=\"http:\/\/spacer.lempert.pl\/\" target=\"_blank\" rel=\"noopener\"><span style=\"color: #e47025\">http:\/\/spacer.lempert.pl\/<\/span><\/a><\/p>\n<p>\u201eVigo\u201c virtuv\u0117 \u2013 tai itin prakti\u0161k\u0173 ir gra\u017ei\u0173 bald\u0173 komplektas. Sistem\u0105 sudaro de\u0161imtys spinteli\u0173 \u2013 skandinavi\u0161ko stiliaus virtuv\u0117s baldai. Spinteli\u0173 fasadai yra tvirti. Stalvir\u0161iai ir korpusai sudaro viening\u0105 spalv\u0173 gam\u0105. Tvirtos rankenos suteikia baldams charakterio ir palengvina prieig\u0105 prie viduje laikom\u0173 produkt\u0173. Jos puikiai papildo vis\u0105 komplekt\u0105.<br \/>\nRy\u0161ki spalv\u0173 gama ir sant\u016brus komplekto dekoratyvumas suteiks interjerui \u017eaving\u0105 atmosfer\u0105 ir elegancijos prisilietim\u0105.<br \/>\nSpintel\u0117s turi \u0161velnaus u\u017edarymo mechanizm\u0105. \u201eVigo\u201c virtuv\u0117 gali b\u016bti \u0161i\u0173 spalv\u0173:<br \/>\nFasadai: MDF, balta, poliruota PVC, balta, poliruota<br \/>\nKorpusas: Lancelot \u0105\u017euolas<br \/>\nRankena: 192-UM849P2 juodas metalas<br \/>\nNuotraukoje matomas stalvir\u0161is: 28 mm \u201eLancelot Oak\u201c<br \/>\n\u201eVigo\u201c kampin\u0117 virtuv\u0117 340\u2013410 cm \u2013 komplekte yra \u0161ios spintel\u0117s:<br \/>\nVir\u0161utin\u0117:<br \/>\n60 GU-72 2F<br \/>\n30 G-72 OTW \u2013 nuotraukoje spintel\u0117 atrodo siauresn\u0117 \u2013 i\u0161 tikr\u0173j\u0173 ji yra 30 cm<br \/>\n80 GU-72 2F<br \/>\n60 GU-72 2F<br \/>\nApa\u010dia:<br \/>\n60 cm LO-210 2F \u012fmontuojamas \u0161aldytuvas<br \/>\n60 cm 60 DPS-210 3S 1F orkait\u0117<br \/>\n60 cm 60 DK-210 2F kolona su lentynomis<br \/>\n60 D 1F BB<br \/>\n80 ZL 2F BB kriaukl\u0117<br \/>\n90\u00d790 ND 2F BB kampas<br \/>\n80 D 3S BB stal\u010diai<br \/>\n60 D 3S BB stal\u010di\u0173<br \/>\n80 D 3S BB stal\u010diai<br \/>\n30 D ZAK BB<br \/>\nApatin\u0117s spintel\u0117s be stalvir\u0161i\u0173 \u2013 reikalingos 280 cm ir 230 cm sekcijos<br \/>\n\u00a0<br \/>\n\u00a0<br \/>\n\u00a0<\/p>","protected":false},"excerpt":{"rendered":"<p>Gylis su stalvir\u0161iu [cm]: 60<br \/>\nGylis [cm]: 31 vir\u0161uje<br \/>\nGylis be vir\u0161utinio sluoksnio [cm]: 52<br \/>\nGylis su stalvir\u0161iu [cm]: 60<br \/>\nPlotis [cm]: 340\u2013410<br \/>\nAuk\u0161tis be vir\u0161utinio sluoksnio [cm]: 82<\/p>","protected":false},"featured_media":310152,"comment_status":"open","ping_status":"open","template":"","meta":[],"product_brand":[],"product_cat":[9234,1932],"product_tag":[],"class_list":{"0":"post-310151","1":"product","2":"type-product","3":"status-publish","4":"has-post-thumbnail","6":"product_cat-stolarz-lempert","7":"product_cat-kitchen-sets","9":"first","10":"instock","11":"purchasable","12":"product-type-simple"},"_links":{"self":[{"href":"https:\/\/baldumarket.lt\/lt\/wp-json\/wp\/v2\/product\/310151","targetHints":{"allow":["GET"]}}],"collection":[{"href":"https:\/\/baldumarket.lt\/lt\/wp-json\/wp\/v2\/product"}],"about":[{"href":"https:\/\/baldumarket.lt\/lt\/wp-json\/wp\/v2\/types\/product"}],"replies":[{"embeddable":true,"href":"https:\/\/baldumarket.lt\/lt\/wp-json\/wp\/v2\/comments?post=310151"}],"wp:featuredmedia":[{"embeddable":true,"href":"https:\/\/baldumarket.lt\/lt\/wp-json\/wp\/v2\/media\/310152"}],"wp:attachment":[{"href":"https:\/\/baldumarket.lt\/lt\/wp-json\/wp\/v2\/media?parent=310151"}],"wp:term":[{"taxonomy":"product_brand","embeddable":true,"href":"https:\/\/baldumarket.lt\/lt\/wp-json\/wp\/v2\/product_brand?post=310151"},{"taxonomy":"product_cat","embeddable":true,"href":"https:\/\/baldumarket.lt\/lt\/wp-json\/wp\/v2\/product_cat?post=310151"},{"taxonomy":"product_tag","embeddable":true,"href":"https:\/\/baldumarket.lt\/lt\/wp-json\/wp\/v2\/product_tag?post=310151"}],"curies":[{"name":"wp","href":"https:\/\/api.w.org\/{rel}","templated":true}]}}