{"id":310096,"date":"2026-01-16T07:29:08","date_gmt":"2026-01-16T04:29:08","guid":{"rendered":"https:\/\/baldumarket.lt\/product\/komoda-michal-2-old-style-matera\/"},"modified":"2026-03-23T13:00:26","modified_gmt":"2026-03-23T10:00:26","slug":"komoda-michal-2-old-style-matera","status":"publish","type":"product","link":"https:\/\/baldumarket.lt\/lt\/product\/komoda-michal-2-old-style-matera\/","title":{"rendered":"Micha\u0142 2 Komoda \u2013 seno stiliaus \/mater"},"content":{"rendered":"<h5><span style=\"color: #54859b\">Apsilankykite m\u016bs\u0173 virtualioje Stolarz-Lempert prek\u0117s \u017eenklo parduotuv\u0117je<\/span><\/h5>\n<p> <a href=\"http:\/\/spacer.lempert.pl\/\" target=\"_blank\" rel=\"noopener\"><span style=\"color: #e47025\">http:\/\/spacer.lempert.pl\/<\/span><\/a><\/p>\n<p>Komoda \u201eMicha\u0142 2\u201c \u2013 tai modernus baldas su dviej\u0173 dur\u0173 spintele. Baldas pagamintas i\u0161 16 mm storio laminuotos plok\u0161t\u0117s.<br \/>\nPakuot\u0117s matmenys:<br \/>\n81,5 x 18 x 37 cm | Svoris \u2013 22 kg<br \/>\nKomoda yra nuotraukoje parodyt\u0173 spalv\u0173 \u2013 senovinio stiliaus \/ med\u017eiagos<\/p>","protected":false},"excerpt":{"rendered":"<p>Plotis [cm]: 71<br \/>\nAuk\u0161tis [cm]: 75<br \/>\ngylis [cm]: 35<\/p>","protected":false},"featured_media":310097,"comment_status":"open","ping_status":"open","template":"","meta":[],"product_brand":[],"product_cat":[9234,1173],"product_tag":[],"class_list":{"0":"post-310096","1":"product","2":"type-product","3":"status-publish","4":"has-post-thumbnail","6":"product_cat-stolarz-lempert","7":"product_cat-chests-of-drawers","9":"first","10":"instock","11":"purchasable","12":"product-type-simple"},"_links":{"self":[{"href":"https:\/\/baldumarket.lt\/lt\/wp-json\/wp\/v2\/product\/310096","targetHints":{"allow":["GET"]}}],"collection":[{"href":"https:\/\/baldumarket.lt\/lt\/wp-json\/wp\/v2\/product"}],"about":[{"href":"https:\/\/baldumarket.lt\/lt\/wp-json\/wp\/v2\/types\/product"}],"replies":[{"embeddable":true,"href":"https:\/\/baldumarket.lt\/lt\/wp-json\/wp\/v2\/comments?post=310096"}],"wp:featuredmedia":[{"embeddable":true,"href":"https:\/\/baldumarket.lt\/lt\/wp-json\/wp\/v2\/media\/310097"}],"wp:attachment":[{"href":"https:\/\/baldumarket.lt\/lt\/wp-json\/wp\/v2\/media?parent=310096"}],"wp:term":[{"taxonomy":"product_brand","embeddable":true,"href":"https:\/\/baldumarket.lt\/lt\/wp-json\/wp\/v2\/product_brand?post=310096"},{"taxonomy":"product_cat","embeddable":true,"href":"https:\/\/baldumarket.lt\/lt\/wp-json\/wp\/v2\/product_cat?post=310096"},{"taxonomy":"product_tag","embeddable":true,"href":"https:\/\/baldumarket.lt\/lt\/wp-json\/wp\/v2\/product_tag?post=310096"}],"curies":[{"name":"wp","href":"https:\/\/api.w.org\/{rel}","templated":true}]}}