{"id":310084,"date":"2026-01-16T07:28:59","date_gmt":"2026-01-16T04:28:59","guid":{"rendered":"https:\/\/baldumarket.lt\/product\/stol-loftowy-imperial-bialy-matowy-4-rozmiary\/"},"modified":"2026-04-23T19:01:55","modified_gmt":"2026-04-23T16:01:55","slug":"stol-loftowy-imperial-bialy-matowy-4-rozmiary","status":"publish","type":"product","link":"https:\/\/baldumarket.lt\/lt\/product\/stol-loftowy-imperial-bialy-matowy-4-rozmiary\/","title":{"rendered":"Imperatori\u0161kas pal\u0117p\u0117s stalas, matin\u0117s baltos spalvos, 4 dyd\u017eiai"},"content":{"rendered":"<h5><span style=\"color: #54859b\">Apsilankykite m\u016bs\u0173 virtualioje Stolarz-Lempert prek\u0117s \u017eenklo parduotuv\u0117je<\/span><\/h5>\n<p> <a href=\"http:\/\/spacer.lempert.pl\/\" target=\"_blank\" rel=\"noopener\"><span style=\"color: #e47025\">http:\/\/spacer.lempert.pl\/<\/span><\/a><\/p>\n<p>Industrinio lofto stiliaus \u201eImperial\u201c stalas bet kokiam interjerui suteiks charakterio ir elegancijos. Stalvir\u0161is pagamintas i\u0161 28 mm storio laminuotos plok\u0161t\u0117s, padengtos matine balta apdaila. Kojel\u0117s padengtos milteliniu b\u016bdu da\u017eyta tekst\u016bruota matine juoda apdaila, o profilis \u2013 8\/4 cm.<br \/>\nGalimi keturi dyd\u017eiai:<br \/>\n138\/67 cm<br \/>\n185\/67 cm<br \/>\n138\/90 cm<br \/>\n185\/90 cm<\/p>","protected":false},"excerpt":{"rendered":"<p>Plotis [cm]: 138 arba 185<br \/>\nAuk\u0161tis [cm]: 75<br \/>\ngylis [cm]: 67 arba 90<\/p>","protected":false},"featured_media":310085,"comment_status":"open","ping_status":"open","template":"","meta":[],"product_brand":[],"product_cat":[9234,1934],"product_tag":[],"class_list":{"0":"post-310084","1":"product","2":"type-product","3":"status-publish","4":"has-post-thumbnail","6":"product_cat-stolarz-lempert","7":"product_cat-tables","9":"first","10":"instock","11":"purchasable","12":"product-type-simple"},"_links":{"self":[{"href":"https:\/\/baldumarket.lt\/lt\/wp-json\/wp\/v2\/product\/310084","targetHints":{"allow":["GET"]}}],"collection":[{"href":"https:\/\/baldumarket.lt\/lt\/wp-json\/wp\/v2\/product"}],"about":[{"href":"https:\/\/baldumarket.lt\/lt\/wp-json\/wp\/v2\/types\/product"}],"replies":[{"embeddable":true,"href":"https:\/\/baldumarket.lt\/lt\/wp-json\/wp\/v2\/comments?post=310084"}],"wp:featuredmedia":[{"embeddable":true,"href":"https:\/\/baldumarket.lt\/lt\/wp-json\/wp\/v2\/media\/310085"}],"wp:attachment":[{"href":"https:\/\/baldumarket.lt\/lt\/wp-json\/wp\/v2\/media?parent=310084"}],"wp:term":[{"taxonomy":"product_brand","embeddable":true,"href":"https:\/\/baldumarket.lt\/lt\/wp-json\/wp\/v2\/product_brand?post=310084"},{"taxonomy":"product_cat","embeddable":true,"href":"https:\/\/baldumarket.lt\/lt\/wp-json\/wp\/v2\/product_cat?post=310084"},{"taxonomy":"product_tag","embeddable":true,"href":"https:\/\/baldumarket.lt\/lt\/wp-json\/wp\/v2\/product_tag?post=310084"}],"curies":[{"name":"wp","href":"https:\/\/api.w.org\/{rel}","templated":true}]}}