{"id":310071,"date":"2026-01-16T07:28:49","date_gmt":"2026-01-16T04:28:49","guid":{"rendered":"https:\/\/baldumarket.lt\/product\/kredens-stylowy-2d-flawia-bialy\/"},"modified":"2026-04-23T19:01:55","modified_gmt":"2026-04-23T16:01:55","slug":"kredens-stylowy-2d-flawia-bialy","status":"publish","type":"product","link":"https:\/\/baldumarket.lt\/lt\/product\/kredens-stylowy-2d-flawia-bialy\/","title":{"rendered":"Stilinga 2D Flawia indauja, balta"},"content":{"rendered":"<h5><span style=\"color: #54859b\">Apsilankykite m\u016bs\u0173 virtualioje Stolarz-Lempert prek\u0117s \u017eenklo parduotuv\u0117je<\/span><\/h5>\n<p> <a href=\"http:\/\/spacer.lempert.pl\/\" target=\"_blank\" rel=\"noopener\"><span style=\"color: #e47025\">http:\/\/spacer.lempert.pl\/<\/span><\/a><\/p>\n<p>\u201eFlawia\u201c kolekcija papildo \u201eStillo\u201c virtuv\u0117s baldus \u2013 i\u0161 to paties gamintojo ir naudojant tas pa\u010dias med\u017eiagas.<br \/>\n\u201eFlawia\u201c \u2013 tai klasikinio stiliaus ir stiling\u0173 bald\u0173 komplektas, puikiai tinkantis valgomajam ir svetainei.<br \/>\nSavo ruo\u017etu \u201eStillo\u201c virtuv\u0117je yra de\u0161imtys spinteli\u0173, i\u0161 kuri\u0173 galite susikurti savo virtuv\u0117s komplekt\u0105.<br \/>\nSistemos ypatyb\u0117s:<br \/>\nauk\u0161tos kokyb\u0117s MDF fasadai<br \/>\nlaminuot\u0173 plok\u0161\u010di\u0173 korpusai<br \/>\n\u0161velniai u\u017esidaran\u010dios fasadin\u0117s dalys<br \/>\nerdvios spintel\u0117s, sumontuotos ant bekoj\u0173 r\u0117m\u0173<br \/>\nerdvios spintos<br \/>\nstikliniai stalvir\u0161iai<br \/>\nindaujos parinktys<br \/>\nmetalin\u0117s rankenos<br \/>\nSpalvos:<br \/>\nPriekin\u0117s dalys: matin\u0117s baltos spalvos MDF plok\u0161t\u0117s<br \/>\nKorpusas ir stalvir\u0161is: Artisan Oak<br \/>\nRankenos: 96\u20132342 metalin\u0117s<br \/>\nCokolin\u0117s grindys: Artisan Oak<br \/>\n\u201eFlawia Stylish 2D\u201c indauja \u2013 komplekte yra komoda su spintel\u0117mis ir stikliniu stalvir\u0161iu.<\/p>","protected":false},"excerpt":{"rendered":"<p>Plotis [cm]: 100<br \/>\nAuk\u0161tis [cm]: 210<br \/>\ngylis [cm]: 50\u201334<\/p>","protected":false},"featured_media":310072,"comment_status":"open","ping_status":"open","template":"","meta":[],"product_brand":[],"product_cat":[9234,1177],"product_tag":[],"class_list":{"0":"post-310071","1":"product","2":"type-product","3":"status-publish","4":"has-post-thumbnail","6":"product_cat-stolarz-lempert","7":"product_cat-wardrobes","9":"first","10":"instock","11":"purchasable","12":"product-type-simple"},"_links":{"self":[{"href":"https:\/\/baldumarket.lt\/lt\/wp-json\/wp\/v2\/product\/310071","targetHints":{"allow":["GET"]}}],"collection":[{"href":"https:\/\/baldumarket.lt\/lt\/wp-json\/wp\/v2\/product"}],"about":[{"href":"https:\/\/baldumarket.lt\/lt\/wp-json\/wp\/v2\/types\/product"}],"replies":[{"embeddable":true,"href":"https:\/\/baldumarket.lt\/lt\/wp-json\/wp\/v2\/comments?post=310071"}],"wp:featuredmedia":[{"embeddable":true,"href":"https:\/\/baldumarket.lt\/lt\/wp-json\/wp\/v2\/media\/310072"}],"wp:attachment":[{"href":"https:\/\/baldumarket.lt\/lt\/wp-json\/wp\/v2\/media?parent=310071"}],"wp:term":[{"taxonomy":"product_brand","embeddable":true,"href":"https:\/\/baldumarket.lt\/lt\/wp-json\/wp\/v2\/product_brand?post=310071"},{"taxonomy":"product_cat","embeddable":true,"href":"https:\/\/baldumarket.lt\/lt\/wp-json\/wp\/v2\/product_cat?post=310071"},{"taxonomy":"product_tag","embeddable":true,"href":"https:\/\/baldumarket.lt\/lt\/wp-json\/wp\/v2\/product_tag?post=310071"}],"curies":[{"name":"wp","href":"https:\/\/api.w.org\/{rel}","templated":true}]}}