{"id":309967,"date":"2026-01-16T07:27:28","date_gmt":"2026-01-16T04:27:28","guid":{"rendered":"https:\/\/baldumarket.lt\/product\/szafka-dolna-narozna-vigo-bialy-polysk-105-nd-1f-bb\/"},"modified":"2026-04-23T19:02:13","modified_gmt":"2026-04-23T16:02:13","slug":"szafka-dolna-narozna-vigo-bialy-polysk-105-nd-1f-bb","status":"publish","type":"product","link":"https:\/\/baldumarket.lt\/lt\/product\/szafka-dolna-narozna-vigo-bialy-polysk-105-nd-1f-bb\/","title":{"rendered":"Vigo apatin\u0117 kampin\u0117 spintel\u0117, balta blizgi, 105 ND 1F BB"},"content":{"rendered":"<h5><span style=\"color: #54859b\">Apsilankykite m\u016bs\u0173 virtualioje Stolarz-Lempert prek\u0117s \u017eenklo parduotuv\u0117je<\/span><\/h5>\n<p> <a href=\"http:\/\/spacer.lempert.pl\/\" target=\"_blank\" rel=\"noopener\"><span style=\"color: #e47025\">http:\/\/spacer.lempert.pl\/<\/span><\/a><\/p>\n<p>\u201eVigo\u201c virtuv\u0117 \u2013 tai labai prakti\u0161k\u0173 ir gra\u017ei\u0173 bald\u0173 komplektas. Sistem\u0105 sudaro de\u0161imtys spinteli\u0173 \u2013 skandinavi\u0161ko stiliaus virtuv\u0117s baldai. Spinteli\u0173 fasadai yra tvirti. Stalvir\u0161iai ir r\u0117mai sudaro viening\u0105 spalv\u0173 gam\u0105. Tvirtos rankenos suteikia baldams charakterio ir palengvina prieig\u0105 prie viduje laikom\u0173 produkt\u0173. Jos puikiai papildo vis\u0105 komplekt\u0105.<br \/>\nRy\u0161ki spalv\u0173 gama ir sant\u016brus komplekto dekoratyvumas suteiks interjerui \u017eaving\u0105 atmosfer\u0105 ir elegancijos prisilietim\u0105.<br \/>\nSpintel\u0117s turi \u0161velnaus u\u017edarymo sistem\u0105.<br \/>\nSpalvos:<br \/>\nFasadas: baltas MDF \/ baltas PVC<br \/>\nKorpusas: Lancelot \u0105\u017euolas<br \/>\nRankena: 192-UM849P2 juodas metalas<br \/>\nPavaizduotas stalvir\u0161is: 28 mm \u201eLancelot Oak\u201c<br \/>\nVigo balta blizgi apatin\u0117 kampin\u0117 spintel\u0117 105 ND 1F BB \u2013 spintel\u0117 be stalvir\u0161io. Universali spintel\u0117, montuojama de\u0161in\u0117je arba kair\u0117je.<\/p>","protected":false},"excerpt":{"rendered":"<p>Plotis [cm]: 83\/83<br \/>\nGylis be vir\u0161utinio sluoksnio [cm]: 52<br \/>\nGylis su stalvir\u0161iu [cm]: 60<br \/>\nPlotis [cm]: 83\/83<br \/>\nAuk\u0161tis be vir\u0161utinio vir\u0161utinio sluoksnio [cm]: 82<\/p>","protected":false},"featured_media":309968,"comment_status":"open","ping_status":"open","template":"","meta":[],"product_brand":[],"product_cat":[9234,9118],"product_tag":[],"class_list":{"0":"post-309967","1":"product","2":"type-product","3":"status-publish","4":"has-post-thumbnail","6":"product_cat-stolarz-lempert","7":"product_cat-kitchen-cabinets","9":"first","10":"instock","11":"purchasable","12":"product-type-simple"},"_links":{"self":[{"href":"https:\/\/baldumarket.lt\/lt\/wp-json\/wp\/v2\/product\/309967","targetHints":{"allow":["GET"]}}],"collection":[{"href":"https:\/\/baldumarket.lt\/lt\/wp-json\/wp\/v2\/product"}],"about":[{"href":"https:\/\/baldumarket.lt\/lt\/wp-json\/wp\/v2\/types\/product"}],"replies":[{"embeddable":true,"href":"https:\/\/baldumarket.lt\/lt\/wp-json\/wp\/v2\/comments?post=309967"}],"wp:featuredmedia":[{"embeddable":true,"href":"https:\/\/baldumarket.lt\/lt\/wp-json\/wp\/v2\/media\/309968"}],"wp:attachment":[{"href":"https:\/\/baldumarket.lt\/lt\/wp-json\/wp\/v2\/media?parent=309967"}],"wp:term":[{"taxonomy":"product_brand","embeddable":true,"href":"https:\/\/baldumarket.lt\/lt\/wp-json\/wp\/v2\/product_brand?post=309967"},{"taxonomy":"product_cat","embeddable":true,"href":"https:\/\/baldumarket.lt\/lt\/wp-json\/wp\/v2\/product_cat?post=309967"},{"taxonomy":"product_tag","embeddable":true,"href":"https:\/\/baldumarket.lt\/lt\/wp-json\/wp\/v2\/product_tag?post=309967"}],"curies":[{"name":"wp","href":"https:\/\/api.w.org\/{rel}","templated":true}]}}