{"id":309877,"date":"2026-01-16T07:26:13","date_gmt":"2026-01-16T04:26:13","guid":{"rendered":"https:\/\/baldumarket.lt\/product\/szafka-gorna-sara-sonoma-40-g-72-1f\/"},"modified":"2026-03-23T13:00:26","modified_gmt":"2026-03-23T10:00:26","slug":"szafka-gorna-sara-sonoma-40-g-72-1f","status":"publish","type":"product","link":"https:\/\/baldumarket.lt\/lt\/product\/szafka-gorna-sara-sonoma-40-g-72-1f\/","title":{"rendered":"Vir\u0161utin\u0117 spintel\u0117 Sara sonoma 40 G-72 1F"},"content":{"rendered":"<h5><span style=\"color: #54859b\">Apsilankykite m\u016bs\u0173 virtualioje Stolarz-Lempert prek\u0117s \u017eenklo parduotuv\u0117je<\/span><\/h5>\n<p> <a href=\"http:\/\/spacer.lempert.pl\/\" target=\"_blank\" rel=\"noopener\"><span style=\"color: #e47025\">http:\/\/spacer.lempert.pl\/<\/span><\/a><\/p>\n<p>\u201eSara 260 cm\u201c virtuv\u0117 \u2013 tai klasikinio dizaino virtuv\u0117s bald\u0173 komplektas, kuris papildys bet kok\u012f stiling\u0105 interjer\u0105. Galimyb\u0117 pasirinkti papildomas spinteles arba u\u017esisakyti vis\u0105 virtuv\u0119 i\u0161 atskir\u0173 komponent\u0173 pad\u0117s maksimaliai i\u0161naudoti turim\u0105 erdv\u0119.<br \/>\n\u012e rinkin\u012f \u012feina:<br \/>\nAuk\u0161tos kokyb\u0117s fasadai pagaminti i\u0161 laminuotos plok\u0161t\u0117s<br \/>\nErdvios spintel\u0117s<br \/>\nSidabrin\u0117s plastikin\u0117s rankenos<br \/>\n2,8 cm storio stalvir\u0161is, pagamintas naudojant pokalimo technologij\u0105, su ergonomi\u0161kai i\u0161lenktu priekiu (neb\u016btina)<br \/>\nMetaliniai vyriai ir stal\u010diai<br \/>\nVirtuv\u0117s spalvos:<br \/>\nFasadas: Sonoma \u0105\u017euolas<br \/>\nKorpusas: baltas<br \/>\nRankena 96: 1.162 M03 plastikas<br \/>\nSara Sonoma 40 G-72 1F vir\u0161utin\u0117 spintel\u0117 \u2013 dvi lentynos u\u017e fasad\u0173, universali fasadin\u0117 dalis, de\u0161inin\u0117 arba kair\u0117.<\/p>","protected":false},"excerpt":{"rendered":"<p>\u016agis [cm]: 71,5<br \/>\nGylis [cm]: 31<br \/>\nPlotis [cm]: 40<br \/>\n\u016agis [cm]: 71,5<\/p>","protected":false},"featured_media":309878,"comment_status":"open","ping_status":"open","template":"","meta":[],"product_brand":[],"product_cat":[9234,9118],"product_tag":[],"class_list":{"0":"post-309877","1":"product","2":"type-product","3":"status-publish","4":"has-post-thumbnail","6":"product_cat-stolarz-lempert","7":"product_cat-kitchen-cabinets","9":"first","10":"instock","11":"purchasable","12":"product-type-simple"},"_links":{"self":[{"href":"https:\/\/baldumarket.lt\/lt\/wp-json\/wp\/v2\/product\/309877","targetHints":{"allow":["GET"]}}],"collection":[{"href":"https:\/\/baldumarket.lt\/lt\/wp-json\/wp\/v2\/product"}],"about":[{"href":"https:\/\/baldumarket.lt\/lt\/wp-json\/wp\/v2\/types\/product"}],"replies":[{"embeddable":true,"href":"https:\/\/baldumarket.lt\/lt\/wp-json\/wp\/v2\/comments?post=309877"}],"wp:featuredmedia":[{"embeddable":true,"href":"https:\/\/baldumarket.lt\/lt\/wp-json\/wp\/v2\/media\/309878"}],"wp:attachment":[{"href":"https:\/\/baldumarket.lt\/lt\/wp-json\/wp\/v2\/media?parent=309877"}],"wp:term":[{"taxonomy":"product_brand","embeddable":true,"href":"https:\/\/baldumarket.lt\/lt\/wp-json\/wp\/v2\/product_brand?post=309877"},{"taxonomy":"product_cat","embeddable":true,"href":"https:\/\/baldumarket.lt\/lt\/wp-json\/wp\/v2\/product_cat?post=309877"},{"taxonomy":"product_tag","embeddable":true,"href":"https:\/\/baldumarket.lt\/lt\/wp-json\/wp\/v2\/product_tag?post=309877"}],"curies":[{"name":"wp","href":"https:\/\/api.w.org\/{rel}","templated":true}]}}