{"id":309792,"date":"2026-01-16T07:25:06","date_gmt":"2026-01-16T04:25:06","guid":{"rendered":"https:\/\/baldumarket.lt\/product\/kuchnia-sara-sonoma-260-cm\/"},"modified":"2026-04-23T19:02:39","modified_gmt":"2026-04-23T16:02:39","slug":"kuchnia-sara-sonoma-260-cm","status":"publish","type":"product","link":"https:\/\/baldumarket.lt\/lt\/product\/kuchnia-sara-sonoma-260-cm\/","title":{"rendered":"Sara Sonoma virtuv\u0117 260 cm"},"content":{"rendered":"<h5><span style=\"color: #54859b\">Apsilankykite m\u016bs\u0173 virtualioje Stolarz-Lempert prek\u0117s \u017eenklo parduotuv\u0117je<\/span><\/h5>\n<p> <a href=\"http:\/\/spacer.lempert.pl\/\" target=\"_blank\" rel=\"noopener\"><span style=\"color: #e47025\">http:\/\/spacer.lempert.pl\/<\/span><\/a><\/p>\n<p>\u201eSara 260 cm\u201c virtuv\u0117 \u2013 tai virtuv\u0117s bald\u0173 komplektas, kurio klasikinis dizainas tiks prie bet kokio stilingo interjero. Galimyb\u0117 pasirinkti papildomas spinteles arba u\u017esisakyti vis\u0105 virtuv\u0119 i\u0161 komponent\u0173 pad\u0117s maksimaliai i\u0161naudoti turim\u0105 erdv\u0119. Komplekt\u0105 sudaro:<br \/>\nauk\u0161tos kokyb\u0117s fasadai i\u0161 laminuotos plok\u0161t\u0117s<br \/>\nerdvios spintel\u0117s<br \/>\nsidabrin\u0117s plastikin\u0117s rankenos<br \/>\n2,8 cm storio stalvir\u0161is, pagamintas naudojant postformavimo technologij\u0105, su ergonomi\u0161kai u\u017eapvalinta priekine dalimi (neb\u016btina)<br \/>\nmetaliniai vyriai ir stal\u010diai<br \/>\n\u00a0<br \/>\nVirtuv\u0117s spalvos:<br \/>\nFasadas: Sonoma \u0105\u017euolas<br \/>\nKorpusas: baltas<br \/>\nRankena 96: 1.162 M03 plastikas<br \/>\n\u00a0<br \/>\n\u012e rinkin\u012f \u012feina:<br \/>\nvir\u0161utin\u0117s spintel\u0117s:<br \/>\n80 GS-72 2F<br \/>\n80 G-72 2F<br \/>\n60 G-72 2F<br \/>\n40 G-72 F<br \/>\n\u00a0<br \/>\napatin\u0117s spintel\u0117s:<br \/>\n80 D 2F BB<br \/>\n80 D 2F BB<br \/>\n60 D 2F BB<br \/>\n40 D 4S BB<br \/>\n\u00a0<br \/>\napatin\u0117s spintel\u0117s be stalvir\u0161io<br \/>\n\u00a0<\/p>","protected":false},"excerpt":{"rendered":"<p>Gylis su stalvir\u0161iu [cm]: 60<br \/>\nGylis [cm]: 31 vir\u0161uje<br \/>\nGylis be vir\u0161utinio sluoksnio [cm]: 48<br \/>\nGylis su stalvir\u0161iu [cm]: 60<br \/>\nPlotis [cm]: 260<br \/>\nAuk\u0161tis [cm]: 60 vir\u0161uje<br \/>\nAuk\u0161tis be vir\u0161utinio sluoksnio [cm]: 82<\/p>","protected":false},"featured_media":309793,"comment_status":"open","ping_status":"open","template":"","meta":[],"product_brand":[],"product_cat":[9234,1932],"product_tag":[],"class_list":{"0":"post-309792","1":"product","2":"type-product","3":"status-publish","4":"has-post-thumbnail","6":"product_cat-stolarz-lempert","7":"product_cat-kitchen-sets","9":"first","10":"instock","11":"purchasable","12":"product-type-simple"},"_links":{"self":[{"href":"https:\/\/baldumarket.lt\/lt\/wp-json\/wp\/v2\/product\/309792","targetHints":{"allow":["GET"]}}],"collection":[{"href":"https:\/\/baldumarket.lt\/lt\/wp-json\/wp\/v2\/product"}],"about":[{"href":"https:\/\/baldumarket.lt\/lt\/wp-json\/wp\/v2\/types\/product"}],"replies":[{"embeddable":true,"href":"https:\/\/baldumarket.lt\/lt\/wp-json\/wp\/v2\/comments?post=309792"}],"wp:featuredmedia":[{"embeddable":true,"href":"https:\/\/baldumarket.lt\/lt\/wp-json\/wp\/v2\/media\/309793"}],"wp:attachment":[{"href":"https:\/\/baldumarket.lt\/lt\/wp-json\/wp\/v2\/media?parent=309792"}],"wp:term":[{"taxonomy":"product_brand","embeddable":true,"href":"https:\/\/baldumarket.lt\/lt\/wp-json\/wp\/v2\/product_brand?post=309792"},{"taxonomy":"product_cat","embeddable":true,"href":"https:\/\/baldumarket.lt\/lt\/wp-json\/wp\/v2\/product_cat?post=309792"},{"taxonomy":"product_tag","embeddable":true,"href":"https:\/\/baldumarket.lt\/lt\/wp-json\/wp\/v2\/product_tag?post=309792"}],"curies":[{"name":"wp","href":"https:\/\/api.w.org\/{rel}","templated":true}]}}