{"id":309787,"date":"2026-01-16T07:25:02","date_gmt":"2026-01-16T04:25:02","guid":{"rendered":"https:\/\/baldumarket.lt\/product\/kuchnia-sara-180-cm-dab-lefkas\/"},"modified":"2026-04-23T19:02:39","modified_gmt":"2026-04-23T16:02:39","slug":"kuchnia-sara-180-cm-dab-lefkas","status":"publish","type":"product","link":"https:\/\/baldumarket.lt\/lt\/product\/kuchnia-sara-180-cm-dab-lefkas\/","title":{"rendered":"Sara virtuv\u0117 180 cm Lefkas \u0105\u017euolas"},"content":{"rendered":"<h5><span style=\"color: #54859b\">Apsilankykite m\u016bs\u0173 virtualioje Stolarz-Lempert prek\u0117s \u017eenklo parduotuv\u0117je<\/span><\/h5>\n<p> <a href=\"http:\/\/spacer.lempert.pl\/\" target=\"_blank\" rel=\"noopener\"><span style=\"color: #e47025\">http:\/\/spacer.lempert.pl\/<\/span><\/a><\/p>\n<p>\u201eSara Kitchen\u201c \u2013 tai klasikinio dizaino virtuv\u0117s bald\u0173 komplektas, kuris papildys bet kok\u012f stiling\u0105 interjer\u0105. Galimyb\u0117 pasirinkti papildomas spinteles arba u\u017esisakyti vis\u0105 virtuv\u0119 i\u0161 atskir\u0173 komponent\u0173 pad\u0117s maksimaliai i\u0161naudoti turim\u0105 erdv\u0119.<br \/>\n\u012e rinkin\u012f \u012feina:<br \/>\nAuk\u0161tos kokyb\u0117s fasadai pagaminti i\u0161 laminuotos plok\u0161t\u0117s<br \/>\nErdvios spintel\u0117s<br \/>\nPlastikin\u0117s rankenos<br \/>\n2,8 cm storio stalvir\u0161is, pagamintas naudojant pokalimo technologij\u0105, su ergonomi\u0161kai i\u0161lenktu priekiu (neb\u016btina)<br \/>\nMetaliniai vyriai ir stal\u010diai<br \/>\nVirtuv\u0117s spalvos:<br \/>\nFasadas: Lefkas \u0105\u017euolas<br \/>\nKorpusas: baltas<br \/>\n28 mm stalvir\u0161is: travertinas<br \/>\n\u012e rinkin\u012f \u012feina:<br \/>\nVir\u0161utin\u0117s spintel\u0117s:<br \/>\n80 G-72 2F<br \/>\n60 Gerai-40<br \/>\n40 G-72 F<br \/>\nApatin\u0117s spintel\u0117s:<br \/>\n80 ZL 2F BB<br \/>\n60 DG BB<br \/>\n40 D 4S BB<br \/>\nApatin\u0117s spintel\u0117s be stalvir\u0161io<\/p>","protected":false},"excerpt":{"rendered":"<p>Plotis [cm]: 180<br \/>\n\u016agis [cm]: 71,5<br \/>\nGylis [cm]: 31<br \/>\nPlotis i\u0161 kair\u0117s [cm]: 80 | 60 | 40<br \/>\n\u016agis [cm]: 71,5<br \/>\nGylis [cm]: 31<br \/>\nGylis su stalvir\u0161iu [cm]: 60<\/p>","protected":false},"featured_media":309788,"comment_status":"open","ping_status":"open","template":"","meta":[],"product_brand":[],"product_cat":[9234,1932],"product_tag":[],"class_list":{"0":"post-309787","1":"product","2":"type-product","3":"status-publish","4":"has-post-thumbnail","6":"product_cat-stolarz-lempert","7":"product_cat-kitchen-sets","9":"first","10":"instock","11":"purchasable","12":"product-type-simple"},"_links":{"self":[{"href":"https:\/\/baldumarket.lt\/lt\/wp-json\/wp\/v2\/product\/309787","targetHints":{"allow":["GET"]}}],"collection":[{"href":"https:\/\/baldumarket.lt\/lt\/wp-json\/wp\/v2\/product"}],"about":[{"href":"https:\/\/baldumarket.lt\/lt\/wp-json\/wp\/v2\/types\/product"}],"replies":[{"embeddable":true,"href":"https:\/\/baldumarket.lt\/lt\/wp-json\/wp\/v2\/comments?post=309787"}],"wp:featuredmedia":[{"embeddable":true,"href":"https:\/\/baldumarket.lt\/lt\/wp-json\/wp\/v2\/media\/309788"}],"wp:attachment":[{"href":"https:\/\/baldumarket.lt\/lt\/wp-json\/wp\/v2\/media?parent=309787"}],"wp:term":[{"taxonomy":"product_brand","embeddable":true,"href":"https:\/\/baldumarket.lt\/lt\/wp-json\/wp\/v2\/product_brand?post=309787"},{"taxonomy":"product_cat","embeddable":true,"href":"https:\/\/baldumarket.lt\/lt\/wp-json\/wp\/v2\/product_cat?post=309787"},{"taxonomy":"product_tag","embeddable":true,"href":"https:\/\/baldumarket.lt\/lt\/wp-json\/wp\/v2\/product_tag?post=309787"}],"curies":[{"name":"wp","href":"https:\/\/api.w.org\/{rel}","templated":true}]}}