{"id":309766,"date":"2026-01-16T07:24:47","date_gmt":"2026-01-16T04:24:47","guid":{"rendered":"https:\/\/baldumarket.lt\/product\/kuchnia-artisan-260-cm-bialy-polysk\/"},"modified":"2026-04-23T19:02:39","modified_gmt":"2026-04-23T16:02:39","slug":"kuchnia-artisan-260-cm-bialy-polysk","status":"publish","type":"product","link":"https:\/\/baldumarket.lt\/lt\/product\/kuchnia-artisan-260-cm-bialy-polysk\/","title":{"rendered":"\u201eArtisan\u201c virtuv\u0117, 260 cm, balta, blizgi"},"content":{"rendered":"<h5><span style=\"color: #54859b\">Apsilankykite m\u016bs\u0173 virtualioje Stolarz-Lempert prek\u0117s \u017eenklo parduotuv\u0117je<\/span><\/h5>\n<p> <a href=\"http:\/\/spacer.lempert.pl\/\" target=\"_blank\" rel=\"noopener\"><span style=\"color: #e47025\">http:\/\/spacer.lempert.pl\/<\/span><\/a><\/p>\n<p>\u201eArtisan Kitchen\u201c \u2013 tai modern\u016bs ir \u012fdom\u016bs baldai, kurie tiks prie bet kokio interjero.<br \/>\nVirtuv\u0117je yra de\u0161imtys spinteli\u0173, i\u0161 kuri\u0173 galite susikurti savo komplekt\u0105.<br \/>\nPaprastos formos \u2013 puikus pasirinkimas moderniai virtuvei.<br \/>\n\u012e rinkin\u012f \u012feina:<br \/>\nAuk\u0161tos kokyb\u0117s MDF fasadai<br \/>\nErdvios spintel\u0117s<br \/>\nPlastikin\u0117s rankenos<br \/>\n2,8 cm arba 3,8 cm storio stalvir\u0161is, pagamintas naudojant postformavimo technologij\u0105, su ergonomi\u0161kai u\u017eapvalinta priekine dalimi (neb\u016btina)<br \/>\nVirtuv\u0117s spalvos:<br \/>\nFasadai: balta MDF, balta PVC, \u201eArtisan Oak\u201c<br \/>\nKorpusas: Artisan \u0105\u017euolas<br \/>\nRankena 128: plastikin\u0117<br \/>\nPaveiksl\u0117lyje parodytas stalvir\u0161is: 28 mm \u0161viesus nubieti\u0161kas<br \/>\n\u012e rinkin\u012f \u012feina:<br \/>\nVir\u0161utin\u0117s spintel\u0117s:<br \/>\n80 G-72 2F<br \/>\n30 G-72 OTW<br \/>\n50 GU-36 1F \u2013 2 vnt.<br \/>\n60 GU-36 1F<br \/>\n40 G-72 1F<br \/>\nApatin\u0117s spintel\u0117s:<br \/>\n80 cm kriaukl\u0117 80 ZL 2F BB<br \/>\n80 cm 80 D 2F BB<br \/>\n60 cm stal\u010diai 60 cm D 3S BB<br \/>\n40 cm 40 cm D 1F BB<br \/>\n\u00a0<br \/>\nApatin\u0117s spintel\u0117s be stalvir\u0161io<br \/>\n\u00a0<br \/>\n\u00a0<\/p>","protected":false},"excerpt":{"rendered":"<p>Komplekto plotis [cm]: 260<br \/>\n\u016agis [cm]: 71,5<br \/>\nGylis [cm]: 31<br \/>\nPlotis i\u0161 kair\u0117s [cm]: 80 | 30 | 50 | 60 | 40<br \/>\n\u016agis [cm]: 71,5<br \/>\nGylis [cm]: 31<br \/>\nGylis su stalvir\u0161iu [cm]: 60<\/p>","protected":false},"featured_media":309767,"comment_status":"open","ping_status":"open","template":"","meta":[],"product_brand":[],"product_cat":[9234,1932],"product_tag":[],"class_list":{"0":"post-309766","1":"product","2":"type-product","3":"status-publish","4":"has-post-thumbnail","6":"product_cat-stolarz-lempert","7":"product_cat-kitchen-sets","9":"first","10":"instock","11":"purchasable","12":"product-type-simple"},"_links":{"self":[{"href":"https:\/\/baldumarket.lt\/lt\/wp-json\/wp\/v2\/product\/309766","targetHints":{"allow":["GET"]}}],"collection":[{"href":"https:\/\/baldumarket.lt\/lt\/wp-json\/wp\/v2\/product"}],"about":[{"href":"https:\/\/baldumarket.lt\/lt\/wp-json\/wp\/v2\/types\/product"}],"replies":[{"embeddable":true,"href":"https:\/\/baldumarket.lt\/lt\/wp-json\/wp\/v2\/comments?post=309766"}],"wp:featuredmedia":[{"embeddable":true,"href":"https:\/\/baldumarket.lt\/lt\/wp-json\/wp\/v2\/media\/309767"}],"wp:attachment":[{"href":"https:\/\/baldumarket.lt\/lt\/wp-json\/wp\/v2\/media?parent=309766"}],"wp:term":[{"taxonomy":"product_brand","embeddable":true,"href":"https:\/\/baldumarket.lt\/lt\/wp-json\/wp\/v2\/product_brand?post=309766"},{"taxonomy":"product_cat","embeddable":true,"href":"https:\/\/baldumarket.lt\/lt\/wp-json\/wp\/v2\/product_cat?post=309766"},{"taxonomy":"product_tag","embeddable":true,"href":"https:\/\/baldumarket.lt\/lt\/wp-json\/wp\/v2\/product_tag?post=309766"}],"curies":[{"name":"wp","href":"https:\/\/api.w.org\/{rel}","templated":true}]}}