{"id":309744,"date":"2026-01-16T07:24:30","date_gmt":"2026-01-16T04:24:30","guid":{"rendered":"https:\/\/baldumarket.lt\/product\/kuchnia-karmen-zestaw-narozny-190-170-cm-krem-polysk\/"},"modified":"2026-03-23T13:00:26","modified_gmt":"2026-03-23T10:00:26","slug":"kuchnia-karmen-zestaw-narozny-190-170-cm-krem-polysk","status":"publish","type":"product","link":"https:\/\/baldumarket.lt\/lt\/product\/kuchnia-karmen-zestaw-narozny-190-170-cm-krem-polysk\/","title":{"rendered":"Karmen virtuv\u0117s kampinis komplektas 190-170 cm kremin\u0117s spalvos blizgus"},"content":{"rendered":"<h5><span style=\"color: #54859b\">Apsilankykite m\u016bs\u0173 virtualioje Stolarz-Lempert prek\u0117s \u017eenklo parduotuv\u0117je<\/span><\/h5>\n<p> <a href=\"http:\/\/spacer.lempert.pl\/\" target=\"_blank\" rel=\"noopener\"><span style=\"color: #e47025\">http:\/\/spacer.lempert.pl\/<\/span><\/a><\/p>\n<p>Rekomenduojame modern\u0173 blizgant\u012f kampin\u012f virtuv\u0117s komplekt\u0105 \u201eKarmen\u201c.<br \/>\nPaprastos formos, lengvas dizainas ir blizg\u016bs PVC fasadai \u2013 tai \u0161io komplekto privalumai. Jis puikiai tinka bet kuriai moderniu stiliumi dekoruotai virtuvei. Virtuv\u0117s ypatyb\u0117s:<br \/>\nAuk\u0161tos kokyb\u0117s, blizg\u016bs PVC vir\u0161utiniai fasadai, atspar\u016bs at\u0161iaurioms virtuv\u0117s s\u0105lygoms<br \/>\nErdvios spintel\u0117s<br \/>\nMetalin\u0117s rankenos<br \/>\nGalima \u012fsigyti \u012fvairi\u0173 stalvir\u0161i\u0173<br \/>\nSpintel\u0117s turi \u0161velnaus u\u017edarymo stal\u010di\u0173 sistem\u0105 \u2013 \u017er. papildom\u0105 nuotrauk\u0105<br \/>\nSpintel\u0117s turi \u0161velnaus u\u017edarymo priekin\u0119 sistem\u0105 \u2013 \u017er. papildom\u0105 nuotrauk\u0105<br \/>\nVirtuv\u0117s spalvos:<br \/>\nFasadai: kremin\u0117s spalvos MDF, kremin\u0117s spalvos PVC<br \/>\nK\u016bnas: pilkas<br \/>\nRankena 128: UZ9404 metalas<br \/>\n\u012e kain\u0105 \u012fskai\u010diuotos \u0161ios spintel\u0117s:<br \/>\nApa\u010dia: 40 cm stal\u010diai \u2013 40 D 4S BB<br \/>\n90\/90 cm kampas \u2013 DN 1F BB<br \/>\n80 cm kriaukl\u0117 \u2013 80 ZL 2F BB<br \/>\nVir\u0161uje:<br \/>\n40 cm \u2013 40 G-72 1F<br \/>\n60 cm gaubtas \u2013 60 GU-36 1F<br \/>\n30 cm \u2013 30 G-72 1F<br \/>\n60 cm kampas \u2013 58\u00d758 GN-72 1F<br \/>\n30 cm \u2013 30 G-72 1F<br \/>\n80 cm pakreipiamas \u2013 80 GU-72 2F<br \/>\n\u00a0<\/p>","protected":false},"excerpt":{"rendered":"<p>Gylis su stalvir\u0161iu [cm]: 60<br \/>\nGylis [cm]: 32 vir\u0161uje<br \/>\nGylis be vir\u0161utinio sluoksnio [cm]: 52<br \/>\nGylis su stalvir\u0161iu [cm]: 60<br \/>\nPlotis [cm]: 190-170<br \/>\nAuk\u0161tis [cm]: 71,5 vir\u0161uje<br \/>\nAuk\u0161tis be vir\u0161utinio sluoksnio [cm]: 82<\/p>","protected":false},"featured_media":309745,"comment_status":"open","ping_status":"open","template":"","meta":[],"product_brand":[],"product_cat":[9234,1932],"product_tag":[],"class_list":{"0":"post-309744","1":"product","2":"type-product","3":"status-publish","4":"has-post-thumbnail","6":"product_cat-stolarz-lempert","7":"product_cat-kitchen-sets","9":"first","10":"instock","11":"purchasable","12":"product-type-simple"},"_links":{"self":[{"href":"https:\/\/baldumarket.lt\/lt\/wp-json\/wp\/v2\/product\/309744","targetHints":{"allow":["GET"]}}],"collection":[{"href":"https:\/\/baldumarket.lt\/lt\/wp-json\/wp\/v2\/product"}],"about":[{"href":"https:\/\/baldumarket.lt\/lt\/wp-json\/wp\/v2\/types\/product"}],"replies":[{"embeddable":true,"href":"https:\/\/baldumarket.lt\/lt\/wp-json\/wp\/v2\/comments?post=309744"}],"wp:featuredmedia":[{"embeddable":true,"href":"https:\/\/baldumarket.lt\/lt\/wp-json\/wp\/v2\/media\/309745"}],"wp:attachment":[{"href":"https:\/\/baldumarket.lt\/lt\/wp-json\/wp\/v2\/media?parent=309744"}],"wp:term":[{"taxonomy":"product_brand","embeddable":true,"href":"https:\/\/baldumarket.lt\/lt\/wp-json\/wp\/v2\/product_brand?post=309744"},{"taxonomy":"product_cat","embeddable":true,"href":"https:\/\/baldumarket.lt\/lt\/wp-json\/wp\/v2\/product_cat?post=309744"},{"taxonomy":"product_tag","embeddable":true,"href":"https:\/\/baldumarket.lt\/lt\/wp-json\/wp\/v2\/product_tag?post=309744"}],"curies":[{"name":"wp","href":"https:\/\/api.w.org\/{rel}","templated":true}]}}