{"id":309733,"date":"2026-01-16T07:24:21","date_gmt":"2026-01-16T04:24:21","guid":{"rendered":"https:\/\/baldumarket.lt\/product\/regal-dolny-otwarty-30-cm-szary-platyna-30-dotw-bb\/"},"modified":"2026-03-23T13:00:26","modified_gmt":"2026-03-23T10:00:26","slug":"regal-dolny-otwarty-30-cm-szary-platyna-30-dotw-bb","status":"publish","type":"product","link":"https:\/\/baldumarket.lt\/lt\/product\/regal-dolny-otwarty-30-cm-szary-platyna-30-dotw-bb\/","title":{"rendered":"Atvira apatin\u0117 lentyna 30 cm platinos pilka 30 DOTW BB"},"content":{"rendered":"<h5><span style=\"color: #54859b\">Apsilankykite m\u016bs\u0173 virtualioje Stolarz-Lempert prek\u0117s \u017eenklo parduotuv\u0117je<\/span><\/h5>\n<p> <a href=\"http:\/\/spacer.lempert.pl\/\" target=\"_blank\" rel=\"noopener\"><span style=\"color: #e47025\">http:\/\/spacer.lempert.pl\/<\/span><\/a><\/p>\n<p>30 cm atvira lentyna \u2013 platinos pilka \u2013 papildo 10 \u201eLempert\u201c spinteli\u0173<br \/>\n\u00a0<br \/>\nSpecifikacijos:<br \/>\n16 mm laminuota plok\u0161t\u0117<br \/>\nSpintel\u0117 stovi ant cokolio ir r\u0117m\u0173 (be koj\u0173)<br \/>\nTuri dvi lentynas<br \/>\nSpintel\u0117 be vir\u0161utin\u0117s dalies<\/p>","protected":false},"excerpt":{"rendered":"<p>Gylis be vir\u0161utinio sluoksnio [cm]: 50<br \/>\nPlotis [cm]: 30<br \/>\nAuk\u0161tis be vir\u0161utinio sluoksnio [cm]: 82<br \/>\nGylis be vir\u0161utinio sluoksnio [cm]: 50<\/p>","protected":false},"featured_media":309734,"comment_status":"open","ping_status":"open","template":"","meta":[],"product_brand":[],"product_cat":[9234,9118],"product_tag":[],"class_list":{"0":"post-309733","1":"product","2":"type-product","3":"status-publish","4":"has-post-thumbnail","6":"product_cat-stolarz-lempert","7":"product_cat-kitchen-cabinets","9":"first","10":"instock","11":"purchasable","12":"product-type-simple"},"_links":{"self":[{"href":"https:\/\/baldumarket.lt\/lt\/wp-json\/wp\/v2\/product\/309733","targetHints":{"allow":["GET"]}}],"collection":[{"href":"https:\/\/baldumarket.lt\/lt\/wp-json\/wp\/v2\/product"}],"about":[{"href":"https:\/\/baldumarket.lt\/lt\/wp-json\/wp\/v2\/types\/product"}],"replies":[{"embeddable":true,"href":"https:\/\/baldumarket.lt\/lt\/wp-json\/wp\/v2\/comments?post=309733"}],"wp:featuredmedia":[{"embeddable":true,"href":"https:\/\/baldumarket.lt\/lt\/wp-json\/wp\/v2\/media\/309734"}],"wp:attachment":[{"href":"https:\/\/baldumarket.lt\/lt\/wp-json\/wp\/v2\/media?parent=309733"}],"wp:term":[{"taxonomy":"product_brand","embeddable":true,"href":"https:\/\/baldumarket.lt\/lt\/wp-json\/wp\/v2\/product_brand?post=309733"},{"taxonomy":"product_cat","embeddable":true,"href":"https:\/\/baldumarket.lt\/lt\/wp-json\/wp\/v2\/product_cat?post=309733"},{"taxonomy":"product_tag","embeddable":true,"href":"https:\/\/baldumarket.lt\/lt\/wp-json\/wp\/v2\/product_tag?post=309733"}],"curies":[{"name":"wp","href":"https:\/\/api.w.org\/{rel}","templated":true}]}}