{"id":309653,"date":"2026-01-16T07:23:17","date_gmt":"2026-01-16T04:23:17","guid":{"rendered":"https:\/\/baldumarket.lt\/product\/blat-do-kuchni-producenta-10-grubosc-28-mm-nubian-jasny\/"},"modified":"2026-03-23T13:00:26","modified_gmt":"2026-03-23T10:00:26","slug":"blat-do-kuchni-producenta-10-grubosc-28-mm-nubian-jasny","status":"publish","type":"product","link":"https:\/\/baldumarket.lt\/lt\/product\/blat-do-kuchni-producenta-10-grubosc-28-mm-nubian-jasny\/","title":{"rendered":"Virtuv\u0117s stalvir\u0161io gamintojas 10, storis 28 mm, \u0161viesus nubieti\u0161kas"},"content":{"rendered":"<h5><span style=\"color: #54859b\">Apsilankykite m\u016bs\u0173 virtualioje Stolarz-Lempert prek\u0117s \u017eenklo parduotuv\u0117je<\/span><\/h5>\n<p> <a href=\"http:\/\/spacer.lempert.pl\/\" target=\"_blank\" rel=\"noopener\"><span style=\"color: #e47025\">http:\/\/spacer.lempert.pl\/<\/span><\/a><\/p>\n<p>28 mm storio stalvir\u0161is visoms 10 serijos virtuv\u0117ms, \u0161viesios Nubian spalvos.<br \/>\nStalvir\u0161i\u0173 juosteles galite u\u017esisakyti:<br \/>\n1 \u2013 vieneto kaina: 20 PLN<br \/>\n2 ir 3 \u2013 vieneto kaina: 20 PLN<br \/>\n4 \u2013 vieneto kaina: 25 PLN<br \/>\nStalvir\u0161iai nuo 210 iki 320 cm tiekiami u\u017e papildom\u0105 siuntimo mokest\u012f: + 90 PLN \u2013 papildomas mokestis pridedamas prie stalvir\u0161io kainos.<br \/>\nStalvir\u0161io u\u017esakymo ir pristatymo galimyb\u0117 taikoma tik 010 gamintojo virtuv\u0117ms arba spintel\u0117ms.<\/p>","protected":false},"excerpt":{"rendered":"<p>Auk\u0161tis [cm]: 2,8<br \/>\nIlgis [cm]: 30\u2013300<br \/>\nGylis [cm]: 60<br \/>\nAuk\u0161tis [cm]: 2,8<\/p>","protected":false},"featured_media":309654,"comment_status":"open","ping_status":"open","template":"","meta":[],"product_brand":[],"product_cat":[9234,1043],"product_tag":[],"class_list":{"0":"post-309653","1":"product","2":"type-product","3":"status-publish","4":"has-post-thumbnail","6":"product_cat-stolarz-lempert","7":"product_cat-extras","9":"first","10":"instock","11":"purchasable","12":"product-type-simple"},"_links":{"self":[{"href":"https:\/\/baldumarket.lt\/lt\/wp-json\/wp\/v2\/product\/309653","targetHints":{"allow":["GET"]}}],"collection":[{"href":"https:\/\/baldumarket.lt\/lt\/wp-json\/wp\/v2\/product"}],"about":[{"href":"https:\/\/baldumarket.lt\/lt\/wp-json\/wp\/v2\/types\/product"}],"replies":[{"embeddable":true,"href":"https:\/\/baldumarket.lt\/lt\/wp-json\/wp\/v2\/comments?post=309653"}],"wp:featuredmedia":[{"embeddable":true,"href":"https:\/\/baldumarket.lt\/lt\/wp-json\/wp\/v2\/media\/309654"}],"wp:attachment":[{"href":"https:\/\/baldumarket.lt\/lt\/wp-json\/wp\/v2\/media?parent=309653"}],"wp:term":[{"taxonomy":"product_brand","embeddable":true,"href":"https:\/\/baldumarket.lt\/lt\/wp-json\/wp\/v2\/product_brand?post=309653"},{"taxonomy":"product_cat","embeddable":true,"href":"https:\/\/baldumarket.lt\/lt\/wp-json\/wp\/v2\/product_cat?post=309653"},{"taxonomy":"product_tag","embeddable":true,"href":"https:\/\/baldumarket.lt\/lt\/wp-json\/wp\/v2\/product_tag?post=309653"}],"curies":[{"name":"wp","href":"https:\/\/api.w.org\/{rel}","templated":true}]}}