{"id":309368,"date":"2026-01-16T07:18:56","date_gmt":"2026-01-16T04:18:56","guid":{"rendered":"https:\/\/baldumarket.lt\/product\/regal-dolny-otwarty-15-cm-dab-artisan-15-dotw-bb\/"},"modified":"2026-04-23T19:03:55","modified_gmt":"2026-04-23T16:03:55","slug":"regal-dolny-otwarty-15-cm-dab-artisan-15-dotw-bb","status":"publish","type":"product","link":"https:\/\/baldumarket.lt\/lt\/product\/regal-dolny-otwarty-15-cm-dab-artisan-15-dotw-bb\/","title":{"rendered":"Atvira apatin\u0117 lentyna 15 cm, \u0105\u017euolo imitacija, 15 DOTW BB"},"content":{"rendered":"<h5><span style=\"color: #54859b\">Apsilankykite m\u016bs\u0173 virtualioje Stolarz-Lempert prek\u0117s \u017eenklo parduotuv\u0117je<\/span><\/h5>\n<p> <a href=\"http:\/\/spacer.lempert.pl\/\" target=\"_blank\" rel=\"noopener\"><span style=\"color: #e47025\">http:\/\/spacer.lempert.pl\/<\/span><\/a><\/p>\n<p>15 cm atvira lentyna \u2013 \u201eArtisan Oak\u201c \u2013 tinka 10 \u201eLempert\u201c spinteli\u0173<br \/>\n\u00a0<br \/>\nSpecifikacijos:<br \/>\n16 mm laminuota plok\u0161t\u0117<br \/>\nSpintel\u0117 stovi ant cokolio ir karkaso (be kojeli\u0173)<br \/>\nTuri dvi lentynas<br \/>\nSpintel\u0117 be vir\u0161utin\u0117s dalies<\/p>","protected":false},"excerpt":{"rendered":"<p>Auk\u0161tis su stalvir\u0161iu [cm]: 85,8<br \/>\nPlotis [cm]: 15<br \/>\nAuk\u0161tis be vir\u0161utinio sluoksnio [cm]: 82<br \/>\nAuk\u0161tis su stalvir\u0161iu [cm]: 85,8<br \/>\nGylis be vir\u0161utinio sluoksnio [cm]: 50<br \/>\nGylis su stalvir\u0161iu [cm]: 60<\/p>","protected":false},"featured_media":309369,"comment_status":"open","ping_status":"open","template":"","meta":[],"product_brand":[],"product_cat":[9234,9118],"product_tag":[],"class_list":{"0":"post-309368","1":"product","2":"type-product","3":"status-publish","4":"has-post-thumbnail","6":"product_cat-stolarz-lempert","7":"product_cat-kitchen-cabinets","9":"first","10":"instock","11":"purchasable","12":"product-type-simple"},"_links":{"self":[{"href":"https:\/\/baldumarket.lt\/lt\/wp-json\/wp\/v2\/product\/309368","targetHints":{"allow":["GET"]}}],"collection":[{"href":"https:\/\/baldumarket.lt\/lt\/wp-json\/wp\/v2\/product"}],"about":[{"href":"https:\/\/baldumarket.lt\/lt\/wp-json\/wp\/v2\/types\/product"}],"replies":[{"embeddable":true,"href":"https:\/\/baldumarket.lt\/lt\/wp-json\/wp\/v2\/comments?post=309368"}],"wp:featuredmedia":[{"embeddable":true,"href":"https:\/\/baldumarket.lt\/lt\/wp-json\/wp\/v2\/media\/309369"}],"wp:attachment":[{"href":"https:\/\/baldumarket.lt\/lt\/wp-json\/wp\/v2\/media?parent=309368"}],"wp:term":[{"taxonomy":"product_brand","embeddable":true,"href":"https:\/\/baldumarket.lt\/lt\/wp-json\/wp\/v2\/product_brand?post=309368"},{"taxonomy":"product_cat","embeddable":true,"href":"https:\/\/baldumarket.lt\/lt\/wp-json\/wp\/v2\/product_cat?post=309368"},{"taxonomy":"product_tag","embeddable":true,"href":"https:\/\/baldumarket.lt\/lt\/wp-json\/wp\/v2\/product_tag?post=309368"}],"curies":[{"name":"wp","href":"https:\/\/api.w.org\/{rel}","templated":true}]}}