{"id":309202,"date":"2026-01-16T07:16:38","date_gmt":"2026-01-16T04:16:38","guid":{"rendered":"https:\/\/baldumarket.lt\/product\/komoda-salsa-bialy-mat\/"},"modified":"2026-03-23T13:00:26","modified_gmt":"2026-03-23T10:00:26","slug":"komoda-salsa-bialy-mat","status":"publish","type":"product","link":"https:\/\/baldumarket.lt\/lt\/product\/komoda-salsa-bialy-mat\/","title":{"rendered":"Salsa komoda &#8211; matin\u0117 balta"},"content":{"rendered":"<h5><span style=\"color: #54859b\">Apsilankykite m\u016bs\u0173 virtualioje Stolarz-Lempert prek\u0117s \u017eenklo parduotuv\u0117je<\/span><\/h5>\n<p> <a href=\"http:\/\/spacer.lempert.pl\/\" target=\"_blank\" rel=\"noopener\"><span style=\"color: #e47025\">http:\/\/spacer.lempert.pl\/<\/span><\/a><\/p>\n<p>Komoda \u201eSalsa\u201c \u2013 tai modernus baldas su stikliniais fasadais, stal\u010diumi ir erdviomis lentynomis. Prie komodos galima u\u017esisakyti sienin\u0119 spintel\u0119 \u201eSalsa\u201c, o papildomai galima u\u017esisakyti ap\u0161vietim\u0105.<br \/>\nKomodos pakuot\u0117s matmenys:<br \/>\n1\/2 pakuot\u0117s \u2013 0,051 m\u00b3 | svoris \u2013 26 kg<br \/>\n2\/2 pakuot\u0117s \u2013 0,050 m\u00b3 | svoris \u2013 21 kg<br \/>\nPriekin\u0117s dalys ir r\u0117mai \u2013 matin\u0117s baltos spalvos.<\/p>","protected":false},"excerpt":{"rendered":"<p>Plotis [cm]: 140<br \/>\nAuk\u0161tis [cm]: 80<br \/>\nGylis [cm]: 40<br \/>\nKomodos stilius: modernus<br \/>\nMed\u017eiaga: laminuota plok\u0161t\u0117<br \/>\nKomodos spalva: balta<br \/>\nAtidarymo b\u016bdas: naudojant rankenas<br \/>\nStal\u010di\u0173 skai\u010dius: 1 stal\u010dius<br \/>\nKoj\u0173 tipas: be koj\u0173 \u2013 ant cokolio<\/p>","protected":false},"featured_media":309203,"comment_status":"open","ping_status":"open","template":"","meta":[],"product_brand":[],"product_cat":[9234,1173],"product_tag":[],"class_list":{"0":"post-309202","1":"product","2":"type-product","3":"status-publish","4":"has-post-thumbnail","6":"product_cat-stolarz-lempert","7":"product_cat-chests-of-drawers","9":"first","10":"instock","11":"purchasable","12":"product-type-simple"},"_links":{"self":[{"href":"https:\/\/baldumarket.lt\/lt\/wp-json\/wp\/v2\/product\/309202","targetHints":{"allow":["GET"]}}],"collection":[{"href":"https:\/\/baldumarket.lt\/lt\/wp-json\/wp\/v2\/product"}],"about":[{"href":"https:\/\/baldumarket.lt\/lt\/wp-json\/wp\/v2\/types\/product"}],"replies":[{"embeddable":true,"href":"https:\/\/baldumarket.lt\/lt\/wp-json\/wp\/v2\/comments?post=309202"}],"wp:featuredmedia":[{"embeddable":true,"href":"https:\/\/baldumarket.lt\/lt\/wp-json\/wp\/v2\/media\/309203"}],"wp:attachment":[{"href":"https:\/\/baldumarket.lt\/lt\/wp-json\/wp\/v2\/media?parent=309202"}],"wp:term":[{"taxonomy":"product_brand","embeddable":true,"href":"https:\/\/baldumarket.lt\/lt\/wp-json\/wp\/v2\/product_brand?post=309202"},{"taxonomy":"product_cat","embeddable":true,"href":"https:\/\/baldumarket.lt\/lt\/wp-json\/wp\/v2\/product_cat?post=309202"},{"taxonomy":"product_tag","embeddable":true,"href":"https:\/\/baldumarket.lt\/lt\/wp-json\/wp\/v2\/product_tag?post=309202"}],"curies":[{"name":"wp","href":"https:\/\/api.w.org\/{rel}","templated":true}]}}