{"id":309127,"date":"2026-01-16T07:15:37","date_gmt":"2026-01-16T04:15:37","guid":{"rendered":"https:\/\/baldumarket.lt\/product\/artisan-polysk-front-zmywarki-zm-713x446\/"},"modified":"2026-03-23T13:00:26","modified_gmt":"2026-03-23T10:00:26","slug":"artisan-polysk-front-zmywarki-zm-713x446","status":"publish","type":"product","link":"https:\/\/baldumarket.lt\/lt\/product\/artisan-polysk-front-zmywarki-zm-713x446\/","title":{"rendered":"\u201eArtisan\u201c blizgi indaplov\u0117s priekin\u0117 dalis ZM 713&#215;446"},"content":{"rendered":"<h5><span style=\"color: #54859b\">Apsilankykite m\u016bs\u0173 virtualioje Stolarz-Lempert prek\u0117s \u017eenklo parduotuv\u0117je<\/span><\/h5>\n<p> <a href=\"http:\/\/spacer.lempert.pl\/\" target=\"_blank\" rel=\"noopener\"><span style=\"color: #e47025\">http:\/\/spacer.lempert.pl\/<\/span><\/a><\/p>\n<p>\u201eArtisan Kitchen\u201c \u2013 tai modern\u016bs ir \u012fdom\u016bs baldai \u2013 virtuv\u0117s baldai tiks bet kokiam interjerui.<br \/>\nVirtuv\u0117je yra de\u0161imtys spinteli\u0173, i\u0161 kuri\u0173 galite susikurti savo komplekt\u0105.<br \/>\nPaprastos formos \u2013 puikus pasirinkimas moderniai virtuvei.<br \/>\n\u012e rinkin\u012f \u012feina:<br \/>\nauk\u0161tos kokyb\u0117s MDF fasadai<br \/>\nerdvios spintel\u0117s<br \/>\nplastikin\u0117s rankenos<br \/>\n2,8 cm arba 3,8 cm storio stalvir\u0161is, pagamintas naudojant postformavimo technologij\u0105, su ergonomi\u0161kai i\u0161lenktu priekiu (neb\u016btina)<br \/>\nVirtuv\u0117s spalvos:<br \/>\nBaltas MDF, baltas PVC, \u0105\u017euolas \u201eArtisan\u201c<br \/>\nKorpusas: Artisan \u0105\u017euolas<br \/>\nRankena 128: plastikin\u0117<br \/>\nPavaizduotas stalvir\u0161is: 28 mm \u0161viesus nubieti\u0161kas<br \/>\n\u201eArtisan\u201c indaplov\u0117s priekin\u0117 dalis: blizgi ZM 713\u00d7446.<\/p>","protected":false},"excerpt":{"rendered":"<p>\u016agis [cm]: 71,3<br \/>\nGylis [cm]: 1,6<br \/>\nPlotis [cm]: 44,6<br \/>\n\u016agis [cm]: 71,3<\/p>","protected":false},"featured_media":309128,"comment_status":"open","ping_status":"open","template":"","meta":[],"product_brand":[],"product_cat":[9234,1043],"product_tag":[],"class_list":{"0":"post-309127","1":"product","2":"type-product","3":"status-publish","4":"has-post-thumbnail","6":"product_cat-stolarz-lempert","7":"product_cat-extras","9":"first","10":"instock","11":"purchasable","12":"product-type-simple"},"_links":{"self":[{"href":"https:\/\/baldumarket.lt\/lt\/wp-json\/wp\/v2\/product\/309127","targetHints":{"allow":["GET"]}}],"collection":[{"href":"https:\/\/baldumarket.lt\/lt\/wp-json\/wp\/v2\/product"}],"about":[{"href":"https:\/\/baldumarket.lt\/lt\/wp-json\/wp\/v2\/types\/product"}],"replies":[{"embeddable":true,"href":"https:\/\/baldumarket.lt\/lt\/wp-json\/wp\/v2\/comments?post=309127"}],"wp:featuredmedia":[{"embeddable":true,"href":"https:\/\/baldumarket.lt\/lt\/wp-json\/wp\/v2\/media\/309128"}],"wp:attachment":[{"href":"https:\/\/baldumarket.lt\/lt\/wp-json\/wp\/v2\/media?parent=309127"}],"wp:term":[{"taxonomy":"product_brand","embeddable":true,"href":"https:\/\/baldumarket.lt\/lt\/wp-json\/wp\/v2\/product_brand?post=309127"},{"taxonomy":"product_cat","embeddable":true,"href":"https:\/\/baldumarket.lt\/lt\/wp-json\/wp\/v2\/product_cat?post=309127"},{"taxonomy":"product_tag","embeddable":true,"href":"https:\/\/baldumarket.lt\/lt\/wp-json\/wp\/v2\/product_tag?post=309127"}],"curies":[{"name":"wp","href":"https:\/\/api.w.org\/{rel}","templated":true}]}}