{"id":309103,"date":"2026-01-16T07:15:17","date_gmt":"2026-01-16T04:15:17","guid":{"rendered":"https:\/\/baldumarket.lt\/product\/szafka-gorna-narozna-artisan-bialy-polysk-60x60-gn-72-45-stopni-1f\/"},"modified":"2026-03-23T13:00:26","modified_gmt":"2026-03-23T10:00:26","slug":"szafka-gorna-narozna-artisan-bialy-polysk-60x60-gn-72-45-stopni-1f","status":"publish","type":"product","link":"https:\/\/baldumarket.lt\/lt\/product\/szafka-gorna-narozna-artisan-bialy-polysk-60x60-gn-72-45-stopni-1f\/","title":{"rendered":"Artisan kampin\u0117 vir\u0161utin\u0117 spintel\u0117, balta blizgi, 60&#215;60 GN-72 (45 laipsni\u0173) 1F"},"content":{"rendered":"<h5><span style=\"color: #54859b\">Apsilankykite m\u016bs\u0173 virtualioje Stolarz-Lempert prek\u0117s \u017eenklo parduotuv\u0117je<\/span><\/h5>\n<p> <a href=\"http:\/\/spacer.lempert.pl\/\" target=\"_blank\" rel=\"noopener\"><span style=\"color: #e47025\">http:\/\/spacer.lempert.pl\/<\/span><\/a><\/p>\n<p>\u201eArtisan Kitchen\u201c \u2013 tai modern\u016bs ir \u012fdom\u016bs baldai, kurie tiks prie bet kokio interjero.<br \/>\nVirtuv\u0117je yra de\u0161imtys spinteli\u0173, i\u0161 kuri\u0173 galite susikurti savo komplekt\u0105.<br \/>\nPaprastos formos \u2013 puikus pasirinkimas moderniai virtuvei.<br \/>\n\u012e rinkin\u012f \u012feina:<br \/>\nAuk\u0161tos kokyb\u0117s MDF fasadai<br \/>\nErdvios spintel\u0117s<br \/>\nMetalin\u0117s rankenos<br \/>\nVyriai \u2013 \u0161velniai u\u017esidarantys<br \/>\nStal\u010diai \u2013 auk\u0161\u010diausios kokyb\u0117s d\u0117\u017eut\u0117 su \u0161velnaus u\u017edarymo sistema<br \/>\n2,8 cm arba 3,8 cm storio stalvir\u0161is, pagamintas naudojant pokalimo technologij\u0105, su ergonomi\u0161kai u\u017eapvalinta priekine dalimi (neb\u016btina)<br \/>\nVirtuv\u0117 be koj\u0173, montuojama ant cokoli\u0173<br \/>\nBaldai si\u016blomi penki\u0173 patraukli\u0173 spalv\u0173 \u2013 apsilankykite m\u016bs\u0173 svetain\u0117je:<br \/>\nVirtuv\u0117s spalvos:<br \/>\nFasadai: balta MDF, balta PVC, \u201eArtisan Oak\u201c<br \/>\nKorpusas: Artisan \u0105\u017euolas<br \/>\nRankena 128-9408 metalin\u0117<br \/>\nCokolin\u0117s grindys: Artisan Oak<br \/>\nGalimas vir\u0161utin\u0117s plok\u0161t\u0117s storis: 28 mm arba 38 mm<br \/>\n\u201eArtisan\u201c kampin\u0117 vir\u0161utin\u0117 spintel\u0117 60\/60 cm, blizgi balta, 60\u00d760 GN-72 (45 laipsni\u0173) 1F.<br \/>\n\u00a0<br \/>\nUniversali spintel\u0117, skirta montuoti de\u0161in\u0117je arba kair\u0117je pus\u0117je.<\/p>","protected":false},"excerpt":{"rendered":"<p>Auk\u0161tis [cm]: 72<br \/>\nGylis [cm]: 31<br \/>\nPlotis [cm]: 60-60<br \/>\nAuk\u0161tis [cm]: 72<\/p>","protected":false},"featured_media":309104,"comment_status":"open","ping_status":"open","template":"","meta":[],"product_brand":[],"product_cat":[9234,9118],"product_tag":[],"class_list":{"0":"post-309103","1":"product","2":"type-product","3":"status-publish","4":"has-post-thumbnail","6":"product_cat-stolarz-lempert","7":"product_cat-kitchen-cabinets","9":"first","10":"instock","11":"purchasable","12":"product-type-simple"},"_links":{"self":[{"href":"https:\/\/baldumarket.lt\/lt\/wp-json\/wp\/v2\/product\/309103","targetHints":{"allow":["GET"]}}],"collection":[{"href":"https:\/\/baldumarket.lt\/lt\/wp-json\/wp\/v2\/product"}],"about":[{"href":"https:\/\/baldumarket.lt\/lt\/wp-json\/wp\/v2\/types\/product"}],"replies":[{"embeddable":true,"href":"https:\/\/baldumarket.lt\/lt\/wp-json\/wp\/v2\/comments?post=309103"}],"wp:featuredmedia":[{"embeddable":true,"href":"https:\/\/baldumarket.lt\/lt\/wp-json\/wp\/v2\/media\/309104"}],"wp:attachment":[{"href":"https:\/\/baldumarket.lt\/lt\/wp-json\/wp\/v2\/media?parent=309103"}],"wp:term":[{"taxonomy":"product_brand","embeddable":true,"href":"https:\/\/baldumarket.lt\/lt\/wp-json\/wp\/v2\/product_brand?post=309103"},{"taxonomy":"product_cat","embeddable":true,"href":"https:\/\/baldumarket.lt\/lt\/wp-json\/wp\/v2\/product_cat?post=309103"},{"taxonomy":"product_tag","embeddable":true,"href":"https:\/\/baldumarket.lt\/lt\/wp-json\/wp\/v2\/product_tag?post=309103"}],"curies":[{"name":"wp","href":"https:\/\/api.w.org\/{rel}","templated":true}]}}