{"id":308969,"date":"2026-01-16T07:13:26","date_gmt":"2026-01-16T04:13:26","guid":{"rendered":"https:\/\/baldumarket.lt\/product\/regal-dolny-zakonczeniowy-30-cm-dab-artisan-30-dzak-bb\/"},"modified":"2026-03-23T13:00:26","modified_gmt":"2026-03-23T10:00:26","slug":"regal-dolny-zakonczeniowy-30-cm-dab-artisan-30-dzak-bb","status":"publish","type":"product","link":"https:\/\/baldumarket.lt\/lt\/product\/regal-dolny-zakonczeniowy-30-cm-dab-artisan-30-dzak-bb\/","title":{"rendered":"Apatin\u0117 lentyna, 30 cm, \u0105\u017euolas, 30 DZAK BB"},"content":{"rendered":"<h5><span style=\"color: #54859b\">Apsilankykite m\u016bs\u0173 virtualioje Stolarz-Lempert prek\u0117s \u017eenklo parduotuv\u0117je<\/span><\/h5>\n<p> <a href=\"http:\/\/spacer.lempert.pl\/\" target=\"_blank\" rel=\"noopener\"><span style=\"color: #e47025\">http:\/\/spacer.lempert.pl\/<\/span><\/a><\/p>\n<p>30 cm atvira lentyna \u2013 \u201eArtisan Oak\u201c \u2013 papildo 10 \u201eLempert\u201c spinteli\u0173<br \/>\n\u00a0<br \/>\nSpecifikacijos:<br \/>\n16 mm laminuota plok\u0161t\u0117<br \/>\nPo stalvir\u0161iu montuojama spintel\u0117<br \/>\nTuri lentyn\u0105<br \/>\nNebaigta spintel\u0117<\/p>","protected":false},"excerpt":{"rendered":"<p>Auk\u0161tis [cm]: 72<br \/>\nGylis [cm]: 55<br \/>\nPlotis [cm]: 30<br \/>\nAuk\u0161tis [cm]: 72<br \/>\nGylis be vir\u0161utinio sluoksnio [cm]: 60<\/p>","protected":false},"featured_media":308970,"comment_status":"open","ping_status":"open","template":"","meta":[],"product_brand":[],"product_cat":[9234,9118],"product_tag":[],"class_list":{"0":"post-308969","1":"product","2":"type-product","3":"status-publish","4":"has-post-thumbnail","6":"product_cat-stolarz-lempert","7":"product_cat-kitchen-cabinets","9":"first","10":"instock","11":"purchasable","12":"product-type-simple"},"_links":{"self":[{"href":"https:\/\/baldumarket.lt\/lt\/wp-json\/wp\/v2\/product\/308969","targetHints":{"allow":["GET"]}}],"collection":[{"href":"https:\/\/baldumarket.lt\/lt\/wp-json\/wp\/v2\/product"}],"about":[{"href":"https:\/\/baldumarket.lt\/lt\/wp-json\/wp\/v2\/types\/product"}],"replies":[{"embeddable":true,"href":"https:\/\/baldumarket.lt\/lt\/wp-json\/wp\/v2\/comments?post=308969"}],"wp:featuredmedia":[{"embeddable":true,"href":"https:\/\/baldumarket.lt\/lt\/wp-json\/wp\/v2\/media\/308970"}],"wp:attachment":[{"href":"https:\/\/baldumarket.lt\/lt\/wp-json\/wp\/v2\/media?parent=308969"}],"wp:term":[{"taxonomy":"product_brand","embeddable":true,"href":"https:\/\/baldumarket.lt\/lt\/wp-json\/wp\/v2\/product_brand?post=308969"},{"taxonomy":"product_cat","embeddable":true,"href":"https:\/\/baldumarket.lt\/lt\/wp-json\/wp\/v2\/product_cat?post=308969"},{"taxonomy":"product_tag","embeddable":true,"href":"https:\/\/baldumarket.lt\/lt\/wp-json\/wp\/v2\/product_tag?post=308969"}],"curies":[{"name":"wp","href":"https:\/\/api.w.org\/{rel}","templated":true}]}}