{"id":308962,"date":"2026-01-16T07:13:21","date_gmt":"2026-01-16T04:13:21","guid":{"rendered":"https:\/\/baldumarket.lt\/product\/szafka-dolna-cargo-artisan-30-d-cargo-bb\/"},"modified":"2026-03-23T13:00:26","modified_gmt":"2026-03-23T10:00:26","slug":"szafka-dolna-cargo-artisan-30-d-cargo-bb","status":"publish","type":"product","link":"https:\/\/baldumarket.lt\/lt\/product\/szafka-dolna-cargo-artisan-30-d-cargo-bb\/","title":{"rendered":"Artisan 30 D CARGO BB apatin\u0117 krovini\u0173 spintel\u0117"},"content":{"rendered":"<h5><span style=\"color: #54859b\">Apsilankykite m\u016bs\u0173 virtualioje Stolarz-Lempert prek\u0117s \u017eenklo parduotuv\u0117je<\/span><\/h5>\n<p> <a href=\"http:\/\/spacer.lempert.pl\/\" target=\"_blank\" rel=\"noopener\"><span style=\"color: #e47025\">http:\/\/spacer.lempert.pl\/<\/span><\/a><\/p>\n<p>\u201eArtisan Kitchen\u201c \u2013 tai modern\u016bs ir \u012fdom\u016bs baldai, kurie tiks prie bet kokio interjero.<br \/>\nVirtuv\u0117je yra de\u0161imtys spinteli\u0173, i\u0161 kuri\u0173 galite susikurti savo komplekt\u0105.<br \/>\nPaprastos formos \u2013 puikus pasirinkimas moderniai virtuvei.<br \/>\n\u012e rinkin\u012f \u012feina:<br \/>\nAuk\u0161tos kokyb\u0117s MDF fasadai<br \/>\nErdvios spintel\u0117s<br \/>\nPlastikin\u0117s rankenos<br \/>\n2,8 cm arba 3,8 cm storio stalvir\u0161is, pagamintas naudojant pokalimo technologij\u0105, su ergonomi\u0161kai i\u0161lenktu priekiu (neb\u016btina)<br \/>\nKorpusas ir priekis: Artisan Oak<br \/>\n128 mm rankena: plastikas<br \/>\nNuotraukoje parodytas stalvir\u0161is: 28 mm \u0161viesus nubieti\u0161kas<br \/>\n\u201eArtisan 30 D CARGO BB\u201c apatin\u0117 krovinin\u0117 spintel\u0117 \u2013 be stalvir\u0161io \u2013 spalva, kaip parodyta \u201eArtisan Oak\u201c nuotraukoje.<\/p>","protected":false},"excerpt":{"rendered":"<p>Plotis [cm]: 30<br \/>\ngylis [cm]: 52<br \/>\nGylis be vir\u0161utinio pavir\u0161iaus [cm]: 60<br \/>\nPlotis [cm]: 30<br \/>\nAuk\u0161tis be vir\u0161utinio vir\u0161utinio sluoksnio [cm]: 82<br \/>\nAuk\u0161tis su stalvir\u0161iu [cm]: 85,8<\/p>","protected":false},"featured_media":308963,"comment_status":"open","ping_status":"open","template":"","meta":[],"product_brand":[],"product_cat":[9234,9118],"product_tag":[],"class_list":{"0":"post-308962","1":"product","2":"type-product","3":"status-publish","4":"has-post-thumbnail","6":"product_cat-stolarz-lempert","7":"product_cat-kitchen-cabinets","9":"first","10":"instock","11":"purchasable","12":"product-type-simple"},"_links":{"self":[{"href":"https:\/\/baldumarket.lt\/lt\/wp-json\/wp\/v2\/product\/308962","targetHints":{"allow":["GET"]}}],"collection":[{"href":"https:\/\/baldumarket.lt\/lt\/wp-json\/wp\/v2\/product"}],"about":[{"href":"https:\/\/baldumarket.lt\/lt\/wp-json\/wp\/v2\/types\/product"}],"replies":[{"embeddable":true,"href":"https:\/\/baldumarket.lt\/lt\/wp-json\/wp\/v2\/comments?post=308962"}],"wp:featuredmedia":[{"embeddable":true,"href":"https:\/\/baldumarket.lt\/lt\/wp-json\/wp\/v2\/media\/308963"}],"wp:attachment":[{"href":"https:\/\/baldumarket.lt\/lt\/wp-json\/wp\/v2\/media?parent=308962"}],"wp:term":[{"taxonomy":"product_brand","embeddable":true,"href":"https:\/\/baldumarket.lt\/lt\/wp-json\/wp\/v2\/product_brand?post=308962"},{"taxonomy":"product_cat","embeddable":true,"href":"https:\/\/baldumarket.lt\/lt\/wp-json\/wp\/v2\/product_cat?post=308962"},{"taxonomy":"product_tag","embeddable":true,"href":"https:\/\/baldumarket.lt\/lt\/wp-json\/wp\/v2\/product_tag?post=308962"}],"curies":[{"name":"wp","href":"https:\/\/api.w.org\/{rel}","templated":true}]}}