{"id":308826,"date":"2026-01-16T07:11:29","date_gmt":"2026-01-16T04:11:29","guid":{"rendered":"https:\/\/baldumarket.lt\/product\/szafka-gorna-witryna-sonia-80-gs-60\/"},"modified":"2026-03-23T13:00:26","modified_gmt":"2026-03-23T10:00:26","slug":"szafka-gorna-witryna-sonia-80-gs-60","status":"publish","type":"product","link":"https:\/\/baldumarket.lt\/lt\/product\/szafka-gorna-witryna-sonia-80-gs-60\/","title":{"rendered":"Vir\u0161utin\u0117s spintel\u0117s vitrina Sonia 80 GS-60"},"content":{"rendered":"<h5><span style=\"color: #54859b\">Apsilankykite m\u016bs\u0173 virtualioje Stolarz-Lempert prek\u0117s \u017eenklo parduotuv\u0117je<\/span><\/h5>\n<p> <a href=\"http:\/\/spacer.lempert.pl\/\" target=\"_blank\" rel=\"noopener\"><span style=\"color: #e47025\">http:\/\/spacer.lempert.pl\/<\/span><\/a><\/p>\n<p>\u201eSonia\u201c vir\u0161utin\u0117 spintel\u0117: b\u016bdas pa\u012fvairinti savo virtuv\u0117s sistem\u0105<br \/>\nM\u016bs\u0173 si\u016blomas spintel\u0117 yra i\u0161 plataus virtuv\u0117s ir valgomojo bald\u0173 komplekt\u0173 asortimento, leid\u017eian\u010dio susikurti savo, individualius baldus pagal j\u016bs\u0173 galimybes, skon\u012f ir pageidavimus. Vienas i\u0161 toki\u0173 \u2013 modernus \u201eSonia\u201c komplektas, pasi\u017eymintis daugybe \u012fdomi\u0173 form\u0173 ir modeli\u0173. Vir\u0161utin\u0117 spintel\u0117 \u201eSonia\u201c yra universalus pasirinkimas, b\u016btinas kuriant prakti\u0161k\u0105 virtuv\u0117s spinteli\u0173 sistem\u0105. Ji pasi\u017eymi stikline vitrina, kuri i\u0161skirs j\u0105 i\u0161 kit\u0173. Vir\u0161utin\u0117 spintel\u0117 \u201eSonia\u201c suteiks j\u016bs\u0173 virtuvei eleganti\u0161ko charakterio, gra\u017eiai pademonstruodama jos interjer\u0105. Ji leis pa\u012fvairinti j\u016bs\u0173 virtuv\u0117s sistem\u0105, puikiai der\u0117dama prie kit\u0173 to paties stiliaus bald\u0173. \u0160is prie sienos tvirtinamas modelis leid\u017eia greitai ir lengvai j\u012f surinkti. Vir\u0161utin\u0117 spintel\u0117 \u201eSonia\u201c yra madingo pilkos spalvos atspalvio su moderniu blizgesio efektu, papildan\u010dio paprast\u0173, minimalistini\u0173 ir eleganti\u0161k\u0173 virtuvi\u0173 atmosfer\u0105. Ji suteiks spalv\u0173 prisilietim\u0105, i\u0161laikydama prabang\u0173, unikal\u0173 stili\u0173. Komplekt\u0105 sudaro:<br \/>\nauk\u0161tos kokyb\u0117s fasadai i\u0161 laminuotos plok\u0161t\u0117s<br \/>\nerdvios spintel\u0117s<br \/>\nplastikin\u0117s rankenos<br \/>\n2,8 cm arba 3,8 cm storio stalvir\u0161iai, pagaminti naudojant postformavimo technologij\u0105, su ergonomi\u0161kai u\u017eapvalinta priekine dalimi (neb\u016btina)<br \/>\nVirtuv\u0117s spalvos:<br \/>\nPriekin\u0117s dalys: blizgi pilka<br \/>\nKorpusas: baltas<br \/>\nRankena 96: 1.162 M03 plastikas<br \/>\nVir\u0161utin\u0117 vitrina \u201eSonia 80 GS-60\u201c.<\/p>","protected":false},"excerpt":{"rendered":"<p>Auk\u0161tis [cm]: 60<br \/>\nGylis [cm]: 31<br \/>\nPlotis [cm]: 80<br \/>\nAuk\u0161tis [cm]: 60<\/p>","protected":false},"featured_media":308827,"comment_status":"open","ping_status":"open","template":"","meta":[],"product_brand":[],"product_cat":[9234,9118],"product_tag":[],"class_list":{"0":"post-308826","1":"product","2":"type-product","3":"status-publish","4":"has-post-thumbnail","6":"product_cat-stolarz-lempert","7":"product_cat-kitchen-cabinets","9":"first","10":"instock","11":"purchasable","12":"product-type-simple"},"_links":{"self":[{"href":"https:\/\/baldumarket.lt\/lt\/wp-json\/wp\/v2\/product\/308826","targetHints":{"allow":["GET"]}}],"collection":[{"href":"https:\/\/baldumarket.lt\/lt\/wp-json\/wp\/v2\/product"}],"about":[{"href":"https:\/\/baldumarket.lt\/lt\/wp-json\/wp\/v2\/types\/product"}],"replies":[{"embeddable":true,"href":"https:\/\/baldumarket.lt\/lt\/wp-json\/wp\/v2\/comments?post=308826"}],"wp:featuredmedia":[{"embeddable":true,"href":"https:\/\/baldumarket.lt\/lt\/wp-json\/wp\/v2\/media\/308827"}],"wp:attachment":[{"href":"https:\/\/baldumarket.lt\/lt\/wp-json\/wp\/v2\/media?parent=308826"}],"wp:term":[{"taxonomy":"product_brand","embeddable":true,"href":"https:\/\/baldumarket.lt\/lt\/wp-json\/wp\/v2\/product_brand?post=308826"},{"taxonomy":"product_cat","embeddable":true,"href":"https:\/\/baldumarket.lt\/lt\/wp-json\/wp\/v2\/product_cat?post=308826"},{"taxonomy":"product_tag","embeddable":true,"href":"https:\/\/baldumarket.lt\/lt\/wp-json\/wp\/v2\/product_tag?post=308826"}],"curies":[{"name":"wp","href":"https:\/\/api.w.org\/{rel}","templated":true}]}}