{"id":308814,"date":"2026-01-16T07:11:19","date_gmt":"2026-01-16T04:11:19","guid":{"rendered":"https:\/\/baldumarket.lt\/product\/szafka-dolna-narozna-sonia-89x89-dn-1f-bb\/"},"modified":"2026-03-23T13:00:26","modified_gmt":"2026-03-23T10:00:26","slug":"szafka-dolna-narozna-sonia-89x89-dn-1f-bb","status":"publish","type":"product","link":"https:\/\/baldumarket.lt\/lt\/product\/szafka-dolna-narozna-sonia-89x89-dn-1f-bb\/","title":{"rendered":"Sonia apatin\u0117 kampin\u0117 spintel\u0117 89\u00d789 DN 1F BB"},"content":{"rendered":"<h5><span style=\"color: #54859b\">Apsilankykite m\u016bs\u0173 virtualioje Stolarz-Lempert prek\u0117s \u017eenklo parduotuv\u0117je<\/span><\/h5>\n<p> <a href=\"http:\/\/spacer.lempert.pl\/\" target=\"_blank\" rel=\"noopener\"><span style=\"color: #e47025\">http:\/\/spacer.lempert.pl\/<\/span><\/a><\/p>\n<p>\u201eSonia\u201c virtuv\u0117 \u2013 tai modernus ir \u012fdomus bald\u0173 komplektas \u2013 virtuv\u0117s baldai tiks bet kokiam interjerui. D\u0117l stiklin\u0117s vitrinos ji suteiks kambariui tinkam\u0105 dekoratyvin\u012f akcent\u0105, suteikdama jam subtili\u0105 ir \u012fdomi\u0105 i\u0161vaizd\u0105. Tvirtos rankenos suteikia charakterio ir palengvina prieig\u0105 prie viduje laikom\u0173 produkt\u0173.<br \/>\nPaprastos formos \u2013 puikus pasirinkimas moderniai virtuvei.<br \/>\n\u012e rinkin\u012f \u012feina:<br \/>\nAuk\u0161tos kokyb\u0117s fasadai pagaminti i\u0161 laminuotos plok\u0161t\u0117s<br \/>\nErdvios spintel\u0117s<br \/>\nPlastikin\u0117s rankenos<br \/>\n2,8 cm arba 3,8 cm storio stalvir\u0161is, pagamintas naudojant pokalimo technologij\u0105, su ergonomi\u0161kai i\u0161lenktu priekiu (neb\u016btina)<br \/>\nVirtuv\u0117s spalvos:<br \/>\nPriekin\u0117s dalys: blizgi pilka<br \/>\nKorpusas: baltas<br \/>\nRankena 96: 1.162 M03 plastikas<br \/>\nSonia 89\u00d789 DN 1F BB kampin\u0117 apatin\u0117 spintel\u0117 \u2013 be stalvir\u0161io.<br \/>\n\u0160i universali spintel\u0117 gali b\u016bti montuojama de\u0161in\u0117je arba kair\u0117je pus\u0117je.<\/p>","protected":false},"excerpt":{"rendered":"<p>Plotis [cm]: 83\/83<br \/>\nGylis be vir\u0161utinio sluoksnio [cm]: 48<br \/>\nGylis su stalvir\u0161iu [cm]: 60<br \/>\nPlotis [cm]: 83\/83<br \/>\nAuk\u0161tis be vir\u0161utinio vir\u0161utinio sluoksnio [cm]: 82<br \/>\nAuk\u0161tis su stalvir\u0161iu [cm]: 85,8<\/p>","protected":false},"featured_media":308815,"comment_status":"open","ping_status":"open","template":"","meta":[],"product_brand":[],"product_cat":[9234,9118],"product_tag":[],"class_list":{"0":"post-308814","1":"product","2":"type-product","3":"status-publish","4":"has-post-thumbnail","6":"product_cat-stolarz-lempert","7":"product_cat-kitchen-cabinets","9":"first","10":"instock","11":"purchasable","12":"product-type-simple"},"_links":{"self":[{"href":"https:\/\/baldumarket.lt\/lt\/wp-json\/wp\/v2\/product\/308814","targetHints":{"allow":["GET"]}}],"collection":[{"href":"https:\/\/baldumarket.lt\/lt\/wp-json\/wp\/v2\/product"}],"about":[{"href":"https:\/\/baldumarket.lt\/lt\/wp-json\/wp\/v2\/types\/product"}],"replies":[{"embeddable":true,"href":"https:\/\/baldumarket.lt\/lt\/wp-json\/wp\/v2\/comments?post=308814"}],"wp:featuredmedia":[{"embeddable":true,"href":"https:\/\/baldumarket.lt\/lt\/wp-json\/wp\/v2\/media\/308815"}],"wp:attachment":[{"href":"https:\/\/baldumarket.lt\/lt\/wp-json\/wp\/v2\/media?parent=308814"}],"wp:term":[{"taxonomy":"product_brand","embeddable":true,"href":"https:\/\/baldumarket.lt\/lt\/wp-json\/wp\/v2\/product_brand?post=308814"},{"taxonomy":"product_cat","embeddable":true,"href":"https:\/\/baldumarket.lt\/lt\/wp-json\/wp\/v2\/product_cat?post=308814"},{"taxonomy":"product_tag","embeddable":true,"href":"https:\/\/baldumarket.lt\/lt\/wp-json\/wp\/v2\/product_tag?post=308814"}],"curies":[{"name":"wp","href":"https:\/\/api.w.org\/{rel}","templated":true}]}}