{"id":30877,"date":"2025-11-14T20:51:25","date_gmt":"2025-11-14T17:51:25","guid":{"rendered":"https:\/\/baldumarket.lt\/product\/flamnate-30x475x25cm\/"},"modified":"2026-03-24T18:17:32","modified_gmt":"2026-03-24T15:17:32","slug":"flamnate-30x475x25cm","status":"publish","type":"product","link":"https:\/\/baldumarket.lt\/lt\/product\/flamnate-30x475x25cm\/","title":{"rendered":"Flamnatas, 30 \u00d7 47,5 \u00d7 2,5 cm"},"content":{"rendered":"<p>Laisvai pastatomas \u201eFlamnate\u201c veidrodis, kurio matmenys 30 \u00d7 47,5 \u00d7 2,5 cm, yra baltos spalvos ir apr\u016bpintas LED ap\u0161vietimu, u\u017etikrinan\u010diu tolyg\u0173 ap\u0161vietim\u0105 aplink veidrod\u012f. D\u0117l laisvai pastatomo dizaino veidrod\u012f nereikia tvirtinti prie sienos ir jis lengvai perkeliamas po kambar\u012f. Lengvas, vos 5,12 kg sveriantis, veidrodis yra mobilus ir lengvai perne\u0161amas. \u0160is eleganti\u0161kas ir prakti\u0161kas veidrodis gali b\u016bti naudojamas miegamajame, vonios kambaryje ar koridoriuje, suteikdamas interjerui ir funkcionalumo, ir estetinio patrauklumo. Veidrodis maitinamas 12 V, 1 A maitinimo \u0161altiniu.<\/p>","protected":false},"excerpt":{"rendered":"<p>Laisvai pastatomas \u201eFlamnate\u201c veidrodis, kurio matmenys 30 \u00d7 47,5 \u00d7 2,5 cm, yra baltos spalvos ir apr\u016bpintas LED ap\u0161vietimu, u\u017etikrinan\u010diu tolyg\u0173 ap\u0161vietim\u0105 aplink veidrod\u012f. D\u0117l laisvai pastatomo dizaino veidrod\u012f nereikia tvirtinti prie sienos ir jis lengvai perkeliamas po kambar\u012f. D\u0117l lengvo svorio (5,12 kg) j\u012f patogu ne\u0161iotis ir ne\u0161iotis. \u0160is eleganti\u0161kas ir [\u2026]<\/p>","protected":false},"featured_media":30878,"comment_status":"open","ping_status":"open","template":"","meta":[],"product_brand":[],"product_cat":[2012,9165,1234],"product_tag":[],"class_list":{"0":"post-30877","1":"product","2":"type-product","3":"status-publish","4":"has-post-thumbnail","6":"product_cat-eltap","7":"product_cat-lustra-eltap","8":"product_cat-mirrors-with-lighting","10":"first","11":"instock","12":"purchasable","13":"product-type-simple"},"_links":{"self":[{"href":"https:\/\/baldumarket.lt\/lt\/wp-json\/wp\/v2\/product\/30877","targetHints":{"allow":["GET"]}}],"collection":[{"href":"https:\/\/baldumarket.lt\/lt\/wp-json\/wp\/v2\/product"}],"about":[{"href":"https:\/\/baldumarket.lt\/lt\/wp-json\/wp\/v2\/types\/product"}],"replies":[{"embeddable":true,"href":"https:\/\/baldumarket.lt\/lt\/wp-json\/wp\/v2\/comments?post=30877"}],"wp:featuredmedia":[{"embeddable":true,"href":"https:\/\/baldumarket.lt\/lt\/wp-json\/wp\/v2\/media\/30878"}],"wp:attachment":[{"href":"https:\/\/baldumarket.lt\/lt\/wp-json\/wp\/v2\/media?parent=30877"}],"wp:term":[{"taxonomy":"product_brand","embeddable":true,"href":"https:\/\/baldumarket.lt\/lt\/wp-json\/wp\/v2\/product_brand?post=30877"},{"taxonomy":"product_cat","embeddable":true,"href":"https:\/\/baldumarket.lt\/lt\/wp-json\/wp\/v2\/product_cat?post=30877"},{"taxonomy":"product_tag","embeddable":true,"href":"https:\/\/baldumarket.lt\/lt\/wp-json\/wp\/v2\/product_tag?post=30877"}],"curies":[{"name":"wp","href":"https:\/\/api.w.org\/{rel}","templated":true}]}}