{"id":30852,"date":"2025-11-14T20:50:47","date_gmt":"2025-11-14T17:50:47","guid":{"rendered":"https:\/\/baldumarket.lt\/product\/arducati-a-50x100x25cm\/"},"modified":"2026-03-24T18:17:32","modified_gmt":"2026-03-24T15:17:32","slug":"arducati-a-50x100x25cm","status":"publish","type":"product","link":"https:\/\/baldumarket.lt\/lt\/product\/arducati-a-50x100x25cm\/","title":{"rendered":"Arducati A, 50x100x2,5 cm"},"content":{"rendered":"<p>\u201eArducati A\u201c \u2013 ovalo formos veidrodis, kurio matmenys \u2013 50 x 100 cm, o storis \u2013 2,5 cm. Jis yra baltos spalvos, tod\u0117l atrodo universaliai ir moderniai, dera prie daugelio interjer\u0173. Veidrodis apr\u016bpintas IP45 apsaugos klas\u0117s LED ap\u0161vietimu, u\u017etikrinan\u010diu tolyg\u0173, energij\u0105 taupant\u012f ap\u0161vietim\u0105, puikiai tinkant\u012f kasdieniam naudojimui ir pasiruo\u0161imui vakar\u0117liui. \u012emontuoti kabliukai leid\u017eia lengvai ir patogiai pritvirtinti veidrod\u012f. Tvirta konstrukcija u\u017etikrina jo patvarum\u0105 ir stabilum\u0105, tod\u0117l idealiai tinka kasdieniam naudojimui vonios kambaryje, miegamajame ar koridoriuje.<\/p>","protected":false},"excerpt":{"rendered":"<p>\u201eArducati A\u201c yra ovalo formos veidrodis, kurio matmenys \u2013 50 x 100 cm, o storis \u2013 2,5 cm. Jis yra baltos spalvos, tod\u0117l atrodo universaliai ir moderniai, dera prie daugelio interjer\u0173. Jame \u012frengtas IP45 klas\u0117s LED ap\u0161vietimas, u\u017etikrinantis tolyg\u0173, energij\u0105 taupant\u012f ap\u0161vietim\u0105, puikiai tinkant\u012f kasdieniam naudojimui ir pasiruo\u0161imui vakar\u0117liui. \u012emontuoti kabliukai leid\u017eia veidrod\u012f pritvirtinti [\u2026]<\/p>","protected":false},"featured_media":30853,"comment_status":"open","ping_status":"open","template":"","meta":[],"product_brand":[],"product_cat":[2012,9165,1234],"product_tag":[],"class_list":{"0":"post-30852","1":"product","2":"type-product","3":"status-publish","4":"has-post-thumbnail","6":"product_cat-eltap","7":"product_cat-lustra-eltap","8":"product_cat-mirrors-with-lighting","10":"first","11":"instock","12":"purchasable","13":"product-type-simple"},"_links":{"self":[{"href":"https:\/\/baldumarket.lt\/lt\/wp-json\/wp\/v2\/product\/30852","targetHints":{"allow":["GET"]}}],"collection":[{"href":"https:\/\/baldumarket.lt\/lt\/wp-json\/wp\/v2\/product"}],"about":[{"href":"https:\/\/baldumarket.lt\/lt\/wp-json\/wp\/v2\/types\/product"}],"replies":[{"embeddable":true,"href":"https:\/\/baldumarket.lt\/lt\/wp-json\/wp\/v2\/comments?post=30852"}],"wp:featuredmedia":[{"embeddable":true,"href":"https:\/\/baldumarket.lt\/lt\/wp-json\/wp\/v2\/media\/30853"}],"wp:attachment":[{"href":"https:\/\/baldumarket.lt\/lt\/wp-json\/wp\/v2\/media?parent=30852"}],"wp:term":[{"taxonomy":"product_brand","embeddable":true,"href":"https:\/\/baldumarket.lt\/lt\/wp-json\/wp\/v2\/product_brand?post=30852"},{"taxonomy":"product_cat","embeddable":true,"href":"https:\/\/baldumarket.lt\/lt\/wp-json\/wp\/v2\/product_cat?post=30852"},{"taxonomy":"product_tag","embeddable":true,"href":"https:\/\/baldumarket.lt\/lt\/wp-json\/wp\/v2\/product_tag?post=30852"}],"curies":[{"name":"wp","href":"https:\/\/api.w.org\/{rel}","templated":true}]}}