{"id":308502,"date":"2026-01-16T07:07:13","date_gmt":"2026-01-16T04:07:13","guid":{"rendered":"https:\/\/baldumarket.lt\/product\/szafka-dolna-vigo-15-d-cargo-bb-2\/"},"modified":"2026-04-23T19:06:09","modified_gmt":"2026-04-23T16:06:09","slug":"szafka-dolna-vigo-15-d-cargo-bb-2","status":"publish","type":"product","link":"https:\/\/baldumarket.lt\/lt\/product\/szafka-dolna-vigo-15-d-cargo-bb-2\/","title":{"rendered":"Vigo 15 D CARGO BB apatin\u0117 spintel\u0117"},"content":{"rendered":"<h5><span style=\"color: #54859b\">Apsilankykite m\u016bs\u0173 virtualioje Stolarz-Lempert prek\u0117s \u017eenklo parduotuv\u0117je<\/span><\/h5>\n<p> <a href=\"http:\/\/spacer.lempert.pl\/\" target=\"_blank\" rel=\"noopener\"><span style=\"color: #e47025\">http:\/\/spacer.lempert.pl\/<\/span><\/a><\/p>\n<p>\u201eVigo\u201c virtuv\u0117 \u2013 tai labai prakti\u0161k\u0173 ir gra\u017ei\u0173 bald\u0173 komplektas. Sistem\u0105 sudaro de\u0161imtys spinteli\u0173 \u2013 skandinavi\u0161ko stiliaus virtuv\u0117s baldai. Spinteli\u0173 fasadai yra tvirti. Stalvir\u0161iai ir r\u0117mai sudaro viening\u0105 spalv\u0173 gam\u0105. Tvirtos rankenos suteikia baldams charakterio ir palengvina prieig\u0105 prie viduje laikom\u0173 produkt\u0173. Jos puikiai papildo vis\u0105 komplekt\u0105.<br \/>\nRy\u0161ki spalv\u0173 gama ir ne\u012fkyrus komplekto dekoratyvumas suteiks interjerui \u017eaving\u0105 atmosfer\u0105 ir unikali\u0105 elegancij\u0105.<br \/>\nSpintel\u0117s turi \u0161velnaus u\u017edarymo sistem\u0105, o spintel\u0117s spalv\u0173 pasirinkimas nurodytas nuotraukoje.<br \/>\nSpalvos:<br \/>\nFasadai: MDF balta, poliruota, PVC balta, poliruota<br \/>\nKorpusas: Lancelot \u0105\u017euolas<br \/>\nRankena: 192-UM849P2 metalin\u0117 juoda<br \/>\nPavaizduotas stalvir\u0161is: 28 mm \u201eLancelot Oak\u201c<br \/>\nVigo apatin\u0117 spintel\u0117, vienguba priekin\u0117 dalis, 15 D CARGO BB \u2013 spintel\u0117 be stalvir\u0161io. Spalvos kaip nuotraukoje \u2013 visa spintel\u0117 pagaminta i\u0161 \u0105\u017euolo \u201eLancelot\u201c.<\/p>","protected":false},"excerpt":{"rendered":"<p>Plotis [cm]: 15<br \/>\nGylis be vir\u0161utinio sluoksnio [cm]: 52<br \/>\nGylis su stalvir\u0161iu [cm]: 60<br \/>\nPlotis [cm]: 15<br \/>\nAuk\u0161tis be vir\u0161utinio vir\u0161utinio sluoksnio [cm]: 82<\/p>","protected":false},"featured_media":307071,"comment_status":"open","ping_status":"open","template":"","meta":[],"product_brand":[],"product_cat":[9234,9118],"product_tag":[],"class_list":{"0":"post-308502","1":"product","2":"type-product","3":"status-publish","4":"has-post-thumbnail","6":"product_cat-stolarz-lempert","7":"product_cat-kitchen-cabinets","9":"first","10":"instock","11":"purchasable","12":"product-type-simple"},"_links":{"self":[{"href":"https:\/\/baldumarket.lt\/lt\/wp-json\/wp\/v2\/product\/308502","targetHints":{"allow":["GET"]}}],"collection":[{"href":"https:\/\/baldumarket.lt\/lt\/wp-json\/wp\/v2\/product"}],"about":[{"href":"https:\/\/baldumarket.lt\/lt\/wp-json\/wp\/v2\/types\/product"}],"replies":[{"embeddable":true,"href":"https:\/\/baldumarket.lt\/lt\/wp-json\/wp\/v2\/comments?post=308502"}],"wp:featuredmedia":[{"embeddable":true,"href":"https:\/\/baldumarket.lt\/lt\/wp-json\/wp\/v2\/media\/307071"}],"wp:attachment":[{"href":"https:\/\/baldumarket.lt\/lt\/wp-json\/wp\/v2\/media?parent=308502"}],"wp:term":[{"taxonomy":"product_brand","embeddable":true,"href":"https:\/\/baldumarket.lt\/lt\/wp-json\/wp\/v2\/product_brand?post=308502"},{"taxonomy":"product_cat","embeddable":true,"href":"https:\/\/baldumarket.lt\/lt\/wp-json\/wp\/v2\/product_cat?post=308502"},{"taxonomy":"product_tag","embeddable":true,"href":"https:\/\/baldumarket.lt\/lt\/wp-json\/wp\/v2\/product_tag?post=308502"}],"curies":[{"name":"wp","href":"https:\/\/api.w.org\/{rel}","templated":true}]}}