{"id":30845,"date":"2025-11-14T20:50:35","date_gmt":"2025-11-14T17:50:35","guid":{"rendered":"https:\/\/baldumarket.lt\/product\/arducati-50x100x25cm\/"},"modified":"2026-03-24T18:17:32","modified_gmt":"2026-03-24T15:17:32","slug":"arducati-50x100x25cm","status":"publish","type":"product","link":"https:\/\/baldumarket.lt\/lt\/product\/arducati-50x100x25cm\/","title":{"rendered":"Arducati, 50x100x2,5 cm"},"content":{"rendered":"<p>\u201eArducati\u201c \u2013 ovalo formos veidrodis, kurio matmenys \u2013 50 x 100 cm, o storis \u2013 2,5 cm. Jis yra baltos spalvos, tod\u0117l atrodo universaliai ir moderniai, dera prie daugelio interjer\u0173. I\u0161 anksto sumontuoti kabliukai leid\u017eia lengvai ir patogiai pritvirtinti veidrod\u012f. Tvirta konstrukcija u\u017etikrina jo patvarum\u0105 ir stabilum\u0105, tod\u0117l idealiai tinka kasdieniam naudojimui vonios kambaryje, miegamajame ar koridoriuje.<\/p>","protected":false},"excerpt":{"rendered":"<p>\u201eArducati\u201c \u2013 ovalo formos veidrodis, kurio matmenys \u2013 50 x 100 cm, o storis \u2013 2,5 cm. Jis yra baltos spalvos, tod\u0117l atrodo universaliai ir moderniai, dera prie daugelio interjer\u0173. I\u0161 anksto sumontuoti kabliukai leid\u017eia lengvai ir patogiai pritvirtinti veidrod\u012f. Tvirta konstrukcija u\u017etikrina jo patvarum\u0105 ir stabilum\u0105, tod\u0117l idealiai tinka kasdieniam naudojimui vonios kambaryje, miegamajame ar koridoriuje.<\/p>","protected":false},"featured_media":30846,"comment_status":"open","ping_status":"open","template":"","meta":[],"product_brand":[],"product_cat":[2012,9165,1108],"product_tag":[],"class_list":{"0":"post-30845","1":"product","2":"type-product","3":"status-publish","4":"has-post-thumbnail","6":"product_cat-eltap","7":"product_cat-lustra-eltap","8":"product_cat-mirrors","10":"first","11":"instock","12":"purchasable","13":"product-type-simple"},"_links":{"self":[{"href":"https:\/\/baldumarket.lt\/lt\/wp-json\/wp\/v2\/product\/30845","targetHints":{"allow":["GET"]}}],"collection":[{"href":"https:\/\/baldumarket.lt\/lt\/wp-json\/wp\/v2\/product"}],"about":[{"href":"https:\/\/baldumarket.lt\/lt\/wp-json\/wp\/v2\/types\/product"}],"replies":[{"embeddable":true,"href":"https:\/\/baldumarket.lt\/lt\/wp-json\/wp\/v2\/comments?post=30845"}],"wp:featuredmedia":[{"embeddable":true,"href":"https:\/\/baldumarket.lt\/lt\/wp-json\/wp\/v2\/media\/30846"}],"wp:attachment":[{"href":"https:\/\/baldumarket.lt\/lt\/wp-json\/wp\/v2\/media?parent=30845"}],"wp:term":[{"taxonomy":"product_brand","embeddable":true,"href":"https:\/\/baldumarket.lt\/lt\/wp-json\/wp\/v2\/product_brand?post=30845"},{"taxonomy":"product_cat","embeddable":true,"href":"https:\/\/baldumarket.lt\/lt\/wp-json\/wp\/v2\/product_cat?post=30845"},{"taxonomy":"product_tag","embeddable":true,"href":"https:\/\/baldumarket.lt\/lt\/wp-json\/wp\/v2\/product_tag?post=30845"}],"curies":[{"name":"wp","href":"https:\/\/api.w.org\/{rel}","templated":true}]}}